{"id":53124,"date":"2025-05-27T08:45:06","date_gmt":"2025-05-27T06:48:20","guid":{"rendered":"https:\/\/sundar.be\/product\/young-nails-nail-liquid\/"},"modified":"2025-05-27T08:48:20","modified_gmt":"2025-05-27T06:48:20","slug":"young-nails-nail-liquid","status":"publish","type":"product","link":"https:\/\/sundar.be\/fr\/produit\/young-nails-nail-liquid\/","title":{"rendered":"Young Nails Nail Liquid"},"content":{"rendered":"<p>Liquide acrylique \u00e0 utiliser avec les poudres acryliques Core ou Speed de Young Nails. Facile \u00e0 travailler et assure une excellente adh\u00e9rence. Faiblement odorant et peu allerg\u00e8ne. Offre un r\u00e9sultat final flexible mais solide. Ne contient ni MMA ni HEMA.    <\/p>\n","protected":false},"excerpt":{"rendered":"<p>Liquide acrylique \u00e0 utiliser avec les poudres acryliques Core ou Speed de Young Nails. Facile \u00e0 travailler et assure une excellente adh\u00e9rence. Faiblement odorant et peu allerg\u00e8ne. Offre un r\u00e9sultat final flexible mais solide. Ne contient ni MMA ni HEMA.<\/p>\n","protected":false},"featured_media":53123,"comment_status":"open","ping_status":"closed","template":"","meta":{"_acf_changed":false},"product_brand":[],"product_cat":[4761,5802],"product_tag":[],"class_list":{"0":"post-53124","1":"product","2":"type-product","3":"status-publish","4":"has-post-thumbnail","6":"product_cat-pose-ongles","7":"product_cat-stylisme-ongulaire-marque","8":"pa_inhoud-177-ml-fr","9":"pa_inhoud-946ml-fr","11":"first","12":"instock","13":"taxable","14":"shipping-taxable","15":"product-type-variable"},"acf":[],"_links":{"self":[{"href":"https:\/\/sundar.be\/fr\/wp-json\/wp\/v2\/product\/53124","targetHints":{"allow":["GET"]}}],"collection":[{"href":"https:\/\/sundar.be\/fr\/wp-json\/wp\/v2\/product"}],"about":[{"href":"https:\/\/sundar.be\/fr\/wp-json\/wp\/v2\/types\/product"}],"replies":[{"embeddable":true,"href":"https:\/\/sundar.be\/fr\/wp-json\/wp\/v2\/comments?post=53124"}],"wp:featuredmedia":[{"embeddable":true,"href":"https:\/\/sundar.be\/fr\/wp-json\/wp\/v2\/media\/53123"}],"wp:attachment":[{"href":"https:\/\/sundar.be\/fr\/wp-json\/wp\/v2\/media?parent=53124"}],"wp:term":[{"taxonomy":"product_brand","embeddable":true,"href":"https:\/\/sundar.be\/fr\/wp-json\/wp\/v2\/product_brand?post=53124"},{"taxonomy":"product_cat","embeddable":true,"href":"https:\/\/sundar.be\/fr\/wp-json\/wp\/v2\/product_cat?post=53124"},{"taxonomy":"product_tag","embeddable":true,"href":"https:\/\/sundar.be\/fr\/wp-json\/wp\/v2\/product_tag?post=53124"}],"curies":[{"name":"wp","href":"https:\/\/api.w.org\/{rel}","templated":true}]}}