{"id":53100,"date":"2025-05-27T08:15:02","date_gmt":"2025-05-27T06:16:05","guid":{"rendered":"https:\/\/sundar.be\/product\/astonishing-table-mat\/"},"modified":"2025-05-27T08:16:05","modified_gmt":"2025-05-27T06:16:05","slug":"astonishing-table-mat","status":"publish","type":"product","link":"https:\/\/sundar.be\/fr\/produit\/astonishing-table-mat\/","title":{"rendered":"Astonishing Table Mat"},"content":{"rendered":"<p>Le Tapis de Table Astonishing est sp\u00e9cialement con\u00e7u pour celles et ceux qui souhaitent mettre en valeur leurs cr\u00e9ations ongulaires fra\u00eechement r\u00e9alis\u00e9es. Non seulement les ongles sont mis en avant, mais \u00e9galement la marque avec laquelle vous aimez travailler !<br \/>Placez les mains du mod\u00e8le ou les v\u00f4tres sur le tapis Astonishing, prenez une photo et partagez-la sur les r\u00e9seaux sociaux !  <\/p>\n<p><strong>Caract\u00e9ristiques &amp; Avantages :<\/strong><\/p>\n<ul>\n<li>Id\u00e9al comme fond pour prendre des photos de vos ongles<\/li>\n<li>Contribue \u00e0 promouvoir la marque Astonishing<\/li>\n<li>En plastique<\/li>\n<li>Dimensions: 29,5 x 21 cm<\/li>\n<li>\u00c9paisseur : 5 mm<\/li>\n<\/ul>\n","protected":false},"excerpt":{"rendered":"<p>Le Tapis de Table Astonishing est sp\u00e9cialement con\u00e7u pour celles et ceux qui souhaitent mettre en valeur leurs cr\u00e9ations ongulaires fra\u00eechement r\u00e9alis\u00e9es. Non seulement les ongles sont mis en avant, mais \u00e9galement la marque avec laquelle vous aimez travailler !Placez les mains du mod\u00e8le ou les v\u00f4tres sur le tapis Astonishing, prenez une photo et [&hellip;]<\/p>\n","protected":false},"featured_media":53097,"comment_status":"open","ping_status":"closed","template":"","meta":{"_acf_changed":false},"product_brand":[],"product_cat":[5318,5349,4761,5802],"product_tag":[],"class_list":{"0":"post-53100","1":"product","2":"type-product","3":"status-publish","4":"has-post-thumbnail","6":"product_cat-astonishing-nails-fr","7":"product_cat-astonishing-nails-lampes-accessoires","8":"product_cat-pose-ongles","9":"product_cat-stylisme-ongulaire-marque","10":"pa_kleur-wit","11":"pa_kleur-zwart","13":"first","14":"instock","15":"taxable","16":"shipping-taxable","17":"product-type-variable"},"acf":[],"_links":{"self":[{"href":"https:\/\/sundar.be\/fr\/wp-json\/wp\/v2\/product\/53100","targetHints":{"allow":["GET"]}}],"collection":[{"href":"https:\/\/sundar.be\/fr\/wp-json\/wp\/v2\/product"}],"about":[{"href":"https:\/\/sundar.be\/fr\/wp-json\/wp\/v2\/types\/product"}],"replies":[{"embeddable":true,"href":"https:\/\/sundar.be\/fr\/wp-json\/wp\/v2\/comments?post=53100"}],"wp:featuredmedia":[{"embeddable":true,"href":"https:\/\/sundar.be\/fr\/wp-json\/wp\/v2\/media\/53097"}],"wp:attachment":[{"href":"https:\/\/sundar.be\/fr\/wp-json\/wp\/v2\/media?parent=53100"}],"wp:term":[{"taxonomy":"product_brand","embeddable":true,"href":"https:\/\/sundar.be\/fr\/wp-json\/wp\/v2\/product_brand?post=53100"},{"taxonomy":"product_cat","embeddable":true,"href":"https:\/\/sundar.be\/fr\/wp-json\/wp\/v2\/product_cat?post=53100"},{"taxonomy":"product_tag","embeddable":true,"href":"https:\/\/sundar.be\/fr\/wp-json\/wp\/v2\/product_tag?post=53100"}],"curies":[{"name":"wp","href":"https:\/\/api.w.org\/{rel}","templated":true}]}}