{"id":53091,"date":"2025-05-27T08:10:10","date_gmt":"2025-05-27T06:11:47","guid":{"rendered":"https:\/\/sundar.be\/product\/astonishing-powerful-led-light\/"},"modified":"2025-05-27T08:11:47","modified_gmt":"2025-05-27T06:11:47","slug":"astonishing-powerful-led-light","status":"publish","type":"product","link":"https:\/\/sundar.be\/fr\/produit\/astonishing-powerful-led-light\/","title":{"rendered":"Astonishing Powerful LED Light"},"content":{"rendered":"<p>La puissante lampe UV\/LED Astonishing, avec son \u00e9l\u00e9gant fini nacr\u00e9, est con\u00e7ue pour polym\u00e9riser tous les types de gels, vernis semi-permanents, gels UV\/LED et autres produits n\u00e9cessitant une catalysation sous lumi\u00e8re UV\/LED. Son \u00e9cran digital affiche le temps de polym\u00e9risation restant, et le mode basse chaleur (Low Heat Mode) augmente progressivement la puissance pour minimiser l\u2019inconfort pendant le durcissement. <\/p>\n<p>La lampe UV\/LED Astonishing est parfaitement adapt\u00e9e \u00e0 un usage professionnel, en salon de beaut\u00e9, pour les soins de manucure comme de p\u00e9dicure. Gr\u00e2ce \u00e0 sa technologie Dual UV\/LED et \u00e0 ses LED uniform\u00e9ment r\u00e9parties, elle assure une exposition homog\u00e8ne de l\u2019ongle \u00e0 la lumi\u00e8re, garantissant un durcissement optimal pour les gels UV\/LED, gels hybrides et gels acryliques. <\/p>\n<ul>\n<li>4 minuteries : 10s, 30s, 60s, 90s + mode basse chaleur<\/li>\n<li>Mode Low Heat : mont\u00e9e en puissance progressive pour r\u00e9duire la sensation de br\u00fblure ou les plis du vernis<\/li>\n<li>Technologie Dual LED : combinaison de deux longueurs d\u2019onde (365 nm + 405 nm)<\/li>\n<li>\u00c9cran digital : indique le temps restant<\/li>\n<li>Capteur de mouvement : activation automatique d\u00e8s qu\u2019une main est ins\u00e9r\u00e9e<\/li>\n<li>Forme rectangulaire : permet d\u2019ins\u00e9rer toute la main en une fois<br \/>\nFond amovible : facile \u00e0 nettoyer, id\u00e9al pour les p\u00e9dicures<\/li>\n<li>36 LED haute performance : dur\u00e9e de vie de 50 000 heures \u2013 pas de remplacement n\u00e9cessaire  <\/li>\n<\/ul>\n","protected":false},"excerpt":{"rendered":"<p>La puissante lampe UV\/LED Astonishing, avec son \u00e9l\u00e9gant fini nacr\u00e9, est con\u00e7ue pour polym\u00e9riser tous les types de gels, vernis semi-permanents, gels UV\/LED et autres produits n\u00e9cessitant une catalysation sous lumi\u00e8re UV\/LED. Son \u00e9cran digital affiche le temps de polym\u00e9risation restant, et le mode basse chaleur (Low Heat Mode) augmente progressivement la puissance pour minimiser [&hellip;]<\/p>\n","protected":false},"featured_media":53090,"comment_status":"open","ping_status":"closed","template":"","meta":{"_acf_changed":false},"product_brand":[],"product_cat":[4945,4769,5318,5349,1629,4761,5802],"product_tag":[],"class_list":{"0":"post-53091","1":"product","2":"type-product","3":"status-publish","4":"has-post-thumbnail","6":"product_cat-amenagement-institut-webshop-fr","7":"product_cat-amenagement-appareils","8":"product_cat-astonishing-nails-fr","9":"product_cat-astonishing-nails-lampes-accessoires","10":"product_cat-lampes-led","11":"product_cat-pose-ongles","12":"product_cat-stylisme-ongulaire-marque","14":"first","15":"instock","16":"taxable","17":"shipping-taxable","18":"product-type-simple"},"acf":[],"_links":{"self":[{"href":"https:\/\/sundar.be\/fr\/wp-json\/wp\/v2\/product\/53091","targetHints":{"allow":["GET"]}}],"collection":[{"href":"https:\/\/sundar.be\/fr\/wp-json\/wp\/v2\/product"}],"about":[{"href":"https:\/\/sundar.be\/fr\/wp-json\/wp\/v2\/types\/product"}],"replies":[{"embeddable":true,"href":"https:\/\/sundar.be\/fr\/wp-json\/wp\/v2\/comments?post=53091"}],"wp:featuredmedia":[{"embeddable":true,"href":"https:\/\/sundar.be\/fr\/wp-json\/wp\/v2\/media\/53090"}],"wp:attachment":[{"href":"https:\/\/sundar.be\/fr\/wp-json\/wp\/v2\/media?parent=53091"}],"wp:term":[{"taxonomy":"product_brand","embeddable":true,"href":"https:\/\/sundar.be\/fr\/wp-json\/wp\/v2\/product_brand?post=53091"},{"taxonomy":"product_cat","embeddable":true,"href":"https:\/\/sundar.be\/fr\/wp-json\/wp\/v2\/product_cat?post=53091"},{"taxonomy":"product_tag","embeddable":true,"href":"https:\/\/sundar.be\/fr\/wp-json\/wp\/v2\/product_tag?post=53091"}],"curies":[{"name":"wp","href":"https:\/\/api.w.org\/{rel}","templated":true}]}}