{"id":53085,"date":"2025-05-27T08:06:36","date_gmt":"2025-05-27T06:07:08","guid":{"rendered":"https:\/\/sundar.be\/product\/sunshine-uv-led-lamp-36-watt\/"},"modified":"2025-05-27T08:07:08","modified_gmt":"2025-05-27T06:07:08","slug":"sunshine-uv-led-lamp-36-watt","status":"publish","type":"product","link":"https:\/\/sundar.be\/fr\/produit\/sunshine-uv-led-lamp-36-watt\/","title":{"rendered":"Sunshine UV\/LED Lamp 36 watt"},"content":{"rendered":"<p>La lampe UV\/LED Sunshine est \u00e9quip\u00e9e d\u2019un minuteur num\u00e9rique avec 3 r\u00e9glages diff\u00e9rents. D\u2019une puissance de 36 watts, elle dispose \u00e9galement d\u2019un variateur d\u2019intensit\u00e9.<br \/>\nLa Sunshine poss\u00e8de une plaque inf\u00e9rieure amovible fix\u00e9e par des aimants, ce qui permet de la retirer et la remettre facilement.<br \/>Elle est \u00e9galement dot\u00e9e d\u2019un capteur automatique : une fois allum\u00e9e, la lampe s\u2019active d\u00e8s qu\u2019une main est ins\u00e9r\u00e9e, et le minuteur num\u00e9rique commence \u00e0 d\u00e9compter imm\u00e9diatement.<br \/>En r\u00e9sum\u00e9, cette lampe offre un confort d\u2019utilisation optimal.    <\/p>\n","protected":false},"excerpt":{"rendered":"<p>La lampe UV\/LED Sunshine est \u00e9quip\u00e9e d\u2019un minuteur num\u00e9rique avec 3 r\u00e9glages diff\u00e9rents. D\u2019une puissance de 36 watts, elle dispose \u00e9galement d\u2019un variateur d\u2019intensit\u00e9. La Sunshine poss\u00e8de une plaque inf\u00e9rieure amovible fix\u00e9e par des aimants, ce qui permet de la retirer et la remettre facilement.Elle est \u00e9galement dot\u00e9e d\u2019un capteur automatique : une fois allum\u00e9e, [&hellip;]<\/p>\n","protected":false},"featured_media":53084,"comment_status":"open","ping_status":"closed","template":"","meta":{"_acf_changed":false},"product_brand":[],"product_cat":[4945,4769,1629],"product_tag":[],"class_list":{"0":"post-53085","1":"product","2":"type-product","3":"status-publish","4":"has-post-thumbnail","6":"product_cat-amenagement-institut-webshop-fr","7":"product_cat-amenagement-appareils","8":"product_cat-lampes-led","10":"first","11":"instock","12":"taxable","13":"shipping-taxable","14":"product-type-simple"},"acf":[],"_links":{"self":[{"href":"https:\/\/sundar.be\/fr\/wp-json\/wp\/v2\/product\/53085","targetHints":{"allow":["GET"]}}],"collection":[{"href":"https:\/\/sundar.be\/fr\/wp-json\/wp\/v2\/product"}],"about":[{"href":"https:\/\/sundar.be\/fr\/wp-json\/wp\/v2\/types\/product"}],"replies":[{"embeddable":true,"href":"https:\/\/sundar.be\/fr\/wp-json\/wp\/v2\/comments?post=53085"}],"wp:featuredmedia":[{"embeddable":true,"href":"https:\/\/sundar.be\/fr\/wp-json\/wp\/v2\/media\/53084"}],"wp:attachment":[{"href":"https:\/\/sundar.be\/fr\/wp-json\/wp\/v2\/media?parent=53085"}],"wp:term":[{"taxonomy":"product_brand","embeddable":true,"href":"https:\/\/sundar.be\/fr\/wp-json\/wp\/v2\/product_brand?post=53085"},{"taxonomy":"product_cat","embeddable":true,"href":"https:\/\/sundar.be\/fr\/wp-json\/wp\/v2\/product_cat?post=53085"},{"taxonomy":"product_tag","embeddable":true,"href":"https:\/\/sundar.be\/fr\/wp-json\/wp\/v2\/product_tag?post=53085"}],"curies":[{"name":"wp","href":"https:\/\/api.w.org\/{rel}","templated":true}]}}