{"id":53079,"date":"2025-05-27T08:04:21","date_gmt":"2025-05-27T06:05:01","guid":{"rendered":"https:\/\/sundar.be\/product\/lampe-led-uv-rechargeable\/"},"modified":"2025-05-27T08:05:01","modified_gmt":"2025-05-27T06:05:01","slug":"lampe-led-uv-rechargeable","status":"publish","type":"product","link":"https:\/\/sundar.be\/fr\/produit\/lampe-led-uv-rechargeable\/","title":{"rendered":"Lampe LED\/UV Rechargeable"},"content":{"rendered":"<p>Cette lampe UV LED portable et rechargeable est parfaitement adapt\u00e9e au travail mobile. Elle est \u00e9galement \u00e9quip\u00e9e d\u2019une poign\u00e9e, ce qui permet de la transporter facilement. Une fois compl\u00e8tement charg\u00e9e, elle offre une autonomie allant jusqu\u2019\u00e0 90 minutes. Le temps de charge est de 2 heures.<br \/>\nLa lampe de polym\u00e9risation dispose aussi de minuteries de 30, 60, 90 et 120 secondes.   <\/p>\n","protected":false},"excerpt":{"rendered":"<p>Cette lampe UV LED portable et rechargeable est parfaitement adapt\u00e9e au travail mobile. Elle est \u00e9galement \u00e9quip\u00e9e d\u2019une poign\u00e9e, ce qui permet de la transporter facilement. Une fois compl\u00e8tement charg\u00e9e, elle offre une autonomie allant jusqu\u2019\u00e0 90 minutes. Le temps de charge est de 2 heures. La lampe de polym\u00e9risation dispose aussi de minuteries de [&hellip;]<\/p>\n","protected":false},"featured_media":53078,"comment_status":"open","ping_status":"closed","template":"","meta":{"_acf_changed":false},"product_brand":[],"product_cat":[4945,4769,1629],"product_tag":[],"class_list":{"0":"post-53079","1":"product","2":"type-product","3":"status-publish","4":"has-post-thumbnail","6":"product_cat-amenagement-institut-webshop-fr","7":"product_cat-amenagement-appareils","8":"product_cat-lampes-led","10":"first","11":"instock","12":"taxable","13":"shipping-taxable","14":"product-type-simple"},"acf":[],"_links":{"self":[{"href":"https:\/\/sundar.be\/fr\/wp-json\/wp\/v2\/product\/53079","targetHints":{"allow":["GET"]}}],"collection":[{"href":"https:\/\/sundar.be\/fr\/wp-json\/wp\/v2\/product"}],"about":[{"href":"https:\/\/sundar.be\/fr\/wp-json\/wp\/v2\/types\/product"}],"replies":[{"embeddable":true,"href":"https:\/\/sundar.be\/fr\/wp-json\/wp\/v2\/comments?post=53079"}],"wp:featuredmedia":[{"embeddable":true,"href":"https:\/\/sundar.be\/fr\/wp-json\/wp\/v2\/media\/53078"}],"wp:attachment":[{"href":"https:\/\/sundar.be\/fr\/wp-json\/wp\/v2\/media?parent=53079"}],"wp:term":[{"taxonomy":"product_brand","embeddable":true,"href":"https:\/\/sundar.be\/fr\/wp-json\/wp\/v2\/product_brand?post=53079"},{"taxonomy":"product_cat","embeddable":true,"href":"https:\/\/sundar.be\/fr\/wp-json\/wp\/v2\/product_cat?post=53079"},{"taxonomy":"product_tag","embeddable":true,"href":"https:\/\/sundar.be\/fr\/wp-json\/wp\/v2\/product_tag?post=53079"}],"curies":[{"name":"wp","href":"https:\/\/api.w.org\/{rel}","templated":true}]}}