{"id":53075,"date":"2025-05-27T08:01:15","date_gmt":"2025-05-27T06:02:41","guid":{"rendered":"https:\/\/sundar.be\/product\/lampe-de-polymerisation-led-uv-portable-et-rechargeable\/"},"modified":"2025-05-27T08:02:41","modified_gmt":"2025-05-27T06:02:41","slug":"lampe-de-polymerisation-led-uv-portable-et-rechargeable","status":"publish","type":"product","link":"https:\/\/sundar.be\/fr\/produit\/lampe-de-polymerisation-led-uv-portable-et-rechargeable\/","title":{"rendered":"Lampe de polym\u00e9risation LED\/UV portable et rechargeable"},"content":{"rendered":"<p>Cette lampe UV\/LED portable est sans fil et offre une autonomie de 7 heures. Elle se recharge compl\u00e8tement en seulement 3 heures. Elle est \u00e9quip\u00e9e d\u2019un minuteur num\u00e9rique 10s\/30s\/60s, d\u2019un mode basse temp\u00e9rature 99s, ainsi que d\u2019une fonction haute puissance de 60s. Le niveau de batterie restant est indiqu\u00e9 gr\u00e2ce \u00e0 un t\u00e9moin lumineux. La lampe s\u2019active automatiquement gr\u00e2ce \u00e0 un capteur infrarouge. La base est amovible et facile \u00e0 nettoyer. Gr\u00e2ce \u00e0 son grand format, il est possible de traiter 5 doigts en m\u00eame temps.      <\/p>\n<p><strong>Caract\u00e9ristiques:<\/strong><\/p>\n<ul>\n<li>Lampe UV\/LED 48 watts avec 30 LED<\/li>\n<li>Lampe rechargeable avec une autonomie jusqu\u2019\u00e0 7 heures, seulement 3 heures de charge <\/li>\n<li>Affichage num\u00e9rique du niveau de batterie<\/li>\n<li>Minuteries num\u00e9riques : 10s &#8211; 30s &#8211; 60s<\/li>\n<li>Minuteries suppl\u00e9mentaires : haute puissance 60s et basse temp\u00e9rature 99s<\/li>\n<li>Fond amovible<\/li>\n<li>Permet de traiter 5 doigts simultan\u00e9ment<\/li>\n<li>Id\u00e9ale \u00e9galement pour la p\u00e9dicure gr\u00e2ce \u00e0 son utilisation sans c\u00e2ble<\/li>\n<\/ul>\n","protected":false},"excerpt":{"rendered":"<p>Cette lampe UV\/LED portable est sans fil et offre une autonomie de 7 heures. Elle se recharge compl\u00e8tement en seulement 3 heures. Elle est \u00e9quip\u00e9e d\u2019un minuteur num\u00e9rique 10s\/30s\/60s, d\u2019un mode basse temp\u00e9rature 99s, ainsi que d\u2019une fonction haute puissance de 60s. Le niveau de batterie restant est indiqu\u00e9 gr\u00e2ce \u00e0 un t\u00e9moin lumineux. La [&hellip;]<\/p>\n","protected":false},"featured_media":53073,"comment_status":"open","ping_status":"closed","template":"","meta":{"_acf_changed":false},"product_brand":[],"product_cat":[4945,4769,1629],"product_tag":[],"class_list":{"0":"post-53075","1":"product","2":"type-product","3":"status-publish","4":"has-post-thumbnail","6":"product_cat-amenagement-institut-webshop-fr","7":"product_cat-amenagement-appareils","8":"product_cat-lampes-led","10":"first","11":"instock","12":"taxable","13":"shipping-taxable","14":"product-type-simple"},"acf":[],"_links":{"self":[{"href":"https:\/\/sundar.be\/fr\/wp-json\/wp\/v2\/product\/53075","targetHints":{"allow":["GET"]}}],"collection":[{"href":"https:\/\/sundar.be\/fr\/wp-json\/wp\/v2\/product"}],"about":[{"href":"https:\/\/sundar.be\/fr\/wp-json\/wp\/v2\/types\/product"}],"replies":[{"embeddable":true,"href":"https:\/\/sundar.be\/fr\/wp-json\/wp\/v2\/comments?post=53075"}],"wp:featuredmedia":[{"embeddable":true,"href":"https:\/\/sundar.be\/fr\/wp-json\/wp\/v2\/media\/53073"}],"wp:attachment":[{"href":"https:\/\/sundar.be\/fr\/wp-json\/wp\/v2\/media?parent=53075"}],"wp:term":[{"taxonomy":"product_brand","embeddable":true,"href":"https:\/\/sundar.be\/fr\/wp-json\/wp\/v2\/product_brand?post=53075"},{"taxonomy":"product_cat","embeddable":true,"href":"https:\/\/sundar.be\/fr\/wp-json\/wp\/v2\/product_cat?post=53075"},{"taxonomy":"product_tag","embeddable":true,"href":"https:\/\/sundar.be\/fr\/wp-json\/wp\/v2\/product_tag?post=53075"}],"curies":[{"name":"wp","href":"https:\/\/api.w.org\/{rel}","templated":true}]}}