{"id":53067,"date":"2025-05-26T19:36:47","date_gmt":"2025-05-26T17:38:52","guid":{"rendered":"https:\/\/sundar.be\/product\/dashing-diva-led-lightpod\/"},"modified":"2025-05-26T19:38:52","modified_gmt":"2025-05-26T17:38:52","slug":"dashing-diva-led-lightpod","status":"publish","type":"product","link":"https:\/\/sundar.be\/fr\/produit\/dashing-diva-led-lightpod\/","title":{"rendered":"Dashing Diva LED Lightpod"},"content":{"rendered":"<p>La Dashing Diva LED LightPod a \u00e9t\u00e9 sp\u00e9cialement con\u00e7ue pour une polym\u00e9risation parfaite des produits LED gel, et s\u2019est \u00e9galement r\u00e9v\u00e9l\u00e9e id\u00e9ale pour le durcissement du traitement IBX.<br \/>\nSon design compact et ergonomique permet une utilisation optimale de l\u2019espace de travail, aussi bien en institut qu\u2019\u00e0 domicile.<\/p>\n<p><strong>Caract\u00e9ristiques et avantages :<\/strong><\/p>\n<ul>\n<li>10 LED haute qualit\u00e9 \u2013 36 watts<\/li>\n<li>\u00c9clairage uniforme et puissant gr\u00e2ce \u00e0 des lampes premium<\/li>\n<li>Exposition homog\u00e8ne de toute la surface des ongles<\/li>\n<li>Conception ergonomique pour une utilisation simple et agr\u00e9able<\/li>\n<li>Position confortable des doigts pour une catalysation efficace<\/li>\n<li>Minuteur int\u00e9gr\u00e9 r\u00e9gl\u00e9 sur 45 secondes<\/li>\n<li>Compatible avec les vernis LED Gel<\/li>\n<li>Dur\u00e9e de vie estim\u00e9e \u00e0 50 000 heures<\/li>\n<li>Certifications UL et IEC62471<\/li>\n<li>Dimensions : 135 mm (L) x 85 mm (l) x 20 mm (h)<\/li>\n<\/ul>\n","protected":false},"excerpt":{"rendered":"<p>La Dashing Diva LED LightPod a \u00e9t\u00e9 sp\u00e9cialement con\u00e7ue pour une polym\u00e9risation parfaite des produits LED gel, et s\u2019est \u00e9galement r\u00e9v\u00e9l\u00e9e id\u00e9ale pour le durcissement du traitement IBX. Son design compact et ergonomique permet une utilisation optimale de l\u2019espace de travail, aussi bien en institut qu\u2019\u00e0 domicile. Caract\u00e9ristiques et avantages : 10 LED haute qualit\u00e9 [&hellip;]<\/p>\n","protected":false},"featured_media":53062,"comment_status":"open","ping_status":"closed","template":"","meta":{"_acf_changed":false},"product_brand":[],"product_cat":[4945,4769,1629],"product_tag":[],"class_list":{"0":"post-53067","1":"product","2":"type-product","3":"status-publish","4":"has-post-thumbnail","6":"product_cat-amenagement-institut-webshop-fr","7":"product_cat-amenagement-appareils","8":"product_cat-lampes-led","10":"first","11":"instock","12":"taxable","13":"shipping-taxable","14":"product-type-simple"},"acf":[],"_links":{"self":[{"href":"https:\/\/sundar.be\/fr\/wp-json\/wp\/v2\/product\/53067","targetHints":{"allow":["GET"]}}],"collection":[{"href":"https:\/\/sundar.be\/fr\/wp-json\/wp\/v2\/product"}],"about":[{"href":"https:\/\/sundar.be\/fr\/wp-json\/wp\/v2\/types\/product"}],"replies":[{"embeddable":true,"href":"https:\/\/sundar.be\/fr\/wp-json\/wp\/v2\/comments?post=53067"}],"wp:featuredmedia":[{"embeddable":true,"href":"https:\/\/sundar.be\/fr\/wp-json\/wp\/v2\/media\/53062"}],"wp:attachment":[{"href":"https:\/\/sundar.be\/fr\/wp-json\/wp\/v2\/media?parent=53067"}],"wp:term":[{"taxonomy":"product_brand","embeddable":true,"href":"https:\/\/sundar.be\/fr\/wp-json\/wp\/v2\/product_brand?post=53067"},{"taxonomy":"product_cat","embeddable":true,"href":"https:\/\/sundar.be\/fr\/wp-json\/wp\/v2\/product_cat?post=53067"},{"taxonomy":"product_tag","embeddable":true,"href":"https:\/\/sundar.be\/fr\/wp-json\/wp\/v2\/product_tag?post=53067"}],"curies":[{"name":"wp","href":"https:\/\/api.w.org\/{rel}","templated":true}]}}