{"id":53063,"date":"2025-05-26T19:32:29","date_gmt":"2025-05-26T17:36:38","guid":{"rendered":"https:\/\/sundar.be\/product\/nailed-double-power-75w-uv-led-lamp\/"},"modified":"2025-05-26T19:36:38","modified_gmt":"2025-05-26T17:36:38","slug":"nailed-double-power-75w-uv-led-lamp","status":"publish","type":"product","link":"https:\/\/sundar.be\/fr\/produit\/nailed-double-power-75w-uv-led-lamp\/","title":{"rendered":"NaiLED Double Power 75W UV\/LED Lamp"},"content":{"rendered":"<p>Fini les polym\u00e9risations incompl\u00e8tes !<br \/>\nLa NaiLED est une lampe UV\/LED haut de gamme con\u00e7ue pour durcir en profondeur tous les gels activ\u00e9s par la lumi\u00e8re, gr\u00e2ce \u00e0 ses 36 points lumineux double source (365 + 405 nm) et une puissance maximale de 75 watts. Sa technologie avanc\u00e9e garantit un durcissement uniforme, sans zones mortes. \u00c9quip\u00e9e d\u2019une d\u00e9tection infrarouge avec fonction m\u00e9moire, elle red\u00e9marre automatiquement sur la derni\u00e8re minuterie utilis\u00e9e. Pour les ongles sensibles, la fonction low heat d\u00e9marre \u00e0 54W et monte progressivement \u00e0 75W, \u00e9vitant toute sensation de br\u00fblure. Un syst\u00e8me ergonomique innovant avec :<br \/>\nRehaussement sp\u00e9cial pour les pouces, plus besoin de les traiter s\u00e9par\u00e9ment,<br \/>\nLigne indicatrice sur le fond pour un placement parfait des doigts,<br \/>\nPoign\u00e9e int\u00e9gr\u00e9e pour un transport facile,<br \/>\nFond amovible, id\u00e9ale pour manucure et p\u00e9dicure.             <\/p>\n<p><strong>Caract\u00e9ristiques :<\/strong><\/p>\n<ul>\n<li>36 LED UV\/LED double source (365+405nm)<\/li>\n<li>Puissance maximale : 75 W<\/li>\n<li>Pas de zone morte : disposition LED strat\u00e9gique<\/li>\n<li>Rehaussement pour un positionnement optimal du pouce<\/li>\n<li>Indicateurs de position pour doigts et pouces<\/li>\n<li>Minuterie : 10 s, 30 s, 60 s ou 99 s (mode chaleur r\u00e9duite)<\/li>\n<li>\u00c9cran digital LED<\/li>\n<li>Capteur infrarouge avec m\u00e9moire automatique<\/li>\n<li>Poign\u00e9e int\u00e9gr\u00e9e<\/li>\n<li>Fond amovible pour mains et pieds<\/li>\n<li>Dur\u00e9e de vie : 50 000 heures<\/li>\n<li>Certifications CE et RoHS<\/li>\n<li>Garantie : 2 ans (sur pr\u00e9sentation du ticket d\u2019achat)<\/li>\n<li>Adaptateur : tension d\u2019entr\u00e9e 100\u2013240V, 50\/60Hz<\/li>\n<\/ul>\n","protected":false},"excerpt":{"rendered":"<p>Fini les polym\u00e9risations incompl\u00e8tes ! La NaiLED est une lampe UV\/LED haut de gamme con\u00e7ue pour durcir en profondeur tous les gels activ\u00e9s par la lumi\u00e8re, gr\u00e2ce \u00e0 ses 36 points lumineux double source (365 + 405 nm) et une puissance maximale de 75 watts. Sa technologie avanc\u00e9e garantit un durcissement uniforme, sans zones mortes. [&hellip;]<\/p>\n","protected":false},"featured_media":53054,"comment_status":"open","ping_status":"closed","template":"","meta":{"_acf_changed":false},"product_brand":[],"product_cat":[4945,4769,1629],"product_tag":[],"class_list":{"0":"post-53063","1":"product","2":"type-product","3":"status-publish","4":"has-post-thumbnail","6":"product_cat-amenagement-institut-webshop-fr","7":"product_cat-amenagement-appareils","8":"product_cat-lampes-led","10":"first","11":"instock","12":"taxable","13":"shipping-taxable","14":"product-type-simple"},"acf":[],"_links":{"self":[{"href":"https:\/\/sundar.be\/fr\/wp-json\/wp\/v2\/product\/53063","targetHints":{"allow":["GET"]}}],"collection":[{"href":"https:\/\/sundar.be\/fr\/wp-json\/wp\/v2\/product"}],"about":[{"href":"https:\/\/sundar.be\/fr\/wp-json\/wp\/v2\/types\/product"}],"replies":[{"embeddable":true,"href":"https:\/\/sundar.be\/fr\/wp-json\/wp\/v2\/comments?post=53063"}],"wp:featuredmedia":[{"embeddable":true,"href":"https:\/\/sundar.be\/fr\/wp-json\/wp\/v2\/media\/53054"}],"wp:attachment":[{"href":"https:\/\/sundar.be\/fr\/wp-json\/wp\/v2\/media?parent=53063"}],"wp:term":[{"taxonomy":"product_brand","embeddable":true,"href":"https:\/\/sundar.be\/fr\/wp-json\/wp\/v2\/product_brand?post=53063"},{"taxonomy":"product_cat","embeddable":true,"href":"https:\/\/sundar.be\/fr\/wp-json\/wp\/v2\/product_cat?post=53063"},{"taxonomy":"product_tag","embeddable":true,"href":"https:\/\/sundar.be\/fr\/wp-json\/wp\/v2\/product_tag?post=53063"}],"curies":[{"name":"wp","href":"https:\/\/api.w.org\/{rel}","templated":true}]}}