{"id":53048,"date":"2025-05-26T19:26:59","date_gmt":"2025-05-26T17:28:50","guid":{"rendered":"https:\/\/sundar.be\/product\/cnd-led-lamp\/"},"modified":"2025-05-26T19:28:50","modified_gmt":"2025-05-26T17:28:50","slug":"cnd-led-lamp","status":"publish","type":"product","link":"https:\/\/sundar.be\/fr\/produit\/cnd-led-lamp\/","title":{"rendered":"CND LED Lamp"},"content":{"rendered":"<p>CND a enti\u00e8rement repens\u00e9 sa lampe LED, d\u00e9sormais encore plus performante et pratique pour les professionnels. Voici ses principaux atouts : <\/p>\n<ul>\n<li>Pr\u00eate \u00e0 l\u2019emploi : aucune installation n\u00e9cessaire<\/li>\n<li>Commandes pr\u00e9programm\u00e9es pour chaque \u00e9tape du service<\/li>\n<li>Pas de remplacement d\u2019ampoules \u2013 technologie LED longue dur\u00e9e<\/li>\n<li>R\u00e9sistante \u00e0 l\u2019ac\u00e9tone<\/li>\n<li>Design ergonomique et \u00e9l\u00e9gant<\/li>\n<li>Adapt\u00e9e \u00e0 la p\u00e9dicure : la plaque inf\u00e9rieure est amovible pour un acc\u00e8s facile<\/li>\n<\/ul>\n","protected":false},"excerpt":{"rendered":"<p>CND a enti\u00e8rement repens\u00e9 sa lampe LED, d\u00e9sormais encore plus performante et pratique pour les professionnels. Voici ses principaux atouts : Pr\u00eate \u00e0 l\u2019emploi : aucune installation n\u00e9cessaire Commandes pr\u00e9programm\u00e9es pour chaque \u00e9tape du service Pas de remplacement d\u2019ampoules \u2013 technologie LED longue dur\u00e9e R\u00e9sistante \u00e0 l\u2019ac\u00e9tone Design ergonomique et \u00e9l\u00e9gant Adapt\u00e9e \u00e0 la p\u00e9dicure [&hellip;]<\/p>\n","protected":false},"featured_media":53046,"comment_status":"open","ping_status":"closed","template":"","meta":{"_acf_changed":false},"product_brand":[],"product_cat":[4945,4769,1629],"product_tag":[],"class_list":{"0":"post-53048","1":"product","2":"type-product","3":"status-publish","4":"has-post-thumbnail","6":"product_cat-amenagement-institut-webshop-fr","7":"product_cat-amenagement-appareils","8":"product_cat-lampes-led","10":"first","11":"instock","12":"taxable","13":"shipping-taxable","14":"product-type-simple"},"acf":[],"_links":{"self":[{"href":"https:\/\/sundar.be\/fr\/wp-json\/wp\/v2\/product\/53048","targetHints":{"allow":["GET"]}}],"collection":[{"href":"https:\/\/sundar.be\/fr\/wp-json\/wp\/v2\/product"}],"about":[{"href":"https:\/\/sundar.be\/fr\/wp-json\/wp\/v2\/types\/product"}],"replies":[{"embeddable":true,"href":"https:\/\/sundar.be\/fr\/wp-json\/wp\/v2\/comments?post=53048"}],"wp:featuredmedia":[{"embeddable":true,"href":"https:\/\/sundar.be\/fr\/wp-json\/wp\/v2\/media\/53046"}],"wp:attachment":[{"href":"https:\/\/sundar.be\/fr\/wp-json\/wp\/v2\/media?parent=53048"}],"wp:term":[{"taxonomy":"product_brand","embeddable":true,"href":"https:\/\/sundar.be\/fr\/wp-json\/wp\/v2\/product_brand?post=53048"},{"taxonomy":"product_cat","embeddable":true,"href":"https:\/\/sundar.be\/fr\/wp-json\/wp\/v2\/product_cat?post=53048"},{"taxonomy":"product_tag","embeddable":true,"href":"https:\/\/sundar.be\/fr\/wp-json\/wp\/v2\/product_tag?post=53048"}],"curies":[{"name":"wp","href":"https:\/\/api.w.org\/{rel}","templated":true}]}}