{"id":53047,"date":"2025-05-26T19:25:40","date_gmt":"2025-05-26T17:27:58","guid":{"rendered":"https:\/\/sundar.be\/product\/led-uv-lamp-sibel-starter-45-watt\/"},"modified":"2025-05-26T19:27:58","modified_gmt":"2025-05-26T17:27:58","slug":"led-uv-lamp-sibel-starter-45-watt","status":"publish","type":"product","link":"https:\/\/sundar.be\/fr\/produit\/led-uv-lamp-sibel-starter-45-watt\/","title":{"rendered":"LED UV Lamp Sibel Starter 45 watt"},"content":{"rendered":"<p>Elle dispose de 4 r\u00e9glages de minuterie : 10, 30, 60 et 90 secondes, dont un mode low heat (chaleur r\u00e9duite) pour un confort optimal lors de la polym\u00e9risation. <\/p>\n<p>Le fond amovible facilite le nettoyage et rend la lampe \u00e9galement adapt\u00e9e \u00e0 la p\u00e9dicure.<br \/>Caract\u00e9ristiques :<\/p>\n<p>La lampe Starter LED\/UV 45 watts est con\u00e7ue pour les professionnels de la proth\u00e9sie ongulaire, parfaite pour le durcissement des gels LED, UV et gels de construction. <\/p>\n<p>Gr\u00e2ce \u00e0 ses 33 LED strat\u00e9giquement positionn\u00e9es, tous les produits sont durcis de mani\u00e8re homog\u00e8ne. La lampe est \u00e9quip\u00e9e d\u2019un capteur infrarouge pour un d\u00e9marrage et arr\u00eat automatiques \u00e0 l\u2019entr\u00e9e ou la sortie des mains.<\/p>\n","protected":false},"excerpt":{"rendered":"<p>Elle dispose de 4 r\u00e9glages de minuterie : 10, 30, 60 et 90 secondes, dont un mode low heat (chaleur r\u00e9duite) pour un confort optimal lors de la polym\u00e9risation. Le fond amovible facilite le nettoyage et rend la lampe \u00e9galement adapt\u00e9e \u00e0 la p\u00e9dicure.Caract\u00e9ristiques : La lampe Starter LED\/UV 45 watts est con\u00e7ue pour les [&hellip;]<\/p>\n","protected":false},"featured_media":53042,"comment_status":"open","ping_status":"closed","template":"","meta":{"_acf_changed":false},"product_brand":[],"product_cat":[4945,4769,1629],"product_tag":[],"class_list":{"0":"post-53047","1":"product","2":"type-product","3":"status-publish","4":"has-post-thumbnail","6":"product_cat-amenagement-institut-webshop-fr","7":"product_cat-amenagement-appareils","8":"product_cat-lampes-led","10":"first","11":"instock","12":"taxable","13":"shipping-taxable","14":"product-type-simple"},"acf":[],"_links":{"self":[{"href":"https:\/\/sundar.be\/fr\/wp-json\/wp\/v2\/product\/53047","targetHints":{"allow":["GET"]}}],"collection":[{"href":"https:\/\/sundar.be\/fr\/wp-json\/wp\/v2\/product"}],"about":[{"href":"https:\/\/sundar.be\/fr\/wp-json\/wp\/v2\/types\/product"}],"replies":[{"embeddable":true,"href":"https:\/\/sundar.be\/fr\/wp-json\/wp\/v2\/comments?post=53047"}],"wp:featuredmedia":[{"embeddable":true,"href":"https:\/\/sundar.be\/fr\/wp-json\/wp\/v2\/media\/53042"}],"wp:attachment":[{"href":"https:\/\/sundar.be\/fr\/wp-json\/wp\/v2\/media?parent=53047"}],"wp:term":[{"taxonomy":"product_brand","embeddable":true,"href":"https:\/\/sundar.be\/fr\/wp-json\/wp\/v2\/product_brand?post=53047"},{"taxonomy":"product_cat","embeddable":true,"href":"https:\/\/sundar.be\/fr\/wp-json\/wp\/v2\/product_cat?post=53047"},{"taxonomy":"product_tag","embeddable":true,"href":"https:\/\/sundar.be\/fr\/wp-json\/wp\/v2\/product_tag?post=53047"}],"curies":[{"name":"wp","href":"https:\/\/api.w.org\/{rel}","templated":true}]}}