{"id":53041,"date":"2025-05-26T19:24:10","date_gmt":"2025-05-26T17:25:20","guid":{"rendered":"https:\/\/sundar.be\/product\/led-uv-lamp-moonshine-24-watt\/"},"modified":"2025-05-26T19:25:20","modified_gmt":"2025-05-26T17:25:20","slug":"led-uv-lamp-moonshine-24-watt","status":"publish","type":"product","link":"https:\/\/sundar.be\/fr\/produit\/led-uv-lamp-moonshine-24-watt\/","title":{"rendered":"LED UV Lamp Moonshine 24 watt"},"content":{"rendered":"<p>La lampe Moonshine LED\/UV 24 watts est con\u00e7ue pour les professionnels de la proth\u00e9sie ongulaire, id\u00e9ale pour le durcissement des gels LED, UV et gels de construction.<br \/>\nElle est \u00e9quip\u00e9e d\u2019une minuterie avec deux r\u00e9glages : 30 et 60 secondes, et d\u2019un capteur infrarouge qui permet \u00e0 la lampe de s\u2019allumer automatiquement lorsque les mains sont plac\u00e9es \u00e0 l\u2019int\u00e9rieur, et de s\u2019\u00e9teindre d\u00e8s qu\u2019elles sont retir\u00e9es.  <\/p>\n","protected":false},"excerpt":{"rendered":"<p>La lampe Moonshine LED\/UV 24 watts est con\u00e7ue pour les professionnels de la proth\u00e9sie ongulaire, id\u00e9ale pour le durcissement des gels LED, UV et gels de construction. Elle est \u00e9quip\u00e9e d\u2019une minuterie avec deux r\u00e9glages : 30 et 60 secondes, et d\u2019un capteur infrarouge qui permet \u00e0 la lampe de s\u2019allumer automatiquement lorsque les mains [&hellip;]<\/p>\n","protected":false},"featured_media":53034,"comment_status":"open","ping_status":"closed","template":"","meta":{"_acf_changed":false},"product_brand":[],"product_cat":[4945,4769,1629],"product_tag":[],"class_list":{"0":"post-53041","1":"product","2":"type-product","3":"status-publish","4":"has-post-thumbnail","6":"product_cat-amenagement-institut-webshop-fr","7":"product_cat-amenagement-appareils","8":"product_cat-lampes-led","10":"first","11":"instock","12":"taxable","13":"shipping-taxable","14":"product-type-simple"},"acf":[],"_links":{"self":[{"href":"https:\/\/sundar.be\/fr\/wp-json\/wp\/v2\/product\/53041","targetHints":{"allow":["GET"]}}],"collection":[{"href":"https:\/\/sundar.be\/fr\/wp-json\/wp\/v2\/product"}],"about":[{"href":"https:\/\/sundar.be\/fr\/wp-json\/wp\/v2\/types\/product"}],"replies":[{"embeddable":true,"href":"https:\/\/sundar.be\/fr\/wp-json\/wp\/v2\/comments?post=53041"}],"wp:featuredmedia":[{"embeddable":true,"href":"https:\/\/sundar.be\/fr\/wp-json\/wp\/v2\/media\/53034"}],"wp:attachment":[{"href":"https:\/\/sundar.be\/fr\/wp-json\/wp\/v2\/media?parent=53041"}],"wp:term":[{"taxonomy":"product_brand","embeddable":true,"href":"https:\/\/sundar.be\/fr\/wp-json\/wp\/v2\/product_brand?post=53041"},{"taxonomy":"product_cat","embeddable":true,"href":"https:\/\/sundar.be\/fr\/wp-json\/wp\/v2\/product_cat?post=53041"},{"taxonomy":"product_tag","embeddable":true,"href":"https:\/\/sundar.be\/fr\/wp-json\/wp\/v2\/product_tag?post=53041"}],"curies":[{"name":"wp","href":"https:\/\/api.w.org\/{rel}","templated":true}]}}