{"id":53032,"date":"2025-05-26T19:20:12","date_gmt":"2025-05-26T17:22:59","guid":{"rendered":"https:\/\/sundar.be\/product\/lampe-led-ronde-48w\/"},"modified":"2025-05-26T19:22:59","modified_gmt":"2025-05-26T17:22:59","slug":"lampe-led-ronde-48w","status":"publish","type":"product","link":"https:\/\/sundar.be\/fr\/produit\/lampe-led-ronde-48w\/","title":{"rendered":"Lampe LED Ronde 48W"},"content":{"rendered":"<p>Cette lampe LED compacte et puissante de 48 watts est sp\u00e9cialement con\u00e7ue pour un usage professionnel, adapt\u00e9e \u00e0 la polym\u00e9risation de tous les produits UV\/LED (acrylates, gels, vernis semi-permanents). <\/p>\n<p>Son design arrondi et sans fond la rend id\u00e9ale pour une utilisation aussi bien sur les mains que sur les pieds. La disposition optimis\u00e9e des 21 points lumineux double source (365 + 405 nm) garantit une polym\u00e9risation uniforme sur tous les ongles. <\/p>\n<p><strong>Fonctionnalit\u00e9s :<\/strong><\/p>\n<ul>\n<li>21 LED double source UV\/LED (365 + 405 nm)<\/li>\n<li>Puissance maximale : 48 W<\/li>\n<li>Minuterie r\u00e9glable : 30 s, 60 s, 99 s (mode chaleur r\u00e9duite)<\/li>\n<li>Capteur infrarouge pour d\u00e9marrage automatique<\/li>\n<li>Sans plaque inf\u00e9rieure, id\u00e9ale pour p\u00e9dicure<\/li>\n<li>Facile \u00e0 transporter<\/li>\n<li>Adaptateur : tension d\u2019entr\u00e9e 100\u2013240V, 50\/60Hz<\/li>\n<li>Longueur du c\u00e2ble : 1,5 m<\/li>\n<li>Garantie : 2 ans (sur pr\u00e9sentation du ticket d\u2019achat)<\/li>\n<\/ul>\n","protected":false},"excerpt":{"rendered":"<p>Cette lampe LED compacte et puissante de 48 watts est sp\u00e9cialement con\u00e7ue pour un usage professionnel, adapt\u00e9e \u00e0 la polym\u00e9risation de tous les produits UV\/LED (acrylates, gels, vernis semi-permanents). Son design arrondi et sans fond la rend id\u00e9ale pour une utilisation aussi bien sur les mains que sur les pieds. La disposition optimis\u00e9e des 21 [&hellip;]<\/p>\n","protected":false},"featured_media":53029,"comment_status":"open","ping_status":"closed","template":"","meta":{"_acf_changed":false},"product_brand":[],"product_cat":[4945,4769,1629],"product_tag":[],"class_list":{"0":"post-53032","1":"product","2":"type-product","3":"status-publish","4":"has-post-thumbnail","6":"product_cat-amenagement-institut-webshop-fr","7":"product_cat-amenagement-appareils","8":"product_cat-lampes-led","10":"first","11":"instock","12":"taxable","13":"shipping-taxable","14":"product-type-simple"},"acf":[],"_links":{"self":[{"href":"https:\/\/sundar.be\/fr\/wp-json\/wp\/v2\/product\/53032","targetHints":{"allow":["GET"]}}],"collection":[{"href":"https:\/\/sundar.be\/fr\/wp-json\/wp\/v2\/product"}],"about":[{"href":"https:\/\/sundar.be\/fr\/wp-json\/wp\/v2\/types\/product"}],"replies":[{"embeddable":true,"href":"https:\/\/sundar.be\/fr\/wp-json\/wp\/v2\/comments?post=53032"}],"wp:featuredmedia":[{"embeddable":true,"href":"https:\/\/sundar.be\/fr\/wp-json\/wp\/v2\/media\/53029"}],"wp:attachment":[{"href":"https:\/\/sundar.be\/fr\/wp-json\/wp\/v2\/media?parent=53032"}],"wp:term":[{"taxonomy":"product_brand","embeddable":true,"href":"https:\/\/sundar.be\/fr\/wp-json\/wp\/v2\/product_brand?post=53032"},{"taxonomy":"product_cat","embeddable":true,"href":"https:\/\/sundar.be\/fr\/wp-json\/wp\/v2\/product_cat?post=53032"},{"taxonomy":"product_tag","embeddable":true,"href":"https:\/\/sundar.be\/fr\/wp-json\/wp\/v2\/product_tag?post=53032"}],"curies":[{"name":"wp","href":"https:\/\/api.w.org\/{rel}","templated":true}]}}