{"id":53031,"date":"2025-05-26T19:19:05","date_gmt":"2025-05-26T17:21:41","guid":{"rendered":"https:\/\/sundar.be\/product\/lampe-led-uv-dual-cure-36w-avec-telecommande\/"},"modified":"2025-05-26T19:21:41","modified_gmt":"2025-05-26T17:21:41","slug":"lampe-led-uv-dual-cure-36w-avec-telecommande","status":"publish","type":"product","link":"https:\/\/sundar.be\/fr\/produit\/lampe-led-uv-dual-cure-36w-avec-telecommande\/","title":{"rendered":"Lampe LED\/UV Dual Cure 36W avec t\u00e9l\u00e9commande"},"content":{"rendered":"<p>La lampe Dual Cure LED\/UV 36 watts est con\u00e7ue pour les professionnels de la proth\u00e9sie ongulaire et permet de catalyser efficacement les gels LED, UV et gels de construction.   <\/p>\n<p>Elle est \u00e9quip\u00e9e d&rsquo;une minuterie r\u00e9glable sur 15, 30, 60 et 120 secondes, \u00e0 la fois via les boutons sur la lampe et via la t\u00e9l\u00e9commande filaire incluse, qui affiche \u00e9galement le temps de catalysation \u2014 pratique si la lampe est plac\u00e9e \u00e0 l&rsquo;extr\u00e9mit\u00e9 de votre table de manucure.<br \/>Gr\u00e2ce \u00e0 un capteur infrarouge, la lampe s\u2019allume automatiquement \u00e0 l\u2019introduction des mains et s\u2019\u00e9teint \u00e0 leur retrait. Elle est \u00e9galement adapt\u00e9e \u00e0 la p\u00e9dicure gr\u00e2ce \u00e0 sa plaque inf\u00e9rieure amovible.  <\/p>\n<p><strong>Caract\u00e9ristiques :<\/strong><\/p>\n<ul>\n<li>Puissance : 36 watts<\/li>\n<li>Minuterie : 15, 30, 60 et 120 secondes<\/li>\n<li>T\u00e9l\u00e9commande avec affichage du temps incluse<\/li>\n<li>Convient pour les mains et les pieds<\/li>\n<li>Poign\u00e9e de transport pratique<\/li>\n<li>Fond amovible pour un usage p\u00e9dicure<\/li>\n<li>Capteur automatique (on\/off)<\/li>\n<li>Ventilateur int\u00e9gr\u00e9 pour refroidissement<\/li>\n<\/ul>\n","protected":false},"excerpt":{"rendered":"<p>La lampe Dual Cure LED\/UV 36 watts est con\u00e7ue pour les professionnels de la proth\u00e9sie ongulaire et permet de catalyser efficacement les gels LED, UV et gels de construction. Elle est \u00e9quip\u00e9e d&rsquo;une minuterie r\u00e9glable sur 15, 30, 60 et 120 secondes, \u00e0 la fois via les boutons sur la lampe et via la t\u00e9l\u00e9commande [&hellip;]<\/p>\n","protected":false},"featured_media":53027,"comment_status":"open","ping_status":"closed","template":"","meta":{"_acf_changed":false},"product_brand":[],"product_cat":[4945,4769,1629],"product_tag":[],"class_list":{"0":"post-53031","1":"product","2":"type-product","3":"status-publish","4":"has-post-thumbnail","6":"product_cat-amenagement-institut-webshop-fr","7":"product_cat-amenagement-appareils","8":"product_cat-lampes-led","10":"first","11":"instock","12":"taxable","13":"shipping-taxable","14":"product-type-simple"},"acf":[],"_links":{"self":[{"href":"https:\/\/sundar.be\/fr\/wp-json\/wp\/v2\/product\/53031","targetHints":{"allow":["GET"]}}],"collection":[{"href":"https:\/\/sundar.be\/fr\/wp-json\/wp\/v2\/product"}],"about":[{"href":"https:\/\/sundar.be\/fr\/wp-json\/wp\/v2\/types\/product"}],"replies":[{"embeddable":true,"href":"https:\/\/sundar.be\/fr\/wp-json\/wp\/v2\/comments?post=53031"}],"wp:featuredmedia":[{"embeddable":true,"href":"https:\/\/sundar.be\/fr\/wp-json\/wp\/v2\/media\/53027"}],"wp:attachment":[{"href":"https:\/\/sundar.be\/fr\/wp-json\/wp\/v2\/media?parent=53031"}],"wp:term":[{"taxonomy":"product_brand","embeddable":true,"href":"https:\/\/sundar.be\/fr\/wp-json\/wp\/v2\/product_brand?post=53031"},{"taxonomy":"product_cat","embeddable":true,"href":"https:\/\/sundar.be\/fr\/wp-json\/wp\/v2\/product_cat?post=53031"},{"taxonomy":"product_tag","embeddable":true,"href":"https:\/\/sundar.be\/fr\/wp-json\/wp\/v2\/product_tag?post=53031"}],"curies":[{"name":"wp","href":"https:\/\/api.w.org\/{rel}","templated":true}]}}