{"id":53019,"date":"2025-05-26T19:12:21","date_gmt":"2025-05-26T17:13:56","guid":{"rendered":"https:\/\/sundar.be\/product\/lampe-de-table-soft-touch-led\/"},"modified":"2025-05-26T19:13:56","modified_gmt":"2025-05-26T17:13:56","slug":"lampe-de-table-soft-touch-led","status":"publish","type":"product","link":"https:\/\/sundar.be\/fr\/produit\/lampe-de-table-soft-touch-led\/","title":{"rendered":"Lampe de table Soft Touch LED"},"content":{"rendered":"<p>La lampe de table Soft Touch LED est un mod\u00e8le compact et polyvalent. Enti\u00e8rement orientable, elle s\u2019adapte facilement \u00e0 tous les besoins. La temp\u00e9rature de couleur peut \u00eatre r\u00e9gl\u00e9e du blanc au jaune, et l\u2019intensit\u00e9 lumineuse est ajustable sur 10 niveaux.  <\/p>\n<p><strong>Caract\u00e9ristiques:<\/strong><\/p>\n<ul>\n<li>Puissance : 8 W<\/li>\n<li>Temp\u00e9rature de couleur : de 2000 \u00e0 6500 K<\/li>\n<li>10 niveaux de luminosit\u00e9 r\u00e9glables<\/li>\n<li>Minuterie auto-off : 0,5 h ou 1 h<\/li>\n<li>Alimentation : USB 5V \/ 1A<\/li>\n<li>Dur\u00e9e de vie : jusqu\u2019\u00e0 50 000 heures<\/li>\n<li>Poids : 680 g<\/li>\n<li>Dimensions : 33,5 x 39 x 15 cm<\/li>\n<\/ul>\n","protected":false},"excerpt":{"rendered":"<p>La lampe de table Soft Touch LED est un mod\u00e8le compact et polyvalent. Enti\u00e8rement orientable, elle s\u2019adapte facilement \u00e0 tous les besoins. La temp\u00e9rature de couleur peut \u00eatre r\u00e9gl\u00e9e du blanc au jaune, et l\u2019intensit\u00e9 lumineuse est ajustable sur 10 niveaux. Caract\u00e9ristiques: Puissance : 8 W Temp\u00e9rature de couleur : de 2000 \u00e0 6500 K [&hellip;]<\/p>\n","protected":false},"featured_media":53016,"comment_status":"open","ping_status":"closed","template":"","meta":{"_acf_changed":false},"product_brand":[],"product_cat":[4945,4769,5821],"product_tag":[],"class_list":{"0":"post-53019","1":"product","2":"type-product","3":"status-publish","4":"has-post-thumbnail","6":"product_cat-amenagement-institut-webshop-fr","7":"product_cat-amenagement-appareils","8":"product_cat-eclairage-salon-lampes-table","10":"first","11":"instock","12":"taxable","13":"shipping-taxable","14":"product-type-simple"},"acf":[],"_links":{"self":[{"href":"https:\/\/sundar.be\/fr\/wp-json\/wp\/v2\/product\/53019","targetHints":{"allow":["GET"]}}],"collection":[{"href":"https:\/\/sundar.be\/fr\/wp-json\/wp\/v2\/product"}],"about":[{"href":"https:\/\/sundar.be\/fr\/wp-json\/wp\/v2\/types\/product"}],"replies":[{"embeddable":true,"href":"https:\/\/sundar.be\/fr\/wp-json\/wp\/v2\/comments?post=53019"}],"wp:featuredmedia":[{"embeddable":true,"href":"https:\/\/sundar.be\/fr\/wp-json\/wp\/v2\/media\/53016"}],"wp:attachment":[{"href":"https:\/\/sundar.be\/fr\/wp-json\/wp\/v2\/media?parent=53019"}],"wp:term":[{"taxonomy":"product_brand","embeddable":true,"href":"https:\/\/sundar.be\/fr\/wp-json\/wp\/v2\/product_brand?post=53019"},{"taxonomy":"product_cat","embeddable":true,"href":"https:\/\/sundar.be\/fr\/wp-json\/wp\/v2\/product_cat?post=53019"},{"taxonomy":"product_tag","embeddable":true,"href":"https:\/\/sundar.be\/fr\/wp-json\/wp\/v2\/product_tag?post=53019"}],"curies":[{"name":"wp","href":"https:\/\/api.w.org\/{rel}","templated":true}]}}