{"id":53017,"date":"2025-05-26T19:10:17","date_gmt":"2025-05-26T17:12:12","guid":{"rendered":"https:\/\/sundar.be\/product\/lampe-de-travail-dual-lumiere-chaude-froide\/"},"modified":"2025-05-26T19:12:12","modified_gmt":"2025-05-26T17:12:12","slug":"lampe-de-travail-dual-lumiere-chaude-froide","status":"publish","type":"product","link":"https:\/\/sundar.be\/fr\/produit\/lampe-de-travail-dual-lumiere-chaude-froide\/","title":{"rendered":"Lampe de travail Dual \u2013 Lumi\u00e8re chaude &amp; froide"},"content":{"rendered":"<p>Cette lampe-loupe \u00e0 double \u00e9clairage est id\u00e9ale pour les esth\u00e9ticiennes, maquilleurs et stylistes ongulaires. Elle dispose d&rsquo;une fonction lumi\u00e8re chaude et froide dimmable, utilisables s\u00e9par\u00e9ment ou simultan\u00e9ment pour un \u00e9clairage parfaitement adapt\u00e9 \u00e0 chaque traitement. Le contr\u00f4le tactile rend son utilisation simple et intuitive. La lampe est fournie avec une pince de fixation pour table. Pour un confort de travail encore plus grand, elle est \u00e9galement compatible avec le support sur pied de Sibel (vendu s\u00e9par\u00e9ment).    <\/p>\n<ul>\n<li>60 LED (30 froides + 30 chaudes)<\/li>\n<li>Puissance : 12 W<\/li>\n<li>Luminosit\u00e9 : 980 lumens<\/li>\n<li>Dimensions : 465 x 85 mm<\/li>\n<\/ul>\n","protected":false},"excerpt":{"rendered":"<p>Cette lampe-loupe \u00e0 double \u00e9clairage est id\u00e9ale pour les esth\u00e9ticiennes, maquilleurs et stylistes ongulaires. Elle dispose d&rsquo;une fonction lumi\u00e8re chaude et froide dimmable, utilisables s\u00e9par\u00e9ment ou simultan\u00e9ment pour un \u00e9clairage parfaitement adapt\u00e9 \u00e0 chaque traitement. Le contr\u00f4le tactile rend son utilisation simple et intuitive. La lampe est fournie avec une pince de fixation pour table. [&hellip;]<\/p>\n","protected":false},"featured_media":53012,"comment_status":"open","ping_status":"closed","template":"","meta":{"_acf_changed":false},"product_brand":[],"product_cat":[4945,4769,5821,4793],"product_tag":[],"class_list":{"0":"post-53017","1":"product","2":"type-product","3":"status-publish","4":"has-post-thumbnail","6":"product_cat-amenagement-institut-webshop-fr","7":"product_cat-amenagement-appareils","8":"product_cat-eclairage-salon-lampes-table","9":"product_cat-loupes-lumineuses-amenagement-appareils","11":"first","12":"instock","13":"taxable","14":"shipping-taxable","15":"product-type-simple"},"acf":[],"_links":{"self":[{"href":"https:\/\/sundar.be\/fr\/wp-json\/wp\/v2\/product\/53017","targetHints":{"allow":["GET"]}}],"collection":[{"href":"https:\/\/sundar.be\/fr\/wp-json\/wp\/v2\/product"}],"about":[{"href":"https:\/\/sundar.be\/fr\/wp-json\/wp\/v2\/types\/product"}],"replies":[{"embeddable":true,"href":"https:\/\/sundar.be\/fr\/wp-json\/wp\/v2\/comments?post=53017"}],"wp:featuredmedia":[{"embeddable":true,"href":"https:\/\/sundar.be\/fr\/wp-json\/wp\/v2\/media\/53012"}],"wp:attachment":[{"href":"https:\/\/sundar.be\/fr\/wp-json\/wp\/v2\/media?parent=53017"}],"wp:term":[{"taxonomy":"product_brand","embeddable":true,"href":"https:\/\/sundar.be\/fr\/wp-json\/wp\/v2\/product_brand?post=53017"},{"taxonomy":"product_cat","embeddable":true,"href":"https:\/\/sundar.be\/fr\/wp-json\/wp\/v2\/product_cat?post=53017"},{"taxonomy":"product_tag","embeddable":true,"href":"https:\/\/sundar.be\/fr\/wp-json\/wp\/v2\/product_tag?post=53017"}],"curies":[{"name":"wp","href":"https:\/\/api.w.org\/{rel}","templated":true}]}}