{"id":53007,"date":"2025-05-26T19:06:31","date_gmt":"2025-05-26T17:08:44","guid":{"rendered":"https:\/\/sundar.be\/product\/lampe-de-table-arch-light-half-moon\/"},"modified":"2025-05-26T19:08:44","modified_gmt":"2025-05-26T17:08:44","slug":"lampe-de-table-arch-light-half-moon","status":"publish","type":"product","link":"https:\/\/sundar.be\/fr\/produit\/lampe-de-table-arch-light-half-moon\/","title":{"rendered":"Lampe de table Arch Light Half Moon"},"content":{"rendered":"<p>Lampe de table sans ombre pour manucure<\/p>\n<p>La lampe de soin Arche III, au design unique en arc, assure un \u00e9clairage optimal de la zone de traitement lors de prestations n\u00e9cessitant une grande pr\u00e9cision, comme le stylisme ongulaire. Elle est id\u00e9ale pour les salons sp\u00e9cialis\u00e9s, o\u00f9 une lumi\u00e8re adapt\u00e9e am\u00e9liore consid\u00e9rablement la qualit\u00e9 des soins. Parfaite pour les manucures, soins esth\u00e9tiques, extensions de cils, tatouages ou maquillage permanent. Elle est \u00e9galement tr\u00e8s pratique pour la prise de photos ou de vid\u00e9os des r\u00e9sultats.   <\/p>\n<p>Ce mod\u00e8le permet de passer facilement d\u2019une lumi\u00e8re chaude \u00e0 neutre ou froide, selon les besoins. Gr\u00e2ce \u00e0 la t\u00e9l\u00e9commande tactile, vous b\u00e9n\u00e9ficiez en permanence d\u2019un \u00e9clairage adapt\u00e9 et uniforme sur la zone de travail. <\/p>\n<ul>\n<li>Couleur : nuances de blanc<\/li>\n<li>Consommation \u00e9lectrique : 36 W<\/li>\n<li>Tension d\u2019entr\u00e9e : 220\u2013240 V<\/li>\n<li>Alimentation : 24 V \/ 4 A<\/li>\n<li>Garantie : 12 mois<\/li>\n<\/ul>\n","protected":false},"excerpt":{"rendered":"<p>Lampe de table sans ombre pour manucure La lampe de soin Arche III, au design unique en arc, assure un \u00e9clairage optimal de la zone de traitement lors de prestations n\u00e9cessitant une grande pr\u00e9cision, comme le stylisme ongulaire. Elle est id\u00e9ale pour les salons sp\u00e9cialis\u00e9s, o\u00f9 une lumi\u00e8re adapt\u00e9e am\u00e9liore consid\u00e9rablement la qualit\u00e9 des soins. [&hellip;]<\/p>\n","protected":false},"featured_media":53004,"comment_status":"open","ping_status":"closed","template":"","meta":{"_acf_changed":false},"product_brand":[],"product_cat":[4945,4769,5821],"product_tag":[],"class_list":{"0":"post-53007","1":"product","2":"type-product","3":"status-publish","4":"has-post-thumbnail","6":"product_cat-amenagement-institut-webshop-fr","7":"product_cat-amenagement-appareils","8":"product_cat-eclairage-salon-lampes-table","10":"first","11":"instock","12":"taxable","13":"shipping-taxable","14":"product-type-simple"},"acf":[],"_links":{"self":[{"href":"https:\/\/sundar.be\/fr\/wp-json\/wp\/v2\/product\/53007","targetHints":{"allow":["GET"]}}],"collection":[{"href":"https:\/\/sundar.be\/fr\/wp-json\/wp\/v2\/product"}],"about":[{"href":"https:\/\/sundar.be\/fr\/wp-json\/wp\/v2\/types\/product"}],"replies":[{"embeddable":true,"href":"https:\/\/sundar.be\/fr\/wp-json\/wp\/v2\/comments?post=53007"}],"wp:featuredmedia":[{"embeddable":true,"href":"https:\/\/sundar.be\/fr\/wp-json\/wp\/v2\/media\/53004"}],"wp:attachment":[{"href":"https:\/\/sundar.be\/fr\/wp-json\/wp\/v2\/media?parent=53007"}],"wp:term":[{"taxonomy":"product_brand","embeddable":true,"href":"https:\/\/sundar.be\/fr\/wp-json\/wp\/v2\/product_brand?post=53007"},{"taxonomy":"product_cat","embeddable":true,"href":"https:\/\/sundar.be\/fr\/wp-json\/wp\/v2\/product_cat?post=53007"},{"taxonomy":"product_tag","embeddable":true,"href":"https:\/\/sundar.be\/fr\/wp-json\/wp\/v2\/product_tag?post=53007"}],"curies":[{"name":"wp","href":"https:\/\/api.w.org\/{rel}","templated":true}]}}