{"id":53005,"date":"2025-05-26T19:03:16","date_gmt":"2025-05-26T17:06:25","guid":{"rendered":"https:\/\/sundar.be\/product\/lampe-led-double-pro-sur-trepied\/"},"modified":"2025-05-26T19:06:25","modified_gmt":"2025-05-26T17:06:25","slug":"lampe-led-double-pro-sur-trepied","status":"publish","type":"product","link":"https:\/\/sundar.be\/fr\/produit\/lampe-led-double-pro-sur-trepied\/","title":{"rendered":"Lampe LED Double Pro sur tr\u00e9pied"},"content":{"rendered":"<p>La lampe Double Pro est un produit professionnel con\u00e7u en aluminium l\u00e9ger et durable.<\/p>\n<p>Gr\u00e2ce \u00e0 ses 192 LED, elle offre un \u00e9clairage \u00e9quilibr\u00e9, sans taches de couleur ni d\u00e9gagement de chaleur, comparable \u00e0 la lumi\u00e8re du jour. Elle est \u00e9quip\u00e9e de deux t\u00eates lumineuses mont\u00e9es sur des bras flexibles. L\u2019intensit\u00e9 de la lumi\u00e8re LED est r\u00e9glable sur 5 niveaux, pour une lumi\u00e8re froide uniforme qui \u00e9limine les ombres.   <\/p>\n<p>La lampe LED Double Pro est l\u2019outil id\u00e9al pour les professionnels sp\u00e9cialis\u00e9s dans le maquillage, les extensions de cils, la coiffure, le tatouage, ainsi que pour la photo et la vid\u00e9o.<\/p>\n<p><strong>Specifications:<\/strong><\/p>\n<ul>\n<li>\u00c9clairage LED SMD<\/li>\n<li>Puissance lumineuse : 800 lm<\/li>\n<li>Temp\u00e9rature de couleur : 5800K<\/li>\n<li>CRI&gt; 80;<\/li>\n<li>Puissance : 28W LED<\/li>\n<li>Tension d\u2019entr\u00e9e : 12V 2.5A<\/li>\n<li>5 niveaux d\u2019intensit\u00e9 (commande tactile)<\/li>\n<li>Dur\u00e9e de vie : jusqu\u2019\u00e0 50 000 heures<\/li>\n<li>Poids net : 2 kg<\/li>\n<li>Longueur de la lampe : min. 70 cm \u2013 max. 160 cm<\/li>\n<\/ul>\n<p><strong>Le kit comprend :<\/strong><\/p>\n<ul>\n<li>Deux lampes LED articul\u00e9es<\/li>\n<li>Tr\u00e9pied en aluminium l\u00e9ger<\/li>\n<li>C\u00e2ble d\u2019alimentation<\/li>\n<li>Dimensions de l\u2019emballage : 72 x 19 x 11 cm<\/li>\n<\/ul>\n","protected":false},"excerpt":{"rendered":"<p>La lampe Double Pro est un produit professionnel con\u00e7u en aluminium l\u00e9ger et durable. Gr\u00e2ce \u00e0 ses 192 LED, elle offre un \u00e9clairage \u00e9quilibr\u00e9, sans taches de couleur ni d\u00e9gagement de chaleur, comparable \u00e0 la lumi\u00e8re du jour. Elle est \u00e9quip\u00e9e de deux t\u00eates lumineuses mont\u00e9es sur des bras flexibles. L\u2019intensit\u00e9 de la lumi\u00e8re LED [&hellip;]<\/p>\n","protected":false},"featured_media":52996,"comment_status":"open","ping_status":"closed","template":"","meta":{"_acf_changed":false},"product_brand":[],"product_cat":[4945,4769,5821],"product_tag":[],"class_list":{"0":"post-53005","1":"product","2":"type-product","3":"status-publish","4":"has-post-thumbnail","6":"product_cat-amenagement-institut-webshop-fr","7":"product_cat-amenagement-appareils","8":"product_cat-eclairage-salon-lampes-table","10":"first","11":"instock","12":"taxable","13":"shipping-taxable","14":"product-type-simple"},"acf":[],"_links":{"self":[{"href":"https:\/\/sundar.be\/fr\/wp-json\/wp\/v2\/product\/53005","targetHints":{"allow":["GET"]}}],"collection":[{"href":"https:\/\/sundar.be\/fr\/wp-json\/wp\/v2\/product"}],"about":[{"href":"https:\/\/sundar.be\/fr\/wp-json\/wp\/v2\/types\/product"}],"replies":[{"embeddable":true,"href":"https:\/\/sundar.be\/fr\/wp-json\/wp\/v2\/comments?post=53005"}],"wp:featuredmedia":[{"embeddable":true,"href":"https:\/\/sundar.be\/fr\/wp-json\/wp\/v2\/media\/52996"}],"wp:attachment":[{"href":"https:\/\/sundar.be\/fr\/wp-json\/wp\/v2\/media?parent=53005"}],"wp:term":[{"taxonomy":"product_brand","embeddable":true,"href":"https:\/\/sundar.be\/fr\/wp-json\/wp\/v2\/product_brand?post=53005"},{"taxonomy":"product_cat","embeddable":true,"href":"https:\/\/sundar.be\/fr\/wp-json\/wp\/v2\/product_cat?post=53005"},{"taxonomy":"product_tag","embeddable":true,"href":"https:\/\/sundar.be\/fr\/wp-json\/wp\/v2\/product_tag?post=53005"}],"curies":[{"name":"wp","href":"https:\/\/api.w.org\/{rel}","templated":true}]}}