{"id":52997,"date":"2025-05-26T19:00:53","date_gmt":"2025-05-26T17:03:06","guid":{"rendered":"https:\/\/sundar.be\/product\/lampe-de-table-luminus-eclairage-dobjet\/"},"modified":"2025-05-26T19:03:06","modified_gmt":"2025-05-26T17:03:06","slug":"lampe-de-table-luminus-eclairage-dobjet","status":"publish","type":"product","link":"https:\/\/sundar.be\/fr\/produit\/lampe-de-table-luminus-eclairage-dobjet\/","title":{"rendered":"Lampe de table Luminus \u2013 \u00c9clairage d\u2019objet"},"content":{"rendered":"<p>Lampe de table avec pince, compatible avec la plupart des tables de manucure. Tr\u00e8s modulable, elle est particuli\u00e8rement agr\u00e9able \u00e0 utiliser lors des soins de manucure et p\u00e9dicure les plus pr\u00e9cis. <\/p>\n<p>Ampoule non incluse.<\/p>\n","protected":false},"excerpt":{"rendered":"<p>Lampe de table avec pince, compatible avec la plupart des tables de manucure. Tr\u00e8s modulable, elle est particuli\u00e8rement agr\u00e9able \u00e0 utiliser lors des soins de manucure et p\u00e9dicure les plus pr\u00e9cis. Ampoule non incluse.<\/p>\n","protected":false},"featured_media":52991,"comment_status":"open","ping_status":"closed","template":"","meta":{"_acf_changed":false},"product_brand":[],"product_cat":[4945,4769,5821],"product_tag":[],"class_list":{"0":"post-52997","1":"product","2":"type-product","3":"status-publish","4":"has-post-thumbnail","6":"product_cat-amenagement-institut-webshop-fr","7":"product_cat-amenagement-appareils","8":"product_cat-eclairage-salon-lampes-table","10":"first","11":"instock","12":"taxable","13":"shipping-taxable","14":"product-type-simple"},"acf":[],"_links":{"self":[{"href":"https:\/\/sundar.be\/fr\/wp-json\/wp\/v2\/product\/52997","targetHints":{"allow":["GET"]}}],"collection":[{"href":"https:\/\/sundar.be\/fr\/wp-json\/wp\/v2\/product"}],"about":[{"href":"https:\/\/sundar.be\/fr\/wp-json\/wp\/v2\/types\/product"}],"replies":[{"embeddable":true,"href":"https:\/\/sundar.be\/fr\/wp-json\/wp\/v2\/comments?post=52997"}],"wp:featuredmedia":[{"embeddable":true,"href":"https:\/\/sundar.be\/fr\/wp-json\/wp\/v2\/media\/52991"}],"wp:attachment":[{"href":"https:\/\/sundar.be\/fr\/wp-json\/wp\/v2\/media?parent=52997"}],"wp:term":[{"taxonomy":"product_brand","embeddable":true,"href":"https:\/\/sundar.be\/fr\/wp-json\/wp\/v2\/product_brand?post=52997"},{"taxonomy":"product_cat","embeddable":true,"href":"https:\/\/sundar.be\/fr\/wp-json\/wp\/v2\/product_cat?post=52997"},{"taxonomy":"product_tag","embeddable":true,"href":"https:\/\/sundar.be\/fr\/wp-json\/wp\/v2\/product_tag?post=52997"}],"curies":[{"name":"wp","href":"https:\/\/api.w.org\/{rel}","templated":true}]}}