{"id":52989,"date":"2025-05-26T18:58:56","date_gmt":"2025-05-26T16:59:48","guid":{"rendered":"https:\/\/sundar.be\/product\/lampe-de-bureau-daylight\/"},"modified":"2025-05-26T18:59:48","modified_gmt":"2025-05-26T16:59:48","slug":"lampe-de-bureau-daylight","status":"publish","type":"product","link":"https:\/\/sundar.be\/fr\/produit\/lampe-de-bureau-daylight\/","title":{"rendered":"Lampe de bureau Daylight"},"content":{"rendered":"<p>Notre lampe de bureau est sp\u00e9cialement con\u00e7ue pour les studios de manucure. Gr\u00e2ce \u00e0 ses tubes lumi\u00e8re froide de 20 watts, elle offre un \u00e9clairage parfait pour votre espace de travail. Son design fin et \u00e9l\u00e9gant en aluminium en fait un v\u00e9ritable atout esth\u00e9tique pour votre studio.  <\/p>\n<p>Longueur : 75,4 cm<\/p>\n<p>Hauteur : 31,9 cm<\/p>\n","protected":false},"excerpt":{"rendered":"<p>Notre lampe de bureau est sp\u00e9cialement con\u00e7ue pour les studios de manucure. Gr\u00e2ce \u00e0 ses tubes lumi\u00e8re froide de 20 watts, elle offre un \u00e9clairage parfait pour votre espace de travail. Son design fin et \u00e9l\u00e9gant en aluminium en fait un v\u00e9ritable atout esth\u00e9tique pour votre studio. Longueur : 75,4 cm Hauteur : 31,9 cm<\/p>\n","protected":false},"featured_media":52987,"comment_status":"open","ping_status":"closed","template":"","meta":{"_acf_changed":false},"product_brand":[],"product_cat":[4945,4769,5821],"product_tag":[],"class_list":{"0":"post-52989","1":"product","2":"type-product","3":"status-publish","4":"has-post-thumbnail","6":"product_cat-amenagement-institut-webshop-fr","7":"product_cat-amenagement-appareils","8":"product_cat-eclairage-salon-lampes-table","10":"first","11":"instock","12":"taxable","13":"shipping-taxable","14":"product-type-simple"},"acf":[],"_links":{"self":[{"href":"https:\/\/sundar.be\/fr\/wp-json\/wp\/v2\/product\/52989","targetHints":{"allow":["GET"]}}],"collection":[{"href":"https:\/\/sundar.be\/fr\/wp-json\/wp\/v2\/product"}],"about":[{"href":"https:\/\/sundar.be\/fr\/wp-json\/wp\/v2\/types\/product"}],"replies":[{"embeddable":true,"href":"https:\/\/sundar.be\/fr\/wp-json\/wp\/v2\/comments?post=52989"}],"wp:featuredmedia":[{"embeddable":true,"href":"https:\/\/sundar.be\/fr\/wp-json\/wp\/v2\/media\/52987"}],"wp:attachment":[{"href":"https:\/\/sundar.be\/fr\/wp-json\/wp\/v2\/media?parent=52989"}],"wp:term":[{"taxonomy":"product_brand","embeddable":true,"href":"https:\/\/sundar.be\/fr\/wp-json\/wp\/v2\/product_brand?post=52989"},{"taxonomy":"product_cat","embeddable":true,"href":"https:\/\/sundar.be\/fr\/wp-json\/wp\/v2\/product_cat?post=52989"},{"taxonomy":"product_tag","embeddable":true,"href":"https:\/\/sundar.be\/fr\/wp-json\/wp\/v2\/product_tag?post=52989"}],"curies":[{"name":"wp","href":"https:\/\/api.w.org\/{rel}","templated":true}]}}