{"id":52980,"date":"2025-05-26T18:52:23","date_gmt":"2025-05-26T16:52:58","guid":{"rendered":"https:\/\/sundar.be\/product\/trepied-a-roulettes-five-star-pour-lampe-loupe\/"},"modified":"2025-05-26T18:52:58","modified_gmt":"2025-05-26T16:52:58","slug":"trepied-a-roulettes-five-star-pour-lampe-loupe","status":"publish","type":"product","link":"https:\/\/sundar.be\/fr\/produit\/trepied-a-roulettes-five-star-pour-lampe-loupe\/","title":{"rendered":"Tr\u00e9pied \u00e0 roulettes Five Star pour lampe-loupe"},"content":{"rendered":"<p>Pied lest\u00e9 compatible avec une lampe-loupe ou une lampe de travail \u00e0 lumi\u00e8re claire.<\/p>\n","protected":false},"excerpt":{"rendered":"<p>Pied lest\u00e9 compatible avec une lampe-loupe ou une lampe de travail \u00e0 lumi\u00e8re claire.<\/p>\n","protected":false},"featured_media":52975,"comment_status":"open","ping_status":"closed","template":"","meta":{"_acf_changed":false},"product_brand":[],"product_cat":[4945,4769,4793],"product_tag":[],"class_list":{"0":"post-52980","1":"product","2":"type-product","3":"status-publish","4":"has-post-thumbnail","6":"product_cat-amenagement-institut-webshop-fr","7":"product_cat-amenagement-appareils","8":"product_cat-loupes-lumineuses-amenagement-appareils","10":"first","11":"instock","12":"taxable","13":"shipping-taxable","14":"product-type-simple"},"acf":[],"_links":{"self":[{"href":"https:\/\/sundar.be\/fr\/wp-json\/wp\/v2\/product\/52980","targetHints":{"allow":["GET"]}}],"collection":[{"href":"https:\/\/sundar.be\/fr\/wp-json\/wp\/v2\/product"}],"about":[{"href":"https:\/\/sundar.be\/fr\/wp-json\/wp\/v2\/types\/product"}],"replies":[{"embeddable":true,"href":"https:\/\/sundar.be\/fr\/wp-json\/wp\/v2\/comments?post=52980"}],"wp:featuredmedia":[{"embeddable":true,"href":"https:\/\/sundar.be\/fr\/wp-json\/wp\/v2\/media\/52975"}],"wp:attachment":[{"href":"https:\/\/sundar.be\/fr\/wp-json\/wp\/v2\/media?parent=52980"}],"wp:term":[{"taxonomy":"product_brand","embeddable":true,"href":"https:\/\/sundar.be\/fr\/wp-json\/wp\/v2\/product_brand?post=52980"},{"taxonomy":"product_cat","embeddable":true,"href":"https:\/\/sundar.be\/fr\/wp-json\/wp\/v2\/product_cat?post=52980"},{"taxonomy":"product_tag","embeddable":true,"href":"https:\/\/sundar.be\/fr\/wp-json\/wp\/v2\/product_tag?post=52980"}],"curies":[{"name":"wp","href":"https:\/\/api.w.org\/{rel}","templated":true}]}}