{"id":52976,"date":"2025-05-26T18:50:54","date_gmt":"2025-05-26T16:52:14","guid":{"rendered":"https:\/\/sundar.be\/product\/trepied-a-roulettes-premium-pour-lampe-loupe\/"},"modified":"2025-05-26T18:52:14","modified_gmt":"2025-05-26T16:52:14","slug":"trepied-a-roulettes-premium-pour-lampe-loupe","status":"publish","type":"product","link":"https:\/\/sundar.be\/fr\/produit\/trepied-a-roulettes-premium-pour-lampe-loupe\/","title":{"rendered":"Tr\u00e9pied \u00e0 roulettes Premium pour lampe-loupe"},"content":{"rendered":"<p>Ce tr\u00e9pied est dot\u00e9 d\u2019un pied lest\u00e9 et est exclusivement compatible avec la lampe-loupe Premium (7332010).<br \/>\nHauteur : 61 cm.<br \/>Roulettes pour un d\u00e9placement facile. <\/p>\n","protected":false},"excerpt":{"rendered":"<p>Ce tr\u00e9pied est dot\u00e9 d\u2019un pied lest\u00e9 et est exclusivement compatible avec la lampe-loupe Premium (7332010). Hauteur : 61 cm.Roulettes pour un d\u00e9placement facile.<\/p>\n","protected":false},"featured_media":52970,"comment_status":"open","ping_status":"closed","template":"","meta":{"_acf_changed":false},"product_brand":[],"product_cat":[4945,4769,4793],"product_tag":[],"class_list":{"0":"post-52976","1":"product","2":"type-product","3":"status-publish","4":"has-post-thumbnail","6":"product_cat-amenagement-institut-webshop-fr","7":"product_cat-amenagement-appareils","8":"product_cat-loupes-lumineuses-amenagement-appareils","10":"first","11":"instock","12":"taxable","13":"shipping-taxable","14":"product-type-simple"},"acf":[],"_links":{"self":[{"href":"https:\/\/sundar.be\/fr\/wp-json\/wp\/v2\/product\/52976","targetHints":{"allow":["GET"]}}],"collection":[{"href":"https:\/\/sundar.be\/fr\/wp-json\/wp\/v2\/product"}],"about":[{"href":"https:\/\/sundar.be\/fr\/wp-json\/wp\/v2\/types\/product"}],"replies":[{"embeddable":true,"href":"https:\/\/sundar.be\/fr\/wp-json\/wp\/v2\/comments?post=52976"}],"wp:featuredmedia":[{"embeddable":true,"href":"https:\/\/sundar.be\/fr\/wp-json\/wp\/v2\/media\/52970"}],"wp:attachment":[{"href":"https:\/\/sundar.be\/fr\/wp-json\/wp\/v2\/media?parent=52976"}],"wp:term":[{"taxonomy":"product_brand","embeddable":true,"href":"https:\/\/sundar.be\/fr\/wp-json\/wp\/v2\/product_brand?post=52976"},{"taxonomy":"product_cat","embeddable":true,"href":"https:\/\/sundar.be\/fr\/wp-json\/wp\/v2\/product_cat?post=52976"},{"taxonomy":"product_tag","embeddable":true,"href":"https:\/\/sundar.be\/fr\/wp-json\/wp\/v2\/product_tag?post=52976"}],"curies":[{"name":"wp","href":"https:\/\/api.w.org\/{rel}","templated":true}]}}