{"id":52971,"date":"2025-05-26T18:49:37","date_gmt":"2025-05-26T16:50:46","guid":{"rendered":"https:\/\/sundar.be\/product\/lampe-loupe-magnify-60-led-58-dioptries\/"},"modified":"2025-05-26T18:50:46","modified_gmt":"2025-05-26T16:50:46","slug":"lampe-loupe-magnify-60-led-58-dioptries","status":"publish","type":"product","link":"https:\/\/sundar.be\/fr\/produit\/lampe-loupe-magnify-60-led-58-dioptries\/","title":{"rendered":"Lampe-loupe Magnify 60 LED 5+8 dioptries"},"content":{"rendered":"<p>Lampe-loupe \u2013 60 LED pour lumi\u00e8re blanche froide \u2013 8W \u2013 5 et 8 dioptries \u2013 livr\u00e9e avec pince.<\/p>\n<p>Cette lampe-loupe est \u00e9galement compatible avec le tr\u00e9pied Premium.<\/p>\n","protected":false},"excerpt":{"rendered":"<p>Lampe-loupe \u2013 60 LED pour lumi\u00e8re blanche froide \u2013 8W \u2013 5 et 8 dioptries \u2013 livr\u00e9e avec pince. Cette lampe-loupe est \u00e9galement compatible avec le tr\u00e9pied Premium.<\/p>\n","protected":false},"featured_media":52967,"comment_status":"open","ping_status":"closed","template":"","meta":{"_acf_changed":false},"product_brand":[],"product_cat":[4945,4769,4793],"product_tag":[],"class_list":{"0":"post-52971","1":"product","2":"type-product","3":"status-publish","4":"has-post-thumbnail","6":"product_cat-amenagement-institut-webshop-fr","7":"product_cat-amenagement-appareils","8":"product_cat-loupes-lumineuses-amenagement-appareils","10":"first","11":"instock","12":"taxable","13":"shipping-taxable","14":"product-type-simple"},"acf":[],"_links":{"self":[{"href":"https:\/\/sundar.be\/fr\/wp-json\/wp\/v2\/product\/52971","targetHints":{"allow":["GET"]}}],"collection":[{"href":"https:\/\/sundar.be\/fr\/wp-json\/wp\/v2\/product"}],"about":[{"href":"https:\/\/sundar.be\/fr\/wp-json\/wp\/v2\/types\/product"}],"replies":[{"embeddable":true,"href":"https:\/\/sundar.be\/fr\/wp-json\/wp\/v2\/comments?post=52971"}],"wp:featuredmedia":[{"embeddable":true,"href":"https:\/\/sundar.be\/fr\/wp-json\/wp\/v2\/media\/52967"}],"wp:attachment":[{"href":"https:\/\/sundar.be\/fr\/wp-json\/wp\/v2\/media?parent=52971"}],"wp:term":[{"taxonomy":"product_brand","embeddable":true,"href":"https:\/\/sundar.be\/fr\/wp-json\/wp\/v2\/product_brand?post=52971"},{"taxonomy":"product_cat","embeddable":true,"href":"https:\/\/sundar.be\/fr\/wp-json\/wp\/v2\/product_cat?post=52971"},{"taxonomy":"product_tag","embeddable":true,"href":"https:\/\/sundar.be\/fr\/wp-json\/wp\/v2\/product_tag?post=52971"}],"curies":[{"name":"wp","href":"https:\/\/api.w.org\/{rel}","templated":true}]}}