{"id":52958,"date":"2025-05-26T18:46:32","date_gmt":"2025-05-26T16:47:49","guid":{"rendered":"https:\/\/sundar.be\/product\/lampe-loupe-de-table\/"},"modified":"2025-05-26T18:47:49","modified_gmt":"2025-05-26T16:47:49","slug":"lampe-loupe-de-table","status":"publish","type":"product","link":"https:\/\/sundar.be\/fr\/produit\/lampe-loupe-de-table\/","title":{"rendered":"Lampe-Loupe de Table"},"content":{"rendered":"<p>Lampe de table pratique pour les petits travaux de pr\u00e9cision (comme le nail art). La loupe a un diam\u00e8tre de 10,2 cm et offre un grossissement de 5x (dioptrie 5). La lampe est \u00e9quip\u00e9e de 48 LED et consomme tr\u00e8s peu d\u2019\u00e9nergie (5 watts). Elle est r\u00e9glable et dot\u00e9e d\u2019un pare-chocs suppl\u00e9mentaire.   <\/p>\n<ul>\n<li>Longueur du c\u00e2ble : 1,5 m<\/li>\n<li>Dioptrie : 5<\/li>\n<li>Pare-chocs de protection<\/li>\n<li>Puissance : 5 watts<\/li>\n<\/ul>\n","protected":false},"excerpt":{"rendered":"<p>Lampe de table pratique pour les petits travaux de pr\u00e9cision (comme le nail art). La loupe a un diam\u00e8tre de 10,2 cm et offre un grossissement de 5x (dioptrie 5). La lampe est \u00e9quip\u00e9e de 48 LED et consomme tr\u00e8s peu d\u2019\u00e9nergie (5 watts). Elle est r\u00e9glable et dot\u00e9e d\u2019un pare-chocs suppl\u00e9mentaire. Longueur du c\u00e2ble [&hellip;]<\/p>\n","protected":false},"featured_media":52957,"comment_status":"open","ping_status":"closed","template":"","meta":{"_acf_changed":false},"product_brand":[],"product_cat":[4945,4769,4793],"product_tag":[],"class_list":{"0":"post-52958","1":"product","2":"type-product","3":"status-publish","4":"has-post-thumbnail","6":"product_cat-amenagement-institut-webshop-fr","7":"product_cat-amenagement-appareils","8":"product_cat-loupes-lumineuses-amenagement-appareils","10":"first","11":"instock","12":"taxable","13":"shipping-taxable","14":"product-type-simple"},"acf":[],"_links":{"self":[{"href":"https:\/\/sundar.be\/fr\/wp-json\/wp\/v2\/product\/52958","targetHints":{"allow":["GET"]}}],"collection":[{"href":"https:\/\/sundar.be\/fr\/wp-json\/wp\/v2\/product"}],"about":[{"href":"https:\/\/sundar.be\/fr\/wp-json\/wp\/v2\/types\/product"}],"replies":[{"embeddable":true,"href":"https:\/\/sundar.be\/fr\/wp-json\/wp\/v2\/comments?post=52958"}],"wp:featuredmedia":[{"embeddable":true,"href":"https:\/\/sundar.be\/fr\/wp-json\/wp\/v2\/media\/52957"}],"wp:attachment":[{"href":"https:\/\/sundar.be\/fr\/wp-json\/wp\/v2\/media?parent=52958"}],"wp:term":[{"taxonomy":"product_brand","embeddable":true,"href":"https:\/\/sundar.be\/fr\/wp-json\/wp\/v2\/product_brand?post=52958"},{"taxonomy":"product_cat","embeddable":true,"href":"https:\/\/sundar.be\/fr\/wp-json\/wp\/v2\/product_cat?post=52958"},{"taxonomy":"product_tag","embeddable":true,"href":"https:\/\/sundar.be\/fr\/wp-json\/wp\/v2\/product_tag?post=52958"}],"curies":[{"name":"wp","href":"https:\/\/api.w.org\/{rel}","templated":true}]}}