{"id":52950,"date":"2025-05-26T18:42:15","date_gmt":"2025-05-26T16:42:54","guid":{"rendered":"https:\/\/sundar.be\/product\/lampe-loupe-magnify-45-led\/"},"modified":"2025-05-26T18:42:54","modified_gmt":"2025-05-26T16:42:54","slug":"lampe-loupe-magnify-45-led","status":"publish","type":"product","link":"https:\/\/sundar.be\/fr\/produit\/lampe-loupe-magnify-45-led\/","title":{"rendered":"Lampe-Loupe Magnify 45 LED"},"content":{"rendered":"<p>Lampe-loupe \u2013 45 LED pour lumi\u00e8re blanche froide \u2013 8W \u2013 5 dioptries \u2013 livr\u00e9e avec pince.<br \/>\nCette lampe-loupe est \u00e9galement compatible avec le tr\u00e9pied Premium.<\/p>\n","protected":false},"excerpt":{"rendered":"<p>Lampe-loupe \u2013 45 LED pour lumi\u00e8re blanche froide \u2013 8W \u2013 5 dioptries \u2013 livr\u00e9e avec pince. Cette lampe-loupe est \u00e9galement compatible avec le tr\u00e9pied Premium.<\/p>\n","protected":false},"featured_media":52948,"comment_status":"open","ping_status":"closed","template":"","meta":{"_acf_changed":false},"product_brand":[],"product_cat":[4945,4769,4793],"product_tag":[],"class_list":{"0":"post-52950","1":"product","2":"type-product","3":"status-publish","4":"has-post-thumbnail","6":"product_cat-amenagement-institut-webshop-fr","7":"product_cat-amenagement-appareils","8":"product_cat-loupes-lumineuses-amenagement-appareils","10":"first","11":"instock","12":"taxable","13":"shipping-taxable","14":"product-type-simple"},"acf":[],"_links":{"self":[{"href":"https:\/\/sundar.be\/fr\/wp-json\/wp\/v2\/product\/52950","targetHints":{"allow":["GET"]}}],"collection":[{"href":"https:\/\/sundar.be\/fr\/wp-json\/wp\/v2\/product"}],"about":[{"href":"https:\/\/sundar.be\/fr\/wp-json\/wp\/v2\/types\/product"}],"replies":[{"embeddable":true,"href":"https:\/\/sundar.be\/fr\/wp-json\/wp\/v2\/comments?post=52950"}],"wp:featuredmedia":[{"embeddable":true,"href":"https:\/\/sundar.be\/fr\/wp-json\/wp\/v2\/media\/52948"}],"wp:attachment":[{"href":"https:\/\/sundar.be\/fr\/wp-json\/wp\/v2\/media?parent=52950"}],"wp:term":[{"taxonomy":"product_brand","embeddable":true,"href":"https:\/\/sundar.be\/fr\/wp-json\/wp\/v2\/product_brand?post=52950"},{"taxonomy":"product_cat","embeddable":true,"href":"https:\/\/sundar.be\/fr\/wp-json\/wp\/v2\/product_cat?post=52950"},{"taxonomy":"product_tag","embeddable":true,"href":"https:\/\/sundar.be\/fr\/wp-json\/wp\/v2\/product_tag?post=52950"}],"curies":[{"name":"wp","href":"https:\/\/api.w.org\/{rel}","templated":true}]}}