{"id":52944,"date":"2025-05-26T18:38:57","date_gmt":"2025-05-26T16:40:52","guid":{"rendered":"https:\/\/sundar.be\/product\/lampe-loupe-rond-elegance-5d-60-led\/"},"modified":"2025-05-26T18:40:52","modified_gmt":"2025-05-26T16:40:52","slug":"lampe-loupe-rond-elegance-5d-60-led","status":"publish","type":"product","link":"https:\/\/sundar.be\/fr\/produit\/lampe-loupe-rond-elegance-5d-60-led\/","title":{"rendered":"Lampe-Loupe Rond Elegance 5D 60 LED"},"content":{"rendered":"<p>Belle lampe de qualit\u00e9 avec poign\u00e9e pratique pour un r\u00e9glage rapide et pr\u00e9cis. Le syst\u00e8me &lsquo;steady lock&rsquo; dans le bras articul\u00e9 permet \u00e0 la lampe de rester exactement en place l\u00e0 o\u00f9 vous la laissez. Fini les frustrations caus\u00e9es par un ressort qui saute ou un bras qui s&rsquo;affaisse avec le temps.  <\/p>\n<p>La lampe est \u00e9quip\u00e9e de 60 LED offrant une lumi\u00e8re claire, \u00e9liminant efficacement toutes les ombres g\u00eanantes sur l&rsquo;objet \u00e9clair\u00e9. L\u2019\u00e9clairage reste parfaitement propre, car les LED sont int\u00e9gr\u00e9es dans un capot. La lampe est livr\u00e9e avec une pince de table incluse.  <\/p>\n<p>Cette lampe se distingue par une tr\u00e8s faible consommation d&rsquo;\u00e9nergie et une longue dur\u00e9e de vie des LED (environ 4000 heures), ce qui permet d\u2019observer la peau avec une excellente luminosit\u00e9.<\/p>\n<p>La lampe est \u00e9galement disponible sur roulettes.<\/p>\n<p>Dioptrie: 5<\/p>\n<p><strong>Le set comprend :<\/strong><\/p>\n<ul>\n<li>Lampe-loupe ;<\/li>\n<li>C\u00e2ble d\u2019alimentation ;<\/li>\n<li>Garantie;<\/li>\n<li>60 diodes LED ;<\/li>\n<li>820 lumens;<\/li>\n<li>Temp\u00e9rature de couleur : 6500K ;<\/li>\n<li>Tension : 220-240V ;<\/li>\n<li>Puissance : 10W.<\/li>\n<\/ul>\n","protected":false},"excerpt":{"rendered":"<p>Belle lampe de qualit\u00e9 avec poign\u00e9e pratique pour un r\u00e9glage rapide et pr\u00e9cis. Le syst\u00e8me &lsquo;steady lock&rsquo; dans le bras articul\u00e9 permet \u00e0 la lampe de rester exactement en place l\u00e0 o\u00f9 vous la laissez. Fini les frustrations caus\u00e9es par un ressort qui saute ou un bras qui s&rsquo;affaisse avec le temps. La lampe est [&hellip;]<\/p>\n","protected":false},"featured_media":52943,"comment_status":"open","ping_status":"closed","template":"","meta":{"_acf_changed":false},"product_brand":[],"product_cat":[4945,4769,4793],"product_tag":[],"class_list":{"0":"post-52944","1":"product","2":"type-product","3":"status-publish","4":"has-post-thumbnail","6":"product_cat-amenagement-institut-webshop-fr","7":"product_cat-amenagement-appareils","8":"product_cat-loupes-lumineuses-amenagement-appareils","10":"first","11":"instock","12":"taxable","13":"shipping-taxable","14":"product-type-simple"},"acf":[],"_links":{"self":[{"href":"https:\/\/sundar.be\/fr\/wp-json\/wp\/v2\/product\/52944","targetHints":{"allow":["GET"]}}],"collection":[{"href":"https:\/\/sundar.be\/fr\/wp-json\/wp\/v2\/product"}],"about":[{"href":"https:\/\/sundar.be\/fr\/wp-json\/wp\/v2\/types\/product"}],"replies":[{"embeddable":true,"href":"https:\/\/sundar.be\/fr\/wp-json\/wp\/v2\/comments?post=52944"}],"wp:featuredmedia":[{"embeddable":true,"href":"https:\/\/sundar.be\/fr\/wp-json\/wp\/v2\/media\/52943"}],"wp:attachment":[{"href":"https:\/\/sundar.be\/fr\/wp-json\/wp\/v2\/media?parent=52944"}],"wp:term":[{"taxonomy":"product_brand","embeddable":true,"href":"https:\/\/sundar.be\/fr\/wp-json\/wp\/v2\/product_brand?post=52944"},{"taxonomy":"product_cat","embeddable":true,"href":"https:\/\/sundar.be\/fr\/wp-json\/wp\/v2\/product_cat?post=52944"},{"taxonomy":"product_tag","embeddable":true,"href":"https:\/\/sundar.be\/fr\/wp-json\/wp\/v2\/product_tag?post=52944"}],"curies":[{"name":"wp","href":"https:\/\/api.w.org\/{rel}","templated":true}]}}