{"id":52934,"date":"2025-05-23T08:48:44","date_gmt":"2025-05-26T06:46:28","guid":{"rendered":"https:\/\/sundar.be\/product\/sibel-epil-hair-pro-traditional-sugar-wax\/"},"modified":"2025-05-26T08:46:28","modified_gmt":"2025-05-26T06:46:28","slug":"sibel-epil-hair-pro-traditional-sugar-wax","status":"publish","type":"product","link":"https:\/\/sundar.be\/fr\/produit\/sibel-epil-hair-pro-traditional-sugar-wax\/","title":{"rendered":"Sibel Epil Hair Pro Traditional Sugar Wax"},"content":{"rendered":"<p>P\u00e2te \u00e0 sucre traditionnelle \u00e0 base totalement naturelle. La p\u00e2te est p\u00e9trie avant utilisation, appliqu\u00e9e et retir\u00e9e \u00e0 la main.<br \/>\nConvient \u00e0 tous les types de peau, y compris pour les poils tr\u00e8s courts de 2 \u00e0 3 mm.  <\/p>\n","protected":false},"excerpt":{"rendered":"<p>P\u00e2te \u00e0 sucre traditionnelle \u00e0 base totalement naturelle. La p\u00e2te est p\u00e9trie avant utilisation, appliqu\u00e9e et retir\u00e9e \u00e0 la main. Convient \u00e0 tous les types de peau, y compris pour les poils tr\u00e8s courts de 2 \u00e0 3 mm.<\/p>\n","protected":false},"featured_media":51965,"comment_status":"open","ping_status":"closed","template":"","meta":{"_acf_changed":false},"product_brand":[],"product_cat":[4767,1584,5720,4603],"product_tag":[],"class_list":{"0":"post-52934","1":"product","2":"type-product","3":"status-publish","4":"has-post-thumbnail","6":"product_cat-beaute","7":"product_cat-depilation","8":"product_cat-epilation-resine-sucre","9":"product_cat-epilation-sucre","10":"pa_inhoud-1000-ml-fr","11":"pa_inhoud-500-ml-fr","13":"first","14":"instock","15":"taxable","16":"shipping-taxable","17":"product-type-variable"},"acf":[],"_links":{"self":[{"href":"https:\/\/sundar.be\/fr\/wp-json\/wp\/v2\/product\/52934","targetHints":{"allow":["GET"]}}],"collection":[{"href":"https:\/\/sundar.be\/fr\/wp-json\/wp\/v2\/product"}],"about":[{"href":"https:\/\/sundar.be\/fr\/wp-json\/wp\/v2\/types\/product"}],"replies":[{"embeddable":true,"href":"https:\/\/sundar.be\/fr\/wp-json\/wp\/v2\/comments?post=52934"}],"wp:featuredmedia":[{"embeddable":true,"href":"https:\/\/sundar.be\/fr\/wp-json\/wp\/v2\/media\/51965"}],"wp:attachment":[{"href":"https:\/\/sundar.be\/fr\/wp-json\/wp\/v2\/media?parent=52934"}],"wp:term":[{"taxonomy":"product_brand","embeddable":true,"href":"https:\/\/sundar.be\/fr\/wp-json\/wp\/v2\/product_brand?post=52934"},{"taxonomy":"product_cat","embeddable":true,"href":"https:\/\/sundar.be\/fr\/wp-json\/wp\/v2\/product_cat?post=52934"},{"taxonomy":"product_tag","embeddable":true,"href":"https:\/\/sundar.be\/fr\/wp-json\/wp\/v2\/product_tag?post=52934"}],"curies":[{"name":"wp","href":"https:\/\/api.w.org\/{rel}","templated":true}]}}