{"id":52922,"date":"2025-05-23T09:04:07","date_gmt":"2025-05-23T07:04:07","guid":{"rendered":"https:\/\/sundar.be\/product\/radeq-lab-hexagonal-restore-balm-150ml\/"},"modified":"2025-12-02T08:06:00","modified_gmt":"2025-12-02T07:06:00","slug":"radeq-lab-hexagonal-restore-balm-150ml","status":"publish","type":"product","link":"https:\/\/sundar.be\/fr\/produit\/radeq-lab-hexagonal-restore-balm-150ml\/","title":{"rendered":"Radeq Lab Hexagonal Restore Balm, 150ml"},"content":{"rendered":"<p><span style=\"color: #557e96;\"><strong>Radeq Lab Hexagonal Restore Balm<\/strong><\/span> est un baume r\u00e9parateur et apaisant intensif qui calme imm\u00e9diatement la peau apr\u00e8s l\u2019\u00e9pilation. Sa formule luxueuse et respectueuse de la peau combine pr\u00e9biotiques, lipides biomim\u00e9tiques, aloe vera, acide hyaluronique et huiles v\u00e9g\u00e9tales pour r\u00e9duire les rougeurs, restaurer la peau et renforcer le microbiome. Gr\u00e2ce \u00e0 sa texture fondante et protectrice, la peau est imm\u00e9diatement confortable, nourrie et souple \u2014 id\u00e9al m\u00eame pour les zones les plus sensibles.  <\/p>\n","protected":false},"excerpt":{"rendered":"<p>Ce baume r\u00e9parateur apaise, hydrate et nourrit intens\u00e9ment la peau apr\u00e8s l\u2019\u00e9pilation. Il r\u00e9duit imm\u00e9diatement les rougeurs et aide la barri\u00e8re cutan\u00e9e \u00e0 se restaurer plus rapidement. <\/p>\n","protected":false},"featured_media":52004,"comment_status":"open","ping_status":"closed","template":"","meta":{"_acf_changed":false},"product_brand":[],"product_cat":[4767,1584,5243],"product_tag":[],"class_list":{"0":"post-52922","1":"product","2":"type-product","3":"status-publish","4":"has-post-thumbnail","6":"product_cat-beaute","7":"product_cat-depilation","8":"product_cat-soin-pres-post-epilation","10":"first","11":"instock","12":"taxable","13":"shipping-taxable","14":"product-type-simple"},"acf":[],"_links":{"self":[{"href":"https:\/\/sundar.be\/fr\/wp-json\/wp\/v2\/product\/52922","targetHints":{"allow":["GET"]}}],"collection":[{"href":"https:\/\/sundar.be\/fr\/wp-json\/wp\/v2\/product"}],"about":[{"href":"https:\/\/sundar.be\/fr\/wp-json\/wp\/v2\/types\/product"}],"replies":[{"embeddable":true,"href":"https:\/\/sundar.be\/fr\/wp-json\/wp\/v2\/comments?post=52922"}],"wp:featuredmedia":[{"embeddable":true,"href":"https:\/\/sundar.be\/fr\/wp-json\/wp\/v2\/media\/52004"}],"wp:attachment":[{"href":"https:\/\/sundar.be\/fr\/wp-json\/wp\/v2\/media?parent=52922"}],"wp:term":[{"taxonomy":"product_brand","embeddable":true,"href":"https:\/\/sundar.be\/fr\/wp-json\/wp\/v2\/product_brand?post=52922"},{"taxonomy":"product_cat","embeddable":true,"href":"https:\/\/sundar.be\/fr\/wp-json\/wp\/v2\/product_cat?post=52922"},{"taxonomy":"product_tag","embeddable":true,"href":"https:\/\/sundar.be\/fr\/wp-json\/wp\/v2\/product_tag?post=52922"}],"curies":[{"name":"wp","href":"https:\/\/api.w.org\/{rel}","templated":true}]}}