{"id":52920,"date":"2025-05-23T09:05:59","date_gmt":"2025-05-23T07:05:59","guid":{"rendered":"https:\/\/sundar.be\/product\/radeq-lab-prebiotic-cleanser-430ml\/"},"modified":"2025-12-01T16:49:40","modified_gmt":"2025-12-01T15:49:40","slug":"radeq-lab-prebiotic-cleanser-430ml","status":"publish","type":"product","link":"https:\/\/sundar.be\/fr\/produit\/radeq-lab-prebiotic-cleanser-430ml\/","title":{"rendered":"Radeq Lab Prebiotic Cleanser, 430ml"},"content":{"rendered":"<p><span style=\"color: #557e96;\"><strong>Radeq Lab Prebiotic Cleanser<\/strong><\/span> est un nettoyant doux et efficace qui pr\u00e9pare parfaitement la peau \u00e0 tout soin d\u2019\u00e9pilation \u00e0 la cire ou au sucre. Sa formule \u00e0 base de pr\u00e9biotiques, d\u2019\u00e9corce de saule et d\u2019extrait d\u2019avoine \u00e9limine impuret\u00e9s, sueur et s\u00e9bum sans ass\u00e9cher la peau. La peau est fra\u00eeche, propre et parfaitement \u00e9quilibr\u00e9e, ce qui permet une meilleure adh\u00e9rence de la cire et une \u00e9pilation plus confortable et plus efficace.  <\/p>\n","protected":false},"excerpt":{"rendered":"<p>Ce nettoyant pr\u00e9biotique doux purifie et d\u00e9graisse la peau avant l\u2019\u00e9pilation sans provoquer d\u2019irritation. Il pr\u00e9pare la peau de fa\u00e7on optimale pour une \u00e9pilation efficace et confortable. <\/p>\n","protected":false},"featured_media":52010,"comment_status":"open","ping_status":"closed","template":"","meta":{"_acf_changed":false},"product_brand":[],"product_cat":[4767,1584,5243],"product_tag":[],"class_list":{"0":"post-52920","1":"product","2":"type-product","3":"status-publish","4":"has-post-thumbnail","6":"product_cat-beaute","7":"product_cat-depilation","8":"product_cat-soin-pres-post-epilation","10":"first","11":"instock","12":"taxable","13":"shipping-taxable","14":"product-type-simple"},"acf":[],"_links":{"self":[{"href":"https:\/\/sundar.be\/fr\/wp-json\/wp\/v2\/product\/52920","targetHints":{"allow":["GET"]}}],"collection":[{"href":"https:\/\/sundar.be\/fr\/wp-json\/wp\/v2\/product"}],"about":[{"href":"https:\/\/sundar.be\/fr\/wp-json\/wp\/v2\/types\/product"}],"replies":[{"embeddable":true,"href":"https:\/\/sundar.be\/fr\/wp-json\/wp\/v2\/comments?post=52920"}],"wp:featuredmedia":[{"embeddable":true,"href":"https:\/\/sundar.be\/fr\/wp-json\/wp\/v2\/media\/52010"}],"wp:attachment":[{"href":"https:\/\/sundar.be\/fr\/wp-json\/wp\/v2\/media?parent=52920"}],"wp:term":[{"taxonomy":"product_brand","embeddable":true,"href":"https:\/\/sundar.be\/fr\/wp-json\/wp\/v2\/product_brand?post=52920"},{"taxonomy":"product_cat","embeddable":true,"href":"https:\/\/sundar.be\/fr\/wp-json\/wp\/v2\/product_cat?post=52920"},{"taxonomy":"product_tag","embeddable":true,"href":"https:\/\/sundar.be\/fr\/wp-json\/wp\/v2\/product_tag?post=52920"}],"curies":[{"name":"wp","href":"https:\/\/api.w.org\/{rel}","templated":true}]}}