{"id":52919,"date":"2025-05-23T09:22:12","date_gmt":"2025-05-23T07:22:12","guid":{"rendered":"https:\/\/sundar.be\/product\/radeq-lab-prebiotic-soothing-serum-200ml\/"},"modified":"2025-12-01T16:40:34","modified_gmt":"2025-12-01T15:40:34","slug":"radeq-lab-prebiotic-soothing-serum-200ml","status":"publish","type":"product","link":"https:\/\/sundar.be\/fr\/produit\/radeq-lab-prebiotic-soothing-serum-200ml\/","title":{"rendered":"Radeq Lab Prebiotic Soothing Serum, 200ml"},"content":{"rendered":"<p><span style=\"color: #557e96;\"><strong>Radeq Lab Prebiotic Soothing Serum<\/strong><\/span> est un s\u00e9rum intens\u00e9ment apaisant et r\u00e9parateur qui calme imm\u00e9diatement la peau apr\u00e8s l\u2019\u00e9pilation. Sa formule l\u00e9g\u00e8re, \u00e0 absorption rapide, enrichie en pr\u00e9biotiques, extraits botaniques et agents hydratants, r\u00e9duit les rougeurs, soutient la r\u00e9g\u00e9n\u00e9ration et aide \u00e0 pr\u00e9venir les poils incarn\u00e9s. Le s\u00e9rum laisse la peau fra\u00eeche, apais\u00e9e et parfaitement soign\u00e9e, m\u00eame sur les zones sensibles comme les aisselles, le maillot et le visage.  <\/p>\n","protected":false},"excerpt":{"rendered":"<p>Ce s\u00e9rum ultra-apaisant r\u00e9pare et calme imm\u00e9diatement la peau apr\u00e8s l\u2019\u00e9pilation gr\u00e2ce aux pr\u00e9biotiques, \u00e0 l\u2019\u00e9corce de saule et \u00e0 l\u2019extrait d\u2019avoine. La peau para\u00eet fra\u00eeche, apais\u00e9e et parfaitement \u00e9quilibr\u00e9e. <\/p>\n","protected":false},"featured_media":52013,"comment_status":"open","ping_status":"closed","template":"","meta":{"_acf_changed":false},"product_brand":[],"product_cat":[4767,1584,5243],"product_tag":[],"class_list":{"0":"post-52919","1":"product","2":"type-product","3":"status-publish","4":"has-post-thumbnail","6":"product_cat-beaute","7":"product_cat-depilation","8":"product_cat-soin-pres-post-epilation","10":"first","11":"instock","12":"taxable","13":"shipping-taxable","14":"product-type-simple"},"acf":[],"_links":{"self":[{"href":"https:\/\/sundar.be\/fr\/wp-json\/wp\/v2\/product\/52919","targetHints":{"allow":["GET"]}}],"collection":[{"href":"https:\/\/sundar.be\/fr\/wp-json\/wp\/v2\/product"}],"about":[{"href":"https:\/\/sundar.be\/fr\/wp-json\/wp\/v2\/types\/product"}],"replies":[{"embeddable":true,"href":"https:\/\/sundar.be\/fr\/wp-json\/wp\/v2\/comments?post=52919"}],"wp:featuredmedia":[{"embeddable":true,"href":"https:\/\/sundar.be\/fr\/wp-json\/wp\/v2\/media\/52013"}],"wp:attachment":[{"href":"https:\/\/sundar.be\/fr\/wp-json\/wp\/v2\/media?parent=52919"}],"wp:term":[{"taxonomy":"product_brand","embeddable":true,"href":"https:\/\/sundar.be\/fr\/wp-json\/wp\/v2\/product_brand?post=52919"},{"taxonomy":"product_cat","embeddable":true,"href":"https:\/\/sundar.be\/fr\/wp-json\/wp\/v2\/product_cat?post=52919"},{"taxonomy":"product_tag","embeddable":true,"href":"https:\/\/sundar.be\/fr\/wp-json\/wp\/v2\/product_tag?post=52919"}],"curies":[{"name":"wp","href":"https:\/\/api.w.org\/{rel}","templated":true}]}}