{"id":52915,"date":"2025-05-23T09:27:27","date_gmt":"2025-05-26T06:23:35","guid":{"rendered":"https:\/\/sundar.be\/product\/sibel-epil-hair-pro-hot-wax-pink-pearls\/"},"modified":"2025-05-26T08:23:35","modified_gmt":"2025-05-26T06:23:35","slug":"sibel-epil-hair-pro-hot-wax-pink-pearls","status":"publish","type":"product","link":"https:\/\/sundar.be\/fr\/produit\/sibel-epil-hair-pro-hot-wax-pink-pearls\/","title":{"rendered":"Sibel Epil Hair Pro Hot Wax Pink Pearls"},"content":{"rendered":"<div class=\"main-product-bottom md-bottom\">\n<div class=\"product-normal-layout\">\n<div class=\"block md-bottom product-description-block \">\n<div class=\"block-content box-bg\">\n<div class=\"product-description typo\">Cette cire r\u00e9utilisable en perles s\u2019utilise \u00e0 une temp\u00e9rature de 40 \u00e0 45\u202f\u00b0C \u2013 sans bandes.<\/div>\n<\/div>\n<\/div>\n<\/div>\n<\/div>\n<section class=\"crossselling-products mb-2\">\n<div class=\"block clearfix\">\n<div class=\"title-block d-flex flex-wrap\"><\/div>\n<\/div>\n<\/section>\n","protected":false},"excerpt":{"rendered":"<p>Cette cire r\u00e9utilisable en perles s\u2019utilise \u00e0 une temp\u00e9rature de 40 \u00e0 45\u202f\u00b0C \u2013 sans bandes.<\/p>\n","protected":false},"featured_media":52021,"comment_status":"open","ping_status":"closed","template":"","meta":{"_acf_changed":false},"product_brand":[],"product_cat":[4767,1584,5720,4601],"product_tag":[],"class_list":{"0":"post-52915","1":"product","2":"type-product","3":"status-publish","4":"has-post-thumbnail","6":"product_cat-beaute","7":"product_cat-depilation","8":"product_cat-epilation-resine-sucre","9":"product_cat-perles-de-cire","10":"pa_inhoud-1000-g-fr","11":"pa_inhoud-250-g-fr-2","13":"first","14":"instock","15":"taxable","16":"shipping-taxable","17":"product-type-variable"},"acf":[],"_links":{"self":[{"href":"https:\/\/sundar.be\/fr\/wp-json\/wp\/v2\/product\/52915","targetHints":{"allow":["GET"]}}],"collection":[{"href":"https:\/\/sundar.be\/fr\/wp-json\/wp\/v2\/product"}],"about":[{"href":"https:\/\/sundar.be\/fr\/wp-json\/wp\/v2\/types\/product"}],"replies":[{"embeddable":true,"href":"https:\/\/sundar.be\/fr\/wp-json\/wp\/v2\/comments?post=52915"}],"wp:featuredmedia":[{"embeddable":true,"href":"https:\/\/sundar.be\/fr\/wp-json\/wp\/v2\/media\/52021"}],"wp:attachment":[{"href":"https:\/\/sundar.be\/fr\/wp-json\/wp\/v2\/media?parent=52915"}],"wp:term":[{"taxonomy":"product_brand","embeddable":true,"href":"https:\/\/sundar.be\/fr\/wp-json\/wp\/v2\/product_brand?post=52915"},{"taxonomy":"product_cat","embeddable":true,"href":"https:\/\/sundar.be\/fr\/wp-json\/wp\/v2\/product_cat?post=52915"},{"taxonomy":"product_tag","embeddable":true,"href":"https:\/\/sundar.be\/fr\/wp-json\/wp\/v2\/product_tag?post=52915"}],"curies":[{"name":"wp","href":"https:\/\/api.w.org\/{rel}","templated":true}]}}