{"id":52901,"date":"2025-05-23T09:42:46","date_gmt":"2025-05-26T06:19:55","guid":{"rendered":"https:\/\/sundar.be\/product\/sibel-epil-hair-pro-hot-beeswax\/"},"modified":"2025-05-26T08:19:55","modified_gmt":"2025-05-26T06:19:55","slug":"sibel-epil-hair-pro-hot-beeswax","status":"publish","type":"product","link":"https:\/\/sundar.be\/fr\/produit\/sibel-epil-hair-pro-hot-beeswax\/","title":{"rendered":"Sibel Epil Hair Pro Hot Beeswax"},"content":{"rendered":"<p>Choix entre diff\u00e9rentes cires en perles. S\u00e9lectionnez un produit pour en d\u00e9couvrir les diff\u00e9rences. <\/p>\n","protected":false},"excerpt":{"rendered":"<p>Choix entre diff\u00e9rentes cires en perles. S\u00e9lectionnez un produit pour en d\u00e9couvrir les diff\u00e9rences.<\/p>\n","protected":false},"featured_media":52062,"comment_status":"open","ping_status":"closed","template":"","meta":{"_acf_changed":false},"product_brand":[],"product_cat":[4767,1584,5720,4601],"product_tag":[],"class_list":{"0":"post-52901","1":"product","2":"type-product","3":"status-publish","4":"has-post-thumbnail","6":"product_cat-beaute","7":"product_cat-depilation","8":"product_cat-epilation-resine-sucre","9":"product_cat-perles-de-cire","10":"pa_inhoud-1000-g-fr","11":"pa_inhoud-250-g-fr-2","12":"pa_kleur-black-charcoal","13":"pa_kleur-cream-white","14":"pa_kleur-green","15":"pa_kleur-natural","16":"pa_kleur-pink-gezicht-lichaam","18":"first","19":"instock","20":"taxable","21":"shipping-taxable","22":"product-type-variable"},"acf":[],"_links":{"self":[{"href":"https:\/\/sundar.be\/fr\/wp-json\/wp\/v2\/product\/52901","targetHints":{"allow":["GET"]}}],"collection":[{"href":"https:\/\/sundar.be\/fr\/wp-json\/wp\/v2\/product"}],"about":[{"href":"https:\/\/sundar.be\/fr\/wp-json\/wp\/v2\/types\/product"}],"replies":[{"embeddable":true,"href":"https:\/\/sundar.be\/fr\/wp-json\/wp\/v2\/comments?post=52901"}],"wp:featuredmedia":[{"embeddable":true,"href":"https:\/\/sundar.be\/fr\/wp-json\/wp\/v2\/media\/52062"}],"wp:attachment":[{"href":"https:\/\/sundar.be\/fr\/wp-json\/wp\/v2\/media?parent=52901"}],"wp:term":[{"taxonomy":"product_brand","embeddable":true,"href":"https:\/\/sundar.be\/fr\/wp-json\/wp\/v2\/product_brand?post=52901"},{"taxonomy":"product_cat","embeddable":true,"href":"https:\/\/sundar.be\/fr\/wp-json\/wp\/v2\/product_cat?post=52901"},{"taxonomy":"product_tag","embeddable":true,"href":"https:\/\/sundar.be\/fr\/wp-json\/wp\/v2\/product_tag?post=52901"}],"curies":[{"name":"wp","href":"https:\/\/api.w.org\/{rel}","templated":true}]}}