{"id":52900,"date":"2025-05-23T09:44:05","date_gmt":"2025-05-26T06:18:17","guid":{"rendered":"https:\/\/sundar.be\/product\/sibel-epil-hair-pro-vegan-hot-wax-800g\/"},"modified":"2025-05-26T08:18:17","modified_gmt":"2025-05-26T06:18:17","slug":"sibel-epil-hair-pro-vegan-hot-wax-800g","status":"publish","type":"product","link":"https:\/\/sundar.be\/fr\/produit\/sibel-epil-hair-pro-vegan-hot-wax-800g\/","title":{"rendered":"Sibel Epil Hair Pro VEGAN Hot Wax, 800g"},"content":{"rendered":"<p><strong>Sibel Vegan Wax<\/strong><\/p>\n<p>D\u00e9couvrez notre toute nouvelle cire \u00e0 formule v\u00e9gane.<br \/>Sans ingr\u00e9dients d\u2019origine animale, sans conservateurs, sans colorants ni parfums.<br \/>La cire est enrichie en huile de Tamanu, reconnue pour ses propri\u00e9t\u00e9s r\u00e9paratrices, apaisantes et purifiantes.   <\/p>\n<p><strong>Tamanu Oil<\/strong><\/p>\n<p>Cette huile v\u00e9g\u00e9tale est r\u00e9put\u00e9e pour ses propri\u00e9t\u00e9s anti-inflammatoires. Elle aide \u00e0 apaiser les irritations cutan\u00e9es apr\u00e8s l\u2019\u00e9pilation.<br \/>L\u2019huile de Tamanu utilis\u00e9e dans notre cire Epil\u2019Hair Pro provient d\u2019une source durable.  <\/p>\n<p>&nbsp;<\/p>\n","protected":false},"excerpt":{"rendered":"<p>Sibel Vegan Wax D\u00e9couvrez notre toute nouvelle cire \u00e0 formule v\u00e9gane.Sans ingr\u00e9dients d\u2019origine animale, sans conservateurs, sans colorants ni parfums.La cire est enrichie en huile de Tamanu, reconnue pour ses propri\u00e9t\u00e9s r\u00e9paratrices, apaisantes et purifiantes. Tamanu Oil Cette huile v\u00e9g\u00e9tale est r\u00e9put\u00e9e pour ses propri\u00e9t\u00e9s anti-inflammatoires. Elle aide \u00e0 apaiser les irritations cutan\u00e9es apr\u00e8s l\u2019\u00e9pilation.L\u2019huile [&hellip;]<\/p>\n","protected":false},"featured_media":52067,"comment_status":"open","ping_status":"closed","template":"","meta":{"_acf_changed":false},"product_brand":[],"product_cat":[4767,1584,5720,4601],"product_tag":[],"class_list":{"0":"post-52900","1":"product","2":"type-product","3":"status-publish","4":"has-post-thumbnail","6":"product_cat-beaute","7":"product_cat-depilation","8":"product_cat-epilation-resine-sucre","9":"product_cat-perles-de-cire","11":"first","12":"instock","13":"taxable","14":"shipping-taxable","15":"product-type-simple"},"acf":[],"_links":{"self":[{"href":"https:\/\/sundar.be\/fr\/wp-json\/wp\/v2\/product\/52900","targetHints":{"allow":["GET"]}}],"collection":[{"href":"https:\/\/sundar.be\/fr\/wp-json\/wp\/v2\/product"}],"about":[{"href":"https:\/\/sundar.be\/fr\/wp-json\/wp\/v2\/types\/product"}],"replies":[{"embeddable":true,"href":"https:\/\/sundar.be\/fr\/wp-json\/wp\/v2\/comments?post=52900"}],"wp:featuredmedia":[{"embeddable":true,"href":"https:\/\/sundar.be\/fr\/wp-json\/wp\/v2\/media\/52067"}],"wp:attachment":[{"href":"https:\/\/sundar.be\/fr\/wp-json\/wp\/v2\/media?parent=52900"}],"wp:term":[{"taxonomy":"product_brand","embeddable":true,"href":"https:\/\/sundar.be\/fr\/wp-json\/wp\/v2\/product_brand?post=52900"},{"taxonomy":"product_cat","embeddable":true,"href":"https:\/\/sundar.be\/fr\/wp-json\/wp\/v2\/product_cat?post=52900"},{"taxonomy":"product_tag","embeddable":true,"href":"https:\/\/sundar.be\/fr\/wp-json\/wp\/v2\/product_tag?post=52900"}],"curies":[{"name":"wp","href":"https:\/\/api.w.org\/{rel}","templated":true}]}}