{"id":52896,"date":"2025-05-23T09:55:49","date_gmt":"2025-05-26T06:17:30","guid":{"rendered":"https:\/\/sundar.be\/product\/sibel-ontharingskit\/"},"modified":"2025-05-26T08:17:30","modified_gmt":"2025-05-26T06:17:30","slug":"sibel-ontharingskit","status":"publish","type":"product","link":"https:\/\/sundar.be\/fr\/produit\/sibel-ontharingskit\/","title":{"rendered":"Sibel Ontharingskit"},"content":{"rendered":"<p><strong>Kit d&rsquo;\u00e9pilation Peaux Sensibles<\/strong><\/p>\n<ul>\n<li>1\u00d7 chauffe-cartouche de cire<\/li>\n<li>2\u00d7 cartouches de cire peaux sensibles \u00e0 l\u2019aloe vera 100 ml<\/li>\n<li>1\u00d7 huile post-\u00e9pilation 75 ml<\/li>\n<li>1\u00d7 50 feuilles de bandes d\u2019\u00e9pilation<\/li>\n<\/ul>\n<p><strong>Kit d&rsquo;\u00e9pilation Basic<\/strong><\/p>\n<ul>\n<li>1\u00d7 appareil chauffe-cire<\/li>\n<li>1\u00d7 cartouche de cire au miel, t\u00eate large<\/li>\n<li>1\u00d7 cartouche de cire au miel, t\u00eate fine<\/li>\n<li>1\u00d7 flacon d\u2019huile post-\u00e9pilation<\/li>\n<li>1\u00d7 sachet de bandes d\u2019\u00e9pilation<\/li>\n<\/ul>\n<p><strong>Kit d&rsquo;\u00e9pilation Peaux Normales<\/strong><\/p>\n<ul>\n<li>1\u00d7 chauffe-cartouche de cire<\/li>\n<li>2\u00d7 cartouches de cire peaux normales 100 ml<\/li>\n<li>1\u00d7 huile post-\u00e9pilation 75 ml<\/li>\n<li>1\u00d7 50 feuilles de bandes d\u2019\u00e9pilation<\/li>\n<\/ul>\n","protected":false},"excerpt":{"rendered":"<p>Kit d&rsquo;\u00e9pilation Peaux Sensibles 1\u00d7 chauffe-cartouche de cire 2\u00d7 cartouches de cire peaux sensibles \u00e0 l\u2019aloe vera 100 ml 1\u00d7 huile post-\u00e9pilation 75 ml 1\u00d7 50 feuilles de bandes d\u2019\u00e9pilation Kit d&rsquo;\u00e9pilation Basic 1\u00d7 appareil chauffe-cire 1\u00d7 cartouche de cire au miel, t\u00eate large 1\u00d7 cartouche de cire au miel, t\u00eate fine 1\u00d7 flacon d\u2019huile [&hellip;]<\/p>\n","protected":false},"featured_media":52073,"comment_status":"open","ping_status":"closed","template":"","meta":{"_acf_changed":false},"product_brand":[],"product_cat":[4767,1584,5734],"product_tag":[],"class_list":{"0":"post-52896","1":"product","2":"type-product","3":"status-publish","4":"has-post-thumbnail","6":"product_cat-beaute","7":"product_cat-depilation","8":"product_cat-kits-demarrage-epilation","9":"pa_vorm-kit-depilation-basic","10":"pa_vorm-kit-depilation-peaux-normales","11":"pa_vorm-kit-depilation-peaux-sensibles","13":"first","14":"instock","15":"taxable","16":"shipping-taxable","17":"product-type-variable"},"acf":[],"_links":{"self":[{"href":"https:\/\/sundar.be\/fr\/wp-json\/wp\/v2\/product\/52896","targetHints":{"allow":["GET"]}}],"collection":[{"href":"https:\/\/sundar.be\/fr\/wp-json\/wp\/v2\/product"}],"about":[{"href":"https:\/\/sundar.be\/fr\/wp-json\/wp\/v2\/types\/product"}],"replies":[{"embeddable":true,"href":"https:\/\/sundar.be\/fr\/wp-json\/wp\/v2\/comments?post=52896"}],"wp:featuredmedia":[{"embeddable":true,"href":"https:\/\/sundar.be\/fr\/wp-json\/wp\/v2\/media\/52073"}],"wp:attachment":[{"href":"https:\/\/sundar.be\/fr\/wp-json\/wp\/v2\/media?parent=52896"}],"wp:term":[{"taxonomy":"product_brand","embeddable":true,"href":"https:\/\/sundar.be\/fr\/wp-json\/wp\/v2\/product_brand?post=52896"},{"taxonomy":"product_cat","embeddable":true,"href":"https:\/\/sundar.be\/fr\/wp-json\/wp\/v2\/product_cat?post=52896"},{"taxonomy":"product_tag","embeddable":true,"href":"https:\/\/sundar.be\/fr\/wp-json\/wp\/v2\/product_tag?post=52896"}],"curies":[{"name":"wp","href":"https:\/\/api.w.org\/{rel}","templated":true}]}}