{"id":52895,"date":"2025-05-23T10:07:42","date_gmt":"2025-05-23T08:07:42","guid":{"rendered":"https:\/\/sundar.be\/product\/ionto-aquasonic-digital\/"},"modified":"2025-05-26T08:15:23","modified_gmt":"2025-05-26T06:15:23","slug":"ionto-aquasonic-digital","status":"publish","type":"product","link":"https:\/\/sundar.be\/fr\/produit\/ionto-aquasonic-digital\/","title":{"rendered":"Ionto Aquasonic Digital"},"content":{"rendered":"<p>Nettoyage en profondeur, revitalisation et apport cibl\u00e9 gr\u00e2ce aux ultrasons basse fr\u00e9quence. Deux modes d\u2019action diff\u00e9rents sont rendus possibles par la g\u00e9om\u00e9trie de la pi\u00e8ce \u00e0 main combin\u00e9e au contr\u00f4le \u00e9lectronique : cavitation de surface pour le nettoyage et phonophor\u00e8se pour une p\u00e9n\u00e9tration en profondeur. <\/p>\n","protected":false},"excerpt":{"rendered":"<p>Nettoyage en profondeur, revitalisation et apport cibl\u00e9 gr\u00e2ce aux ultrasons basse fr\u00e9quence. Deux modes d\u2019action diff\u00e9rents sont rendus possibles par la g\u00e9om\u00e9trie de la pi\u00e8ce \u00e0 main combin\u00e9e au contr\u00f4le \u00e9lectronique : cavitation de surface pour le nettoyage et phonophor\u00e8se pour une p\u00e9n\u00e9tration en profondeur.<\/p>\n","protected":false},"featured_media":52086,"comment_status":"open","ping_status":"closed","template":"","meta":{"_acf_changed":false},"product_brand":[],"product_cat":[4945,4769,4789,6164,4982,4972,5776],"product_tag":[],"class_list":{"0":"post-52895","1":"product","2":"type-product","3":"status-publish","4":"has-post-thumbnail","6":"product_cat-amenagement-institut-webshop-fr","7":"product_cat-amenagement-appareils","8":"product_cat-appareils-de-beaute","9":"product_cat-appareils-ionto","10":"product_cat-ionto-comed-fr","11":"product_cat-nos-marques","12":"product_cat-ultrasound-fr","14":"first","15":"instock","16":"taxable","17":"shipping-taxable","18":"product-type-simple"},"acf":[],"_links":{"self":[{"href":"https:\/\/sundar.be\/fr\/wp-json\/wp\/v2\/product\/52895","targetHints":{"allow":["GET"]}}],"collection":[{"href":"https:\/\/sundar.be\/fr\/wp-json\/wp\/v2\/product"}],"about":[{"href":"https:\/\/sundar.be\/fr\/wp-json\/wp\/v2\/types\/product"}],"replies":[{"embeddable":true,"href":"https:\/\/sundar.be\/fr\/wp-json\/wp\/v2\/comments?post=52895"}],"wp:featuredmedia":[{"embeddable":true,"href":"https:\/\/sundar.be\/fr\/wp-json\/wp\/v2\/media\/52086"}],"wp:attachment":[{"href":"https:\/\/sundar.be\/fr\/wp-json\/wp\/v2\/media?parent=52895"}],"wp:term":[{"taxonomy":"product_brand","embeddable":true,"href":"https:\/\/sundar.be\/fr\/wp-json\/wp\/v2\/product_brand?post=52895"},{"taxonomy":"product_cat","embeddable":true,"href":"https:\/\/sundar.be\/fr\/wp-json\/wp\/v2\/product_cat?post=52895"},{"taxonomy":"product_tag","embeddable":true,"href":"https:\/\/sundar.be\/fr\/wp-json\/wp\/v2\/product_tag?post=52895"}],"curies":[{"name":"wp","href":"https:\/\/api.w.org\/{rel}","templated":true}]}}