{"id":52894,"date":"2025-05-23T10:26:52","date_gmt":"2025-05-23T08:26:52","guid":{"rendered":"https:\/\/sundar.be\/product\/ionto-hf-digital\/"},"modified":"2025-05-26T08:13:18","modified_gmt":"2025-05-26T06:13:18","slug":"ionto-hf-digital","status":"publish","type":"product","link":"https:\/\/sundar.be\/fr\/produit\/ionto-hf-digital\/","title":{"rendered":"Ionto HF Digital"},"content":{"rendered":"<p><strong>Activation et revitalisation des peaux mal irrigu\u00e9es et atrophiques.<\/strong><\/p>\n<p>Le traitement avec l\u2019IONTO-HF favorise la circulation sanguine de la peau, exerce une action astringente et poss\u00e8de \u00e9galement un effet d\u00e9sinfectant.<\/p>\n<p>L\u2019\u00e9lectrode HF peut \u00eatre appliqu\u00e9e directement sur la zone concern\u00e9e apr\u00e8s l\u2019\u00e9limination d\u2019\u00e9ventuelles imperfections cutan\u00e9es. L\u2019ozone g\u00e9n\u00e9r\u00e9 assure une d\u00e9sinfection optimale et pr\u00e9vient les inflammations. L\u2019\u00e9lectrode rouleau peut \u00eatre utilis\u00e9e sur de grandes zones, comme le dos ou le d\u00e9collet\u00e9.  <\/p>\n<p>Le traitement convient \u00e9galement \u00e0 la d\u00e9sinfection apr\u00e8s l&rsquo;\u00e9pilation.<\/p>\n<p>D&rsquo;autres domaines d&rsquo;application se trouvent \u00e9galement en p\u00e9dicurie m\u00e9dicale, par exemple pour le traitement efficace des verrues plantaires (\u00e9lectrode ouverte), des tissus inflammatoires granul\u00e9s dans la zone des replis ungu\u00e9aux (\u00e9lectrode faciale), pour la pr\u00e9vention des mycoses (\u00e9lectrode faciale), ainsi que pour les cors enflamm\u00e9s.<\/p>\n<p><strong>Le d\u00e9lai de livraison de ce produit est sur demande*. Veuillez appeler le 088-0067600 \u00e0 cet effet. <\/strong><\/p>\n<p><strong>*Ce produit est parfois disponible directement en stock.<\/strong><\/p>\n","protected":false},"excerpt":{"rendered":"<p>Activation et revitalisation des peaux mal irrigu\u00e9es et atrophiques. Le traitement avec l\u2019IONTO-HF favorise la circulation sanguine de la peau, exerce une action astringente et poss\u00e8de \u00e9galement un effet d\u00e9sinfectant. L\u2019\u00e9lectrode HF peut \u00eatre appliqu\u00e9e directement sur la zone concern\u00e9e apr\u00e8s l\u2019\u00e9limination d\u2019\u00e9ventuelles imperfections cutan\u00e9es. L\u2019ozone g\u00e9n\u00e9r\u00e9 assure une d\u00e9sinfection optimale et pr\u00e9vient les inflammations. [&hellip;]<\/p>\n","protected":false},"featured_media":55806,"comment_status":"open","ping_status":"closed","template":"","meta":{"_acf_changed":false},"product_brand":[],"product_cat":[4945,4769,4789,6164,5783,4982,4972],"product_tag":[],"class_list":{"0":"post-52894","1":"product","2":"type-product","3":"status-publish","4":"has-post-thumbnail","6":"product_cat-amenagement-institut-webshop-fr","7":"product_cat-amenagement-appareils","8":"product_cat-appareils-de-beaute","9":"product_cat-appareils-ionto","10":"product_cat-high-frequency-fr","11":"product_cat-ionto-comed-fr","12":"product_cat-nos-marques","14":"first","15":"instock","16":"taxable","17":"shipping-taxable","18":"product-type-simple"},"acf":[],"_links":{"self":[{"href":"https:\/\/sundar.be\/fr\/wp-json\/wp\/v2\/product\/52894","targetHints":{"allow":["GET"]}}],"collection":[{"href":"https:\/\/sundar.be\/fr\/wp-json\/wp\/v2\/product"}],"about":[{"href":"https:\/\/sundar.be\/fr\/wp-json\/wp\/v2\/types\/product"}],"replies":[{"embeddable":true,"href":"https:\/\/sundar.be\/fr\/wp-json\/wp\/v2\/comments?post=52894"}],"wp:featuredmedia":[{"embeddable":true,"href":"https:\/\/sundar.be\/fr\/wp-json\/wp\/v2\/media\/55806"}],"wp:attachment":[{"href":"https:\/\/sundar.be\/fr\/wp-json\/wp\/v2\/media?parent=52894"}],"wp:term":[{"taxonomy":"product_brand","embeddable":true,"href":"https:\/\/sundar.be\/fr\/wp-json\/wp\/v2\/product_brand?post=52894"},{"taxonomy":"product_cat","embeddable":true,"href":"https:\/\/sundar.be\/fr\/wp-json\/wp\/v2\/product_cat?post=52894"},{"taxonomy":"product_tag","embeddable":true,"href":"https:\/\/sundar.be\/fr\/wp-json\/wp\/v2\/product_tag?post=52894"}],"curies":[{"name":"wp","href":"https:\/\/api.w.org\/{rel}","templated":true}]}}