{"id":52893,"date":"2025-05-23T10:31:39","date_gmt":"2025-05-23T08:31:39","guid":{"rendered":"https:\/\/sundar.be\/product\/ionto-galvano-combi-line\/"},"modified":"2025-05-26T08:12:26","modified_gmt":"2025-05-26T06:12:26","slug":"ionto-galvano-combi-line","status":"publish","type":"product","link":"https:\/\/sundar.be\/fr\/produit\/ionto-galvano-combi-line\/","title":{"rendered":"Ionto Galvano Combi Line"},"content":{"rendered":"<p id=\"tw-target-text\" class=\"tw-data-text tw-text-large tw-ta\" dir=\"ltr\" data-placeholder=\"Vertaling\"><span class=\"Y2IQFc\" lang=\"nl\">Le nouveau traitement Galvano pour une r\u00e9g\u00e9n\u00e9ration cutan\u00e9e en profondeur et un massage revitalisant.<\/span><\/p>\n<p class=\"tw-data-text tw-text-large tw-ta\" dir=\"ltr\" data-placeholder=\"Vertaling\"><span class=\"Y2IQFc\" lang=\"nl\">Les GALVANETICS, gr\u00e2ce \u00e0 leur conductivit\u00e9 extr\u00eamement \u00e9lev\u00e9e, permettent de faire p\u00e9n\u00e9trer les principes actifs dans les tissus tout en massant simultan\u00e9ment la peau. Gr\u00e2ce \u00e0 leurs surfaces de traitement biocompatibles (test\u00e9es m\u00e9dicalement), ils conviennent m\u00eame aux peaux les plus sensibles.<br \/>Pour une p\u00e9n\u00e9tration en profondeur, deux GALVANETICS sont utilis\u00e9s en combinaison avec le GALVANETICS Ultimate Youth Serum. Une fois que le s\u00e9rum a \u00e9t\u00e9 soigneusement introduit dans les couches les plus profondes de la peau, les principes actifs qu\u2019il contient y demeurent pour exercer leur effet en profondeur.    <\/span><\/p>\n<p class=\"tw-data-text tw-text-large tw-ta\" dir=\"ltr\" data-placeholder=\"Vertaling\"><span class=\"Y2IQFc\" lang=\"nl\">Il d\u00e9veloppe une action lente et durable, nourrissant la peau de l\u2019int\u00e9rieur !<\/span><\/p>\n","protected":false},"excerpt":{"rendered":"<p>Le nouveau traitement Galvano pour une r\u00e9g\u00e9n\u00e9ration cutan\u00e9e en profondeur et un massage revitalisant. Les GALVANETICS, gr\u00e2ce \u00e0 leur conductivit\u00e9 extr\u00eamement \u00e9lev\u00e9e, permettent de faire p\u00e9n\u00e9trer les principes actifs dans les tissus tout en massant simultan\u00e9ment la peau. Gr\u00e2ce \u00e0 leurs surfaces de traitement biocompatibles (test\u00e9es m\u00e9dicalement), ils conviennent m\u00eame aux peaux les plus sensibles.Pour [&hellip;]<\/p>\n","protected":false},"featured_media":52119,"comment_status":"open","ping_status":"closed","template":"","meta":{"_acf_changed":false},"product_brand":[],"product_cat":[4945,4769,4789,6164,4982,4972,5784],"product_tag":[],"class_list":{"0":"post-52893","1":"product","2":"type-product","3":"status-publish","4":"has-post-thumbnail","6":"product_cat-amenagement-institut-webshop-fr","7":"product_cat-amenagement-appareils","8":"product_cat-appareils-de-beaute","9":"product_cat-appareils-ionto","10":"product_cat-ionto-comed-fr","11":"product_cat-nos-marques","12":"product_cat-therapie-galvanique","14":"first","15":"instock","16":"taxable","17":"shipping-taxable","18":"product-type-simple"},"acf":[],"_links":{"self":[{"href":"https:\/\/sundar.be\/fr\/wp-json\/wp\/v2\/product\/52893","targetHints":{"allow":["GET"]}}],"collection":[{"href":"https:\/\/sundar.be\/fr\/wp-json\/wp\/v2\/product"}],"about":[{"href":"https:\/\/sundar.be\/fr\/wp-json\/wp\/v2\/types\/product"}],"replies":[{"embeddable":true,"href":"https:\/\/sundar.be\/fr\/wp-json\/wp\/v2\/comments?post=52893"}],"wp:featuredmedia":[{"embeddable":true,"href":"https:\/\/sundar.be\/fr\/wp-json\/wp\/v2\/media\/52119"}],"wp:attachment":[{"href":"https:\/\/sundar.be\/fr\/wp-json\/wp\/v2\/media?parent=52893"}],"wp:term":[{"taxonomy":"product_brand","embeddable":true,"href":"https:\/\/sundar.be\/fr\/wp-json\/wp\/v2\/product_brand?post=52893"},{"taxonomy":"product_cat","embeddable":true,"href":"https:\/\/sundar.be\/fr\/wp-json\/wp\/v2\/product_cat?post=52893"},{"taxonomy":"product_tag","embeddable":true,"href":"https:\/\/sundar.be\/fr\/wp-json\/wp\/v2\/product_tag?post=52893"}],"curies":[{"name":"wp","href":"https:\/\/api.w.org\/{rel}","templated":true}]}}