{"id":52892,"date":"2025-05-23T10:38:41","date_gmt":"2025-05-23T08:38:41","guid":{"rendered":"https:\/\/sundar.be\/product\/ionto-galvano-digital-sans-galvanetiques\/"},"modified":"2025-05-26T08:11:46","modified_gmt":"2025-05-26T06:11:46","slug":"ionto-galvano-digital-sans-galvanetiques","status":"publish","type":"product","link":"https:\/\/sundar.be\/fr\/produit\/ionto-galvano-digital-sans-galvanetiques\/","title":{"rendered":"Ionto Galvano Digital (sans galvan\u00e9tiques)"},"content":{"rendered":"<p><strong>Le nouveau traitement Galvano pour la r\u00e9g\u00e9n\u00e9ration en profondeur et le massage de la peau<\/strong><\/p>\n<p>L\u2019IONTO-GALVANO est un appareil d\u2019iontophor\u00e8se utilis\u00e9 pour faire p\u00e9n\u00e9trer efficacement les principes actifs dans les couches profondes de la peau. Lors de l\u2019utilisation de la m\u00e9thode GALVANETICS, la peau b\u00e9n\u00e9ficie \u00e9galement d\u2019un massage cibl\u00e9. Cet appareil convient aussi aux peaux sensibles.<br \/>La pi\u00e8ce \u00e0 main GALVANETICS poss\u00e8de une conductivit\u00e9 extr\u00eamement \u00e9lev\u00e9e, ce qui la rend indispensable pour l\u2019introduction cibl\u00e9e de substances actives.  <\/p>\n<p><strong>Galvanetics Ultimate Youth Serum<\/strong><\/p>\n<p>S\u00e9rum bio rajeunissant sp\u00e9cialement d\u00e9velopp\u00e9 pour le traitement avec Galvanetics. Sa formule tonique nourrissante contient de l\u2019Aloe Vera biologique et un faible pourcentage d\u2019acide hyaluronique. Elle int\u00e8gre \u00e9galement du fenouil marin issu de l\u2019agriculture biologique, riche en vitamines et reconnu depuis des si\u00e8cles pour ses vertus bienfaisantes.<br \/>Trois algues marines soutiennent la microcirculation, r\u00e9g\u00e9n\u00e8rent et purifient les tissus. Le s\u00e9rum bipolaire est introduit en profondeur dans la peau gr\u00e2ce \u00e0 la technologie Galvanetics, afin d\u2019agir efficacement de l\u2019int\u00e9rieur.    <\/p>\n<p><strong>DONN\u00c9ES TECHNIQUES :<\/strong><\/p>\n<ul>\n<li>Tension : 230 V \/ 50 \u2013 60 Hz<\/li>\n<li>Dimensions: 6.6x 19 x 17.3 cm<\/li>\n<li>Poids: 1.3 kg<\/li>\n<\/ul>\n","protected":false},"excerpt":{"rendered":"<p>Le nouveau traitement Galvano pour la r\u00e9g\u00e9n\u00e9ration en profondeur et le massage de la peau L\u2019IONTO-GALVANO est un appareil d\u2019iontophor\u00e8se utilis\u00e9 pour faire p\u00e9n\u00e9trer efficacement les principes actifs dans les couches profondes de la peau. Lors de l\u2019utilisation de la m\u00e9thode GALVANETICS, la peau b\u00e9n\u00e9ficie \u00e9galement d\u2019un massage cibl\u00e9. Cet appareil convient aussi aux peaux [&hellip;]<\/p>\n","protected":false},"featured_media":55787,"comment_status":"open","ping_status":"closed","template":"","meta":{"_acf_changed":false},"product_brand":[],"product_cat":[4945,4769,4789,6164,4982,4972,5784],"product_tag":[],"class_list":{"0":"post-52892","1":"product","2":"type-product","3":"status-publish","4":"has-post-thumbnail","6":"product_cat-amenagement-institut-webshop-fr","7":"product_cat-amenagement-appareils","8":"product_cat-appareils-de-beaute","9":"product_cat-appareils-ionto","10":"product_cat-ionto-comed-fr","11":"product_cat-nos-marques","12":"product_cat-therapie-galvanique","14":"first","15":"instock","16":"taxable","17":"shipping-taxable","18":"product-type-simple"},"acf":[],"_links":{"self":[{"href":"https:\/\/sundar.be\/fr\/wp-json\/wp\/v2\/product\/52892","targetHints":{"allow":["GET"]}}],"collection":[{"href":"https:\/\/sundar.be\/fr\/wp-json\/wp\/v2\/product"}],"about":[{"href":"https:\/\/sundar.be\/fr\/wp-json\/wp\/v2\/types\/product"}],"replies":[{"embeddable":true,"href":"https:\/\/sundar.be\/fr\/wp-json\/wp\/v2\/comments?post=52892"}],"wp:featuredmedia":[{"embeddable":true,"href":"https:\/\/sundar.be\/fr\/wp-json\/wp\/v2\/media\/55787"}],"wp:attachment":[{"href":"https:\/\/sundar.be\/fr\/wp-json\/wp\/v2\/media?parent=52892"}],"wp:term":[{"taxonomy":"product_brand","embeddable":true,"href":"https:\/\/sundar.be\/fr\/wp-json\/wp\/v2\/product_brand?post=52892"},{"taxonomy":"product_cat","embeddable":true,"href":"https:\/\/sundar.be\/fr\/wp-json\/wp\/v2\/product_cat?post=52892"},{"taxonomy":"product_tag","embeddable":true,"href":"https:\/\/sundar.be\/fr\/wp-json\/wp\/v2\/product_tag?post=52892"}],"curies":[{"name":"wp","href":"https:\/\/api.w.org\/{rel}","templated":true}]}}