{"id":52891,"date":"2025-05-23T10:40:36","date_gmt":"2025-05-23T08:40:36","guid":{"rendered":"https:\/\/sundar.be\/product\/ionto-glowsolution\/"},"modified":"2025-11-26T11:49:28","modified_gmt":"2025-11-26T10:49:28","slug":"ionto-glowsolution","status":"publish","type":"product","link":"https:\/\/sundar.be\/fr\/produit\/ionto-glowsolution\/","title":{"rendered":"Ionto GlowSolution"},"content":{"rendered":"<p>Le nouveau traitement GlowSolution d\u2019IONTO-COMED est une m\u00e9thode r\u00e9volutionnaire permettant d\u2019obtenir imm\u00e9diatement une peau plus rebondie et \u00e9clatante, sans effets secondaires ind\u00e9sirables ni temps de r\u00e9cup\u00e9ration. En 4 \u00e9tapes de soin r\u00e9volutionnaires, GlowSolution combine la puissance d\u2019une technologie haut de gamme MADE IN GERMANY avec l\u2019efficacit\u00e9 de solutions concentr\u00e9es en principes actifs fonctionnels, pour offrir la sensation d\u2019un v\u00e9ritable soin spa. <\/p>\n<p><strong> 4 \u00c9TAPES PUISSANTES POUR DES R\u00c9SULTATS IMM\u00c9DIATEMENT VISIBLES ET DURABLES :<\/strong><\/p>\n<ol>\n<li><em>GlowPurify <\/em>\u2192 Nettoyage en profondeur : Nettoyage doux et en profondeur avec la Cleansing Solution.<\/li>\n<li><em>GlowPolish<\/em> \u2192 Affiner &amp; illuminer : Un polissage intensif exceptionnel avec une solution exfoliante.<\/li>\n<li><em>GlowPermeation <\/em>\u2192 Apport intensif en principes actifs : La technologie r\u00e9volutionnaire Stream-Schall (brevet en cours) entour\u00e9e de principes actifs permet une application parfaitement dos\u00e9e et une absorption optimale de la solution, gr\u00e2ce \u00e0 un contact cutan\u00e9 constant.<\/li>\n<li><em>GlowPush-up<\/em> \u2192 Massage par impulsions dynamiques : un massage innovant des tissus et du SMAS en deux \u00e9tapes, combin\u00e9 \u00e0 l&rsquo;application de solutions de principes actifs.<\/li>\n<\/ol>\n<p><strong>LIVRAISON:<\/strong><\/p>\n<ul>\n<li>GlowSolution-appareil<\/li>\n<li>4 pi\u00e8ces \u00e0 main<\/li>\n<li>Bouchon de base pour GlowPurify &amp; GlowPolish (Art. n\u00b0 : 8442.109)<\/li>\n<li>Bouchon de base pour GlowPermeation (Art. n\u00b0 : 8442.110)<\/li>\n<li>Bouchon de base pour GlowPush-up (Art. n\u00b0 : 8442.111)<\/li>\n<li>Embout Advanced pour GlowPurify &amp; GlowPolish (Art. n\u00b0 : 8442.112)<\/li>\n<li>Bouchon de nettoyage (Art. n\u00b0 : 8442.113)<\/li>\n<\/ul>\n<p><strong> DONN\u00c9ES TECHNIQUES :<\/strong><\/p>\n<ul>\n<li>Tension : 24 V<\/li>\n<li>Dimensions : 49 x 47,5 x 128 cm<\/li>\n<li>Poids: 42,4 kg<\/li>\n<li>C\u00e2ble d\u2019alimentation : 1,8 m<\/li>\n<\/ul>\n","protected":false},"excerpt":{"rendered":"<p>Traitement hydroderm : quatre \u00e9tapes pour une peau imm\u00e9diatement plus rebondie, plus lisse, intens\u00e9ment nourrie et un glow parfait.<\/p>\n","protected":false},"featured_media":55802,"comment_status":"open","ping_status":"closed","template":"","meta":{"_acf_changed":false},"product_brand":[],"product_cat":[4945,4769,4789,6164,5782,4982,4972],"product_tag":[],"class_list":{"0":"post-52891","1":"product","2":"type-product","3":"status-publish","4":"has-post-thumbnail","6":"product_cat-amenagement-institut-webshop-fr","7":"product_cat-amenagement-appareils","8":"product_cat-appareils-de-beaute","9":"product_cat-appareils-ionto","10":"product_cat-glow-solution-fr","11":"product_cat-ionto-comed-fr","12":"product_cat-nos-marques","14":"first","15":"instock","16":"taxable","17":"shipping-taxable","18":"product-type-simple"},"acf":[],"_links":{"self":[{"href":"https:\/\/sundar.be\/fr\/wp-json\/wp\/v2\/product\/52891","targetHints":{"allow":["GET"]}}],"collection":[{"href":"https:\/\/sundar.be\/fr\/wp-json\/wp\/v2\/product"}],"about":[{"href":"https:\/\/sundar.be\/fr\/wp-json\/wp\/v2\/types\/product"}],"replies":[{"embeddable":true,"href":"https:\/\/sundar.be\/fr\/wp-json\/wp\/v2\/comments?post=52891"}],"wp:featuredmedia":[{"embeddable":true,"href":"https:\/\/sundar.be\/fr\/wp-json\/wp\/v2\/media\/55802"}],"wp:attachment":[{"href":"https:\/\/sundar.be\/fr\/wp-json\/wp\/v2\/media?parent=52891"}],"wp:term":[{"taxonomy":"product_brand","embeddable":true,"href":"https:\/\/sundar.be\/fr\/wp-json\/wp\/v2\/product_brand?post=52891"},{"taxonomy":"product_cat","embeddable":true,"href":"https:\/\/sundar.be\/fr\/wp-json\/wp\/v2\/product_cat?post=52891"},{"taxonomy":"product_tag","embeddable":true,"href":"https:\/\/sundar.be\/fr\/wp-json\/wp\/v2\/product_tag?post=52891"}],"curies":[{"name":"wp","href":"https:\/\/api.w.org\/{rel}","templated":true}]}}