{"id":52888,"date":"2025-05-23T10:45:15","date_gmt":"2025-05-23T08:45:15","guid":{"rendered":"https:\/\/sundar.be\/product\/ionto-glowsolution-glowpushup-liquid-4-500ml\/"},"modified":"2025-12-16T13:24:15","modified_gmt":"2025-12-16T12:24:15","slug":"ionto-glowsolution-glowpushup-liquid-4-500ml","status":"publish","type":"product","link":"https:\/\/sundar.be\/fr\/produit\/ionto-glowsolution-glowpushup-liquid-4-500ml\/","title":{"rendered":"Ionto GlowSolution GlowPushup (liquid 4), 500ml"},"content":{"rendered":"<p data-start=\"68\" data-end=\"386\"><span style=\"color: #557e96;\"><strong>IONTO GlowSolution GlowPushup<\/strong><\/span> est l\u2019\u00e9tape 4 du protocole professionnel IONTO GlowSolution et se concentre sur un <strong data-start=\"182\" data-end=\"210\">massage dynamique par impulsions<\/strong> du tissu cutan\u00e9 et de la <strong data-start=\"237\" data-end=\"250\">couche SMAS<\/strong>. Ce massage innovant en deux phases stimule intens\u00e9ment la peau et est associ\u00e9 \u00e0 l\u2019apport cibl\u00e9 d\u2019ingr\u00e9dients actifs. <\/p>\n<p data-start=\"388\" data-end=\"673\">La formule soutient la r\u00e9paration et le renforcement de la barri\u00e8re cutan\u00e9e et contribue \u00e0 une peau plus ferme, plus lisse et mieux hydrat\u00e9e. GlowPushup constitue l\u2019\u00e9tape finale activatrice id\u00e9ale du traitement GlowSolution pour un r\u00e9sultat visiblement soign\u00e9 et lift\u00e9. <\/p>\n","protected":false},"excerpt":{"rendered":"<p data-start=\"708\" data-end=\"872\">Une solution activatrice, \u00e9tape 4 du traitement IONTO GlowSolution, qui stimule la peau et les tissus. Soutient la fermet\u00e9 cutan\u00e9e, le confort et la r\u00e9paration de la barri\u00e8re. <\/p>\n","protected":false},"featured_media":55799,"comment_status":"open","ping_status":"closed","template":"","meta":{"_acf_changed":false},"product_brand":[],"product_cat":[4945,4769,4789,5782,4982,4972,6165],"product_tag":[],"class_list":{"0":"post-52888","1":"product","2":"type-product","3":"status-publish","4":"has-post-thumbnail","6":"product_cat-amenagement-institut-webshop-fr","7":"product_cat-amenagement-appareils","8":"product_cat-appareils-de-beaute","9":"product_cat-glow-solution-fr","10":"product_cat-ionto-comed-fr","11":"product_cat-nos-marques","12":"product_cat-produits-ionto","14":"first","15":"instock","16":"taxable","17":"shipping-taxable","18":"product-type-simple"},"acf":[],"_links":{"self":[{"href":"https:\/\/sundar.be\/fr\/wp-json\/wp\/v2\/product\/52888","targetHints":{"allow":["GET"]}}],"collection":[{"href":"https:\/\/sundar.be\/fr\/wp-json\/wp\/v2\/product"}],"about":[{"href":"https:\/\/sundar.be\/fr\/wp-json\/wp\/v2\/types\/product"}],"replies":[{"embeddable":true,"href":"https:\/\/sundar.be\/fr\/wp-json\/wp\/v2\/comments?post=52888"}],"wp:featuredmedia":[{"embeddable":true,"href":"https:\/\/sundar.be\/fr\/wp-json\/wp\/v2\/media\/55799"}],"wp:attachment":[{"href":"https:\/\/sundar.be\/fr\/wp-json\/wp\/v2\/media?parent=52888"}],"wp:term":[{"taxonomy":"product_brand","embeddable":true,"href":"https:\/\/sundar.be\/fr\/wp-json\/wp\/v2\/product_brand?post=52888"},{"taxonomy":"product_cat","embeddable":true,"href":"https:\/\/sundar.be\/fr\/wp-json\/wp\/v2\/product_cat?post=52888"},{"taxonomy":"product_tag","embeddable":true,"href":"https:\/\/sundar.be\/fr\/wp-json\/wp\/v2\/product_tag?post=52888"}],"curies":[{"name":"wp","href":"https:\/\/api.w.org\/{rel}","templated":true}]}}