{"id":52887,"date":"2025-05-23T10:46:21","date_gmt":"2025-05-23T08:46:21","guid":{"rendered":"https:\/\/sundar.be\/product\/ionto-glowsolution-glowpermeation-liquid-3-500ml\/"},"modified":"2025-12-16T13:19:00","modified_gmt":"2025-12-16T12:19:00","slug":"ionto-glowsolution-glowpermeation-liquid-3-500ml","status":"publish","type":"product","link":"https:\/\/sundar.be\/fr\/produit\/ionto-glowsolution-glowpermeation-liquid-3-500ml\/","title":{"rendered":"Ionto GlowSolution GlowPermeation (liquid 3), 500ml"},"content":{"rendered":"<p data-start=\"60\" data-end=\"377\"><span style=\"color: #557e96;\"><strong>IONTO GlowSolution GlowPermeation<\/strong><\/span> est l\u2019<strong>\u00e9tape 3<\/strong> du protocole professionnel IONTO GlowSolution et se concentre sur l\u2019apport intensif d\u2019ingr\u00e9dients actifs. Gr\u00e2ce \u00e0 la <strong>technologie innovante Stream-Schall<\/strong>, les actifs sont r\u00e9partis uniform\u00e9ment et int\u00e9gr\u00e9s de mani\u00e8re optimale dans la peau avec un contact cutan\u00e9 constant.<\/p>\n<p data-start=\"379\" data-end=\"619\">La formule hydratante et renfor\u00e7ant la peau soutient l\u2019\u00e9quilibre cutan\u00e9, am\u00e9liore le niveau d\u2019hydratation et procure une apparence fra\u00eeche, lisse et visiblement soign\u00e9e. Id\u00e9ale comme \u00e9tape finale de soin intensif du traitement GlowSolution.<\/p>\n","protected":false},"excerpt":{"rendered":"<p data-start=\"635\" data-end=\"790\">Une solution de soin intensif en tant qu\u2019\u00e9tape 3 du traitement IONTO GlowSolution. Hydrate en profondeur et soutient une peau fra\u00eeche, uniforme et soign\u00e9e.<\/p>\n<p data-start=\"792\" data-end=\"801\">\n","protected":false},"featured_media":52136,"comment_status":"open","ping_status":"closed","template":"","meta":{"_acf_changed":false},"product_brand":[],"product_cat":[4945,4769,4789,5782,4982,4972,6165],"product_tag":[],"class_list":{"0":"post-52887","1":"product","2":"type-product","3":"status-publish","4":"has-post-thumbnail","6":"product_cat-amenagement-institut-webshop-fr","7":"product_cat-amenagement-appareils","8":"product_cat-appareils-de-beaute","9":"product_cat-glow-solution-fr","10":"product_cat-ionto-comed-fr","11":"product_cat-nos-marques","12":"product_cat-produits-ionto","14":"first","15":"instock","16":"taxable","17":"shipping-taxable","18":"product-type-simple"},"acf":[],"_links":{"self":[{"href":"https:\/\/sundar.be\/fr\/wp-json\/wp\/v2\/product\/52887","targetHints":{"allow":["GET"]}}],"collection":[{"href":"https:\/\/sundar.be\/fr\/wp-json\/wp\/v2\/product"}],"about":[{"href":"https:\/\/sundar.be\/fr\/wp-json\/wp\/v2\/types\/product"}],"replies":[{"embeddable":true,"href":"https:\/\/sundar.be\/fr\/wp-json\/wp\/v2\/comments?post=52887"}],"wp:featuredmedia":[{"embeddable":true,"href":"https:\/\/sundar.be\/fr\/wp-json\/wp\/v2\/media\/52136"}],"wp:attachment":[{"href":"https:\/\/sundar.be\/fr\/wp-json\/wp\/v2\/media?parent=52887"}],"wp:term":[{"taxonomy":"product_brand","embeddable":true,"href":"https:\/\/sundar.be\/fr\/wp-json\/wp\/v2\/product_brand?post=52887"},{"taxonomy":"product_cat","embeddable":true,"href":"https:\/\/sundar.be\/fr\/wp-json\/wp\/v2\/product_cat?post=52887"},{"taxonomy":"product_tag","embeddable":true,"href":"https:\/\/sundar.be\/fr\/wp-json\/wp\/v2\/product_tag?post=52887"}],"curies":[{"name":"wp","href":"https:\/\/api.w.org\/{rel}","templated":true}]}}