{"id":52886,"date":"2025-05-26T08:02:02","date_gmt":"2025-05-26T06:03:51","guid":{"rendered":"https:\/\/sundar.be\/product\/vapozone-aster-400ml\/"},"modified":"2025-05-26T08:03:51","modified_gmt":"2025-05-26T06:03:51","slug":"vapozone-aster-400ml","status":"publish","type":"product","link":"https:\/\/sundar.be\/fr\/produit\/vapozone-aster-400ml\/","title":{"rendered":"Vapozone Aster, 400ml"},"content":{"rendered":"<p>Vapeur faciale chaude nano-ionique pour instituts de beaut\u00e9<br \/>Compar\u00e9e \u00e0 la vapeur classique, la vapeur nano-ionique p\u00e9n\u00e8tre plus facilement dans la couche sup\u00e9rieure de la peau. C\u2019est une m\u00e9thode efficace pour hydrater la peau du visage, adoucir les peaux s\u00e8ches et rendre la peau d\u00e9tendue, douce et lisse.<br \/>Une temp\u00e9rature douce et ti\u00e8de (environ 40\u00b0C) permet d\u2019ouvrir les pores et d\u2019\u00e9liminer les impuret\u00e9s ainsi que les r\u00e9sidus de maquillage. Elle aide \u00e9galement \u00e0 lutter contre les points noirs, les milia (grains de graisse) et l\u2019acn\u00e9.<br \/>Le g\u00e9n\u00e9rateur de vapeur atteint sa puissance maximale en moins de 50 secondes, ce qui rend l\u2019hydratation encore plus efficace.     <\/p>\n<p>Utilisez uniquement de l\u2019eau d\u00e9min\u00e9ralis\u00e9e.<\/p>\n<p>Un appareil de vapeur pour le visage ouvre les pores afin que la peau puisse respirer. La vapeur nettoie la peau en profondeur. Les impuret\u00e9s et les imperfections caus\u00e9es par la salet\u00e9 et l&rsquo;exc\u00e8s de s\u00e9bum obstruant les pores n&rsquo;ont plus aucune chance. La vapeur revitalise \u00e9galement la peau et am\u00e9liore la circulation sanguine. R\u00e9sultat : une peau lisse, fra\u00eeche et \u00e9clatante.    <\/p>\n","protected":false},"excerpt":{"rendered":"<p>Vapeur faciale chaude nano-ionique pour instituts de beaut\u00e9Compar\u00e9e \u00e0 la vapeur classique, la vapeur nano-ionique p\u00e9n\u00e8tre plus facilement dans la couche sup\u00e9rieure de la peau. C\u2019est une m\u00e9thode efficace pour hydrater la peau du visage, adoucir les peaux s\u00e8ches et rendre la peau d\u00e9tendue, douce et lisse.Une temp\u00e9rature douce et ti\u00e8de (environ 40\u00b0C) permet d\u2019ouvrir [&hellip;]<\/p>\n","protected":false},"featured_media":52884,"comment_status":"open","ping_status":"closed","template":"","meta":{"_acf_changed":false},"product_brand":[],"product_cat":[4945,4769,4789,5774],"product_tag":[],"class_list":{"0":"post-52886","1":"product","2":"type-product","3":"status-publish","4":"has-post-thumbnail","6":"product_cat-amenagement-institut-webshop-fr","7":"product_cat-amenagement-appareils","8":"product_cat-appareils-de-beaute","9":"product_cat-vapozone-fr","11":"first","12":"instock","13":"taxable","14":"shipping-taxable","15":"product-type-simple"},"acf":[],"_links":{"self":[{"href":"https:\/\/sundar.be\/fr\/wp-json\/wp\/v2\/product\/52886","targetHints":{"allow":["GET"]}}],"collection":[{"href":"https:\/\/sundar.be\/fr\/wp-json\/wp\/v2\/product"}],"about":[{"href":"https:\/\/sundar.be\/fr\/wp-json\/wp\/v2\/types\/product"}],"replies":[{"embeddable":true,"href":"https:\/\/sundar.be\/fr\/wp-json\/wp\/v2\/comments?post=52886"}],"wp:featuredmedia":[{"embeddable":true,"href":"https:\/\/sundar.be\/fr\/wp-json\/wp\/v2\/media\/52884"}],"wp:attachment":[{"href":"https:\/\/sundar.be\/fr\/wp-json\/wp\/v2\/media?parent=52886"}],"wp:term":[{"taxonomy":"product_brand","embeddable":true,"href":"https:\/\/sundar.be\/fr\/wp-json\/wp\/v2\/product_brand?post=52886"},{"taxonomy":"product_cat","embeddable":true,"href":"https:\/\/sundar.be\/fr\/wp-json\/wp\/v2\/product_cat?post=52886"},{"taxonomy":"product_tag","embeddable":true,"href":"https:\/\/sundar.be\/fr\/wp-json\/wp\/v2\/product_tag?post=52886"}],"curies":[{"name":"wp","href":"https:\/\/api.w.org\/{rel}","templated":true}]}}