{"id":52880,"date":"2025-05-26T07:59:33","date_gmt":"2025-05-26T06:00:48","guid":{"rendered":"https:\/\/sundar.be\/product\/camelia-vapeur-visage-multifonction\/"},"modified":"2025-05-26T08:00:48","modified_gmt":"2025-05-26T06:00:48","slug":"camelia-vapeur-visage-multifonction","status":"publish","type":"product","link":"https:\/\/sundar.be\/fr\/produit\/camelia-vapeur-visage-multifonction\/","title":{"rendered":"Camelia Vapeur Visage Multifonction"},"content":{"rendered":"<p>Ce vapozone facial unique offre trois fonctions diff\u00e9rentes : vapeur chaude, brume fra\u00eeche et hydratation ti\u00e8de. La vapeur chaude ouvre les pores de la peau pour un nettoyage en profondeur. La brume fra\u00eeche resserre les pores pour une peau plus ferme. L\u2019hydratation ti\u00e8de apporte de l\u2019humidit\u00e9 et adoucit la peau.<br \/>Le vapozone Cam\u00e9lia fonctionne en silence et produit une brume nano-ionique homog\u00e8ne.  <\/p>\n","protected":false},"excerpt":{"rendered":"<p>Ce vapozone facial unique offre trois fonctions diff\u00e9rentes : vapeur chaude, brume fra\u00eeche et hydratation ti\u00e8de. La vapeur chaude ouvre les pores de la peau pour un nettoyage en profondeur. La brume fra\u00eeche resserre les pores pour une peau plus ferme. L\u2019hydratation ti\u00e8de apporte de l\u2019humidit\u00e9 et adoucit la peau.Le vapozone Cam\u00e9lia fonctionne en silence [&hellip;]<\/p>\n","protected":false},"featured_media":52876,"comment_status":"open","ping_status":"closed","template":"","meta":{"_acf_changed":false},"product_brand":[],"product_cat":[4945,4769,4789,5774],"product_tag":[],"class_list":{"0":"post-52880","1":"product","2":"type-product","3":"status-publish","4":"has-post-thumbnail","6":"product_cat-amenagement-institut-webshop-fr","7":"product_cat-amenagement-appareils","8":"product_cat-appareils-de-beaute","9":"product_cat-vapozone-fr","11":"first","12":"instock","13":"taxable","14":"shipping-taxable","15":"product-type-simple"},"acf":[],"_links":{"self":[{"href":"https:\/\/sundar.be\/fr\/wp-json\/wp\/v2\/product\/52880","targetHints":{"allow":["GET"]}}],"collection":[{"href":"https:\/\/sundar.be\/fr\/wp-json\/wp\/v2\/product"}],"about":[{"href":"https:\/\/sundar.be\/fr\/wp-json\/wp\/v2\/types\/product"}],"replies":[{"embeddable":true,"href":"https:\/\/sundar.be\/fr\/wp-json\/wp\/v2\/comments?post=52880"}],"wp:featuredmedia":[{"embeddable":true,"href":"https:\/\/sundar.be\/fr\/wp-json\/wp\/v2\/media\/52876"}],"wp:attachment":[{"href":"https:\/\/sundar.be\/fr\/wp-json\/wp\/v2\/media?parent=52880"}],"wp:term":[{"taxonomy":"product_brand","embeddable":true,"href":"https:\/\/sundar.be\/fr\/wp-json\/wp\/v2\/product_brand?post=52880"},{"taxonomy":"product_cat","embeddable":true,"href":"https:\/\/sundar.be\/fr\/wp-json\/wp\/v2\/product_cat?post=52880"},{"taxonomy":"product_tag","embeddable":true,"href":"https:\/\/sundar.be\/fr\/wp-json\/wp\/v2\/product_tag?post=52880"}],"curies":[{"name":"wp","href":"https:\/\/api.w.org\/{rel}","templated":true}]}}