{"id":52871,"date":"2025-05-26T07:54:22","date_gmt":"2025-05-26T05:57:07","guid":{"rendered":"https:\/\/sundar.be\/product\/vapozone-digitaal-360\/"},"modified":"2025-05-26T07:57:07","modified_gmt":"2025-05-26T05:57:07","slug":"vapozone-digitaal-360","status":"publish","type":"product","link":"https:\/\/sundar.be\/fr\/produit\/vapozone-digitaal-360\/","title":{"rendered":"Vapozone Digitaal 360"},"content":{"rendered":"<p>Ce vapozone num\u00e9rique se distingue imm\u00e9diatement par son design \u00e9l\u00e9gant et son fonctionnement enti\u00e8rement contr\u00f4l\u00e9 par touches sensitives. Gr\u00e2ce \u00e0 la technologie num\u00e9rique, la n\u00e9bulisation est enti\u00e8rement r\u00e9glable selon vos pr\u00e9f\u00e9rences. Vos huiles essentielles pr\u00e9f\u00e9r\u00e9es peuvent \u00eatre ajout\u00e9es dans la t\u00eate sp\u00e9ciale du bras vapeur.  <\/p>\n<p>En option suppl\u00e9mentaire, ce vapozone dispose d&rsquo;une t\u00eate rotative \u00e0 360 degr\u00e9s.<\/p>\n<p>Un appareil de vapeur pour le visage ouvre les pores afin que la peau puisse respirer. La vapeur nettoie la peau en profondeur. Les impuret\u00e9s et les imperfections caus\u00e9es par la salet\u00e9 et l&rsquo;exc\u00e8s de s\u00e9bum obstruant les pores n&rsquo;ont plus aucune chance. La vapeur revitalise \u00e9galement la peau et am\u00e9liore la circulation sanguine. R\u00e9sultat : une peau lisse, fra\u00eeche et \u00e9clatante.    <\/p>\n<p><strong>D\u00e9tails :<\/strong><\/p>\n<ul>\n<li>Enti\u00e8rement contr\u00f4l\u00e9 par micro-ordinateur ;<\/li>\n<li>Commande tactile de luxe ;<\/li>\n<li>Fonction ozone ;<\/li>\n<li>Anneau pour aromath\u00e9rapie ;<\/li>\n<li>Minuterie num\u00e9rique int\u00e9gr\u00e9e ;<\/li>\n<li>Intensit\u00e9 de la vapeur r\u00e9glable sur 3 niveaux ;<\/li>\n<li>T\u00eate rotative \u00e0 360 degr\u00e9s ;<\/li>\n<li>Livr\u00e9 avec un support \u00e0 roulettes souples<\/li>\n<li>\u00c9l\u00e9ment chauffant en acier inoxydable ;<\/li>\n<li>Alarme de niveau d&rsquo;eau int\u00e9gr\u00e9e ;<\/li>\n<li>Double protection contre la surchauffe ;<\/li>\n<li>820 watts ;<\/li>\n<\/ul>\n<p>Utiliser de l&rsquo;eau du robinet uniquement lors de la premi\u00e8re utilisation. Par la suite, utiliser de l&rsquo;eau d\u00e9min\u00e9ralis\u00e9e pour \u00e9viter les d\u00e9p\u00f4ts de calcaire.<br \/>\n<strong>ATTENTION : <\/strong>l\u2019eau bouillie n\u2019est pas de l\u2019eau d\u00e9min\u00e9ralis\u00e9e. Aucune autre substance ne doit \u00eatre ajout\u00e9e \u00e0 l\u2019eau d\u00e9min\u00e9ralis\u00e9e !<br \/>\nLa Vapozone Swingarm est garantie 12 mois \u00e0 condition que de l\u2019eau d\u00e9min\u00e9ralis\u00e9e ait \u00e9t\u00e9 utilis\u00e9e.<br \/>\nNe pas mettre d\u2019huiles essentielles dans l\u2019eau. Elles doivent \u00eatre plac\u00e9es uniquement sur le filtre dans le bras. <\/p>\n<p>En cas d\u2019utilisation r\u00e9guli\u00e8re, nettoyer l\u2019appareil toutes les deux semaines. Pour cela, faire fonctionner l\u2019appareil avec du vinaigre de nettoyage dilu\u00e9 dans de l\u2019eau. <\/p>\n","protected":false},"excerpt":{"rendered":"<p>Ce vapozone num\u00e9rique se distingue imm\u00e9diatement par son design \u00e9l\u00e9gant et son fonctionnement enti\u00e8rement contr\u00f4l\u00e9 par touches sensitives. Gr\u00e2ce \u00e0 la technologie num\u00e9rique, la n\u00e9bulisation est enti\u00e8rement r\u00e9glable selon vos pr\u00e9f\u00e9rences. Vos huiles essentielles pr\u00e9f\u00e9r\u00e9es peuvent \u00eatre ajout\u00e9es dans la t\u00eate sp\u00e9ciale du bras vapeur. En option suppl\u00e9mentaire, ce vapozone dispose d&rsquo;une t\u00eate rotative \u00e0 [&hellip;]<\/p>\n","protected":false},"featured_media":52866,"comment_status":"open","ping_status":"closed","template":"","meta":{"_acf_changed":false},"product_brand":[],"product_cat":[4945,4769,4789,5774],"product_tag":[],"class_list":{"0":"post-52871","1":"product","2":"type-product","3":"status-publish","4":"has-post-thumbnail","6":"product_cat-amenagement-institut-webshop-fr","7":"product_cat-amenagement-appareils","8":"product_cat-appareils-de-beaute","9":"product_cat-vapozone-fr","10":"pa_vorm-godet-de-rechange-pour-vapozone","11":"pa_vorm-vapozone-digitaal-360-fr","13":"first","14":"instock","15":"taxable","16":"shipping-taxable","17":"product-type-variable"},"acf":[],"_links":{"self":[{"href":"https:\/\/sundar.be\/fr\/wp-json\/wp\/v2\/product\/52871","targetHints":{"allow":["GET"]}}],"collection":[{"href":"https:\/\/sundar.be\/fr\/wp-json\/wp\/v2\/product"}],"about":[{"href":"https:\/\/sundar.be\/fr\/wp-json\/wp\/v2\/types\/product"}],"replies":[{"embeddable":true,"href":"https:\/\/sundar.be\/fr\/wp-json\/wp\/v2\/comments?post=52871"}],"wp:featuredmedia":[{"embeddable":true,"href":"https:\/\/sundar.be\/fr\/wp-json\/wp\/v2\/media\/52866"}],"wp:attachment":[{"href":"https:\/\/sundar.be\/fr\/wp-json\/wp\/v2\/media?parent=52871"}],"wp:term":[{"taxonomy":"product_brand","embeddable":true,"href":"https:\/\/sundar.be\/fr\/wp-json\/wp\/v2\/product_brand?post=52871"},{"taxonomy":"product_cat","embeddable":true,"href":"https:\/\/sundar.be\/fr\/wp-json\/wp\/v2\/product_cat?post=52871"},{"taxonomy":"product_tag","embeddable":true,"href":"https:\/\/sundar.be\/fr\/wp-json\/wp\/v2\/product_tag?post=52871"}],"curies":[{"name":"wp","href":"https:\/\/api.w.org\/{rel}","templated":true}]}}