{"id":52161,"date":"2025-05-23T10:48:25","date_gmt":"2025-05-23T08:48:25","guid":{"rendered":"https:\/\/sundar.be\/product\/ionto-glowsolution-glowpurify-liquid-1-500ml\/"},"modified":"2025-12-16T13:04:47","modified_gmt":"2025-12-16T12:04:47","slug":"ionto-glowsolution-glowpurify-liquid-1-500ml","status":"publish","type":"product","link":"https:\/\/sundar.be\/fr\/produit\/ionto-glowsolution-glowpurify-liquid-1-500ml\/","title":{"rendered":"Ionto GlowSolution GlowPurify (liquid 1), 500ml"},"content":{"rendered":"<p data-start=\"68\" data-end=\"410\"><span style=\"color: #557e96;\"><strong>IONTO GlowSolution GlowPurify <\/strong><\/span>est l\u2019<strong data-start=\"101\" data-end=\"111\">\u00e9tape 1<\/strong> du protocole professionnel IONTO GlowSolution et a \u00e9t\u00e9 sp\u00e9cialement d\u00e9velopp\u00e9 pour un <strong data-start=\"202\" data-end=\"242\">nettoyage en profondeur doux<\/strong> mais efficace de la peau. Cette solution nettoyante \u00e9limine les impuret\u00e9s, l\u2019exc\u00e8s de s\u00e9bum et les cellules mortes, et pr\u00e9pare la peau de mani\u00e8re optimale aux \u00e9tapes de traitement suivantes. <\/p>\n<p data-start=\"412\" data-end=\"668\">La formule associe une action exfoliante douce \u00e0 des ingr\u00e9dients hydratants, laissant la peau fra\u00eeche, propre et \u00e9quilibr\u00e9e, sans effet dess\u00e9chant. Id\u00e9ale pour un usage professionnel lors des soins du visage avec le syst\u00e8me IONTO GlowSolution. <\/p>\n","protected":false},"excerpt":{"rendered":"<p data-start=\"703\" data-end=\"869\">Un nettoyage en profondeur doux et efficace, \u00e9tape 1 du traitement IONTO GlowSolution. Nettoie, affine et pr\u00e9pare parfaitement la peau aux soins suivants. <\/p>\n","protected":false},"featured_media":55792,"comment_status":"open","ping_status":"closed","template":"","meta":{"_acf_changed":false},"product_brand":[],"product_cat":[4945,4769,4789,5782,4982,4972,6165],"product_tag":[],"class_list":{"0":"post-52161","1":"product","2":"type-product","3":"status-publish","4":"has-post-thumbnail","6":"product_cat-amenagement-institut-webshop-fr","7":"product_cat-amenagement-appareils","8":"product_cat-appareils-de-beaute","9":"product_cat-glow-solution-fr","10":"product_cat-ionto-comed-fr","11":"product_cat-nos-marques","12":"product_cat-produits-ionto","14":"first","15":"instock","16":"taxable","17":"shipping-taxable","18":"product-type-simple"},"acf":[],"_links":{"self":[{"href":"https:\/\/sundar.be\/fr\/wp-json\/wp\/v2\/product\/52161","targetHints":{"allow":["GET"]}}],"collection":[{"href":"https:\/\/sundar.be\/fr\/wp-json\/wp\/v2\/product"}],"about":[{"href":"https:\/\/sundar.be\/fr\/wp-json\/wp\/v2\/types\/product"}],"replies":[{"embeddable":true,"href":"https:\/\/sundar.be\/fr\/wp-json\/wp\/v2\/comments?post=52161"}],"wp:featuredmedia":[{"embeddable":true,"href":"https:\/\/sundar.be\/fr\/wp-json\/wp\/v2\/media\/55792"}],"wp:attachment":[{"href":"https:\/\/sundar.be\/fr\/wp-json\/wp\/v2\/media?parent=52161"}],"wp:term":[{"taxonomy":"product_brand","embeddable":true,"href":"https:\/\/sundar.be\/fr\/wp-json\/wp\/v2\/product_brand?post=52161"},{"taxonomy":"product_cat","embeddable":true,"href":"https:\/\/sundar.be\/fr\/wp-json\/wp\/v2\/product_cat?post=52161"},{"taxonomy":"product_tag","embeddable":true,"href":"https:\/\/sundar.be\/fr\/wp-json\/wp\/v2\/product_tag?post=52161"}],"curies":[{"name":"wp","href":"https:\/\/api.w.org\/{rel}","templated":true}]}}