{"id":52159,"date":"2025-05-23T10:52:04","date_gmt":"2025-05-23T08:55:45","guid":{"rendered":"https:\/\/sundar.be\/product\/vapozone-avec-lampe-loupe-giovanni-d-21\/"},"modified":"2025-05-23T10:55:45","modified_gmt":"2025-05-23T08:55:45","slug":"vapozone-avec-lampe-loupe-giovanni-d-21","status":"publish","type":"product","link":"https:\/\/sundar.be\/fr\/produit\/vapozone-avec-lampe-loupe-giovanni-d-21\/","title":{"rendered":"Vapozone avec lampe loupe Giovanni D-21"},"content":{"rendered":"<p><strong>Pratique vapozone 2 en 1 avec lampe loupe<\/strong><\/p>\n<p>Minimalisme et fonctionnalit\u00e9<\/p>\n<p>Le vapozone est fabriqu\u00e9 en plastique de couleur blanche, ce qui le rend facile \u00e0 nettoyer. Le support est \u00e9quip\u00e9 d\u2019un r\u00e9glage en hauteur simple de 78 \u00e0 95 cm, permettant de positionner l\u2019appareil \u00e0 la hauteur id\u00e9ale pour garantir le confort de travail du professionnel. La lampe loupe et la buse de vapeur sont toutes deux orientables ind\u00e9pendamment, offrant ainsi une grande flexibilit\u00e9 d\u2019utilisation. La base \u00e0 quatre branches avec roulettes en caoutchouc am\u00e9liore la mobilit\u00e9, facilitant le d\u00e9placement libre de l\u2019appareil.   <\/p>\n<p>Le set comprend : vapozone, lampe loupe, support avec base \u00e0 quatre branches sur roulettes en caoutchouc, instructions.<\/p>\n<p>Donn\u00e9es techniques :<\/p>\n<ul>\n<li>Couleur : nuances de blanc<\/li>\n<li>Puissance du vapozone : 750 W<\/li>\n<li>Puissance de la lampe loupe : 9,5 W<\/li>\n<li>Tension du vapozone : 220 V<\/li>\n<li>Tension de la lampe loupe : 100-240 V<\/li>\n<\/ul>\n","protected":false},"excerpt":{"rendered":"<p>Pratique vapozone 2 en 1 avec lampe loupe Minimalisme et fonctionnalit\u00e9 Le vapozone est fabriqu\u00e9 en plastique de couleur blanche, ce qui le rend facile \u00e0 nettoyer. Le support est \u00e9quip\u00e9 d\u2019un r\u00e9glage en hauteur simple de 78 \u00e0 95 cm, permettant de positionner l\u2019appareil \u00e0 la hauteur id\u00e9ale pour garantir le confort de travail [&hellip;]<\/p>\n","protected":false},"featured_media":52149,"comment_status":"open","ping_status":"closed","template":"","meta":{"_acf_changed":false},"product_brand":[],"product_cat":[4945,4769,4789,5774],"product_tag":[],"class_list":{"0":"post-52159","1":"product","2":"type-product","3":"status-publish","4":"has-post-thumbnail","6":"product_cat-amenagement-institut-webshop-fr","7":"product_cat-amenagement-appareils","8":"product_cat-appareils-de-beaute","9":"product_cat-vapozone-fr","11":"first","12":"instock","13":"taxable","14":"shipping-taxable","15":"product-type-simple"},"acf":[],"_links":{"self":[{"href":"https:\/\/sundar.be\/fr\/wp-json\/wp\/v2\/product\/52159","targetHints":{"allow":["GET"]}}],"collection":[{"href":"https:\/\/sundar.be\/fr\/wp-json\/wp\/v2\/product"}],"about":[{"href":"https:\/\/sundar.be\/fr\/wp-json\/wp\/v2\/types\/product"}],"replies":[{"embeddable":true,"href":"https:\/\/sundar.be\/fr\/wp-json\/wp\/v2\/comments?post=52159"}],"wp:featuredmedia":[{"embeddable":true,"href":"https:\/\/sundar.be\/fr\/wp-json\/wp\/v2\/media\/52149"}],"wp:attachment":[{"href":"https:\/\/sundar.be\/fr\/wp-json\/wp\/v2\/media?parent=52159"}],"wp:term":[{"taxonomy":"product_brand","embeddable":true,"href":"https:\/\/sundar.be\/fr\/wp-json\/wp\/v2\/product_brand?post=52159"},{"taxonomy":"product_cat","embeddable":true,"href":"https:\/\/sundar.be\/fr\/wp-json\/wp\/v2\/product_cat?post=52159"},{"taxonomy":"product_tag","embeddable":true,"href":"https:\/\/sundar.be\/fr\/wp-json\/wp\/v2\/product_tag?post=52159"}],"curies":[{"name":"wp","href":"https:\/\/api.w.org\/{rel}","templated":true}]}}