{"id":52158,"date":"2025-05-23T10:50:10","date_gmt":"2025-05-23T08:53:55","guid":{"rendered":"https:\/\/sundar.be\/product\/sibel-vapozone-simply-all-in-one\/"},"modified":"2025-05-23T10:53:55","modified_gmt":"2025-05-23T08:53:55","slug":"sibel-vapozone-simply-all-in-one","status":"publish","type":"product","link":"https:\/\/sundar.be\/fr\/produit\/sibel-vapozone-simply-all-in-one\/","title":{"rendered":"Sibel Vapozone Simply All in One"},"content":{"rendered":"<p>Ce vapozone est simple \u00e0 utiliser et d\u2019un design \u00e9pur\u00e9. Ce mod\u00e8le \u00e9conomique est un v\u00e9ritable incontournable pour votre salon. Le Simply All in One est \u00e9quip\u00e9 d\u2019ozone, d\u2019un r\u00e9servoir pour les herbes, et il est possible d\u2019ajouter des huiles essentielles dans la t\u00eate de l\u2019appareil. Il dispose \u00e9galement d\u2019un minuteur. La t\u00eate et le bras sont orientables pour un positionnement optimal.   <\/p>\n<p><strong>D\u00e9tails :<\/strong><\/p>\n<ul>\n<li>Avec fonction ozone<\/li>\n<li>Minuteur int\u00e9gr\u00e9<\/li>\n<li>R\u00e9servoir pour les herbes<\/li>\n<li>Anneau d\u2019aromath\u00e9rapie int\u00e9gr\u00e9 dans la t\u00eate<\/li>\n<li>Livr\u00e9 avec un support \u00e0 roulettes souples<\/li>\n<li>\u00c9l\u00e9ment chauffant en acier inoxydable (Inox)<\/li>\n<\/ul>\n","protected":false},"excerpt":{"rendered":"<p>Ce vapozone est simple \u00e0 utiliser et d\u2019un design \u00e9pur\u00e9. Ce mod\u00e8le \u00e9conomique est un v\u00e9ritable incontournable pour votre salon. Le Simply All in One est \u00e9quip\u00e9 d\u2019ozone, d\u2019un r\u00e9servoir pour les herbes, et il est possible d\u2019ajouter des huiles essentielles dans la t\u00eate de l\u2019appareil. Il dispose \u00e9galement d\u2019un minuteur. La t\u00eate et le [&hellip;]<\/p>\n","protected":false},"featured_media":52146,"comment_status":"open","ping_status":"closed","template":"","meta":{"_acf_changed":false},"product_brand":[],"product_cat":[4945,4769,4789,5774],"product_tag":[],"class_list":{"0":"post-52158","1":"product","2":"type-product","3":"status-publish","4":"has-post-thumbnail","6":"product_cat-amenagement-institut-webshop-fr","7":"product_cat-amenagement-appareils","8":"product_cat-appareils-de-beaute","9":"product_cat-vapozone-fr","11":"first","12":"instock","13":"taxable","14":"shipping-taxable","15":"product-type-simple"},"acf":[],"_links":{"self":[{"href":"https:\/\/sundar.be\/fr\/wp-json\/wp\/v2\/product\/52158","targetHints":{"allow":["GET"]}}],"collection":[{"href":"https:\/\/sundar.be\/fr\/wp-json\/wp\/v2\/product"}],"about":[{"href":"https:\/\/sundar.be\/fr\/wp-json\/wp\/v2\/types\/product"}],"replies":[{"embeddable":true,"href":"https:\/\/sundar.be\/fr\/wp-json\/wp\/v2\/comments?post=52158"}],"wp:featuredmedia":[{"embeddable":true,"href":"https:\/\/sundar.be\/fr\/wp-json\/wp\/v2\/media\/52146"}],"wp:attachment":[{"href":"https:\/\/sundar.be\/fr\/wp-json\/wp\/v2\/media?parent=52158"}],"wp:term":[{"taxonomy":"product_brand","embeddable":true,"href":"https:\/\/sundar.be\/fr\/wp-json\/wp\/v2\/product_brand?post=52158"},{"taxonomy":"product_cat","embeddable":true,"href":"https:\/\/sundar.be\/fr\/wp-json\/wp\/v2\/product_cat?post=52158"},{"taxonomy":"product_tag","embeddable":true,"href":"https:\/\/sundar.be\/fr\/wp-json\/wp\/v2\/product_tag?post=52158"}],"curies":[{"name":"wp","href":"https:\/\/api.w.org\/{rel}","templated":true}]}}