{"id":51881,"date":"2025-05-22T14:39:07","date_gmt":"2025-05-23T06:02:29","guid":{"rendered":"https:\/\/sundar.be\/product\/original-cartouche-de-cire-100ml\/"},"modified":"2025-05-23T08:02:29","modified_gmt":"2025-05-23T06:02:29","slug":"original-cartouche-de-cire-100ml","status":"publish","type":"product","link":"https:\/\/sundar.be\/fr\/produit\/original-cartouche-de-cire-100ml\/","title":{"rendered":"Original Cartouche de Cire, 100ml"},"content":{"rendered":"<p>Cartouches de cire \u00e9conomiques \u00e0 base de p\u00e9trole. Les cartouches vertes sont destin\u00e9es aux peaux sensibles, les jaunes conviennent \u00e0 tous les types de peau, et les roses (avec dioxyde de titane) sont con\u00e7ues pour les peaux sensibles et s\u00e8ches. <\/p>\n<ul>\n<li>Contenu : 100 ml<\/li>\n<li>Temp\u00e9rature d\u2019utilisation : 50-55\u00b0C<\/li>\n<li>\u00c0 utiliser avec des bandes.<\/li>\n<\/ul>\n","protected":false},"excerpt":{"rendered":"<p>Cartouches de cire \u00e9conomiques \u00e0 base de p\u00e9trole. Les cartouches vertes sont destin\u00e9es aux peaux sensibles, les jaunes conviennent \u00e0 tous les types de peau, et les roses (avec dioxyde de titane) sont con\u00e7ues pour les peaux sensibles et s\u00e8ches. Contenu : 100 ml Temp\u00e9rature d\u2019utilisation : 50-55\u00b0C \u00c0 utiliser avec des bandes.<\/p>\n","protected":false},"featured_media":51878,"comment_status":"open","ping_status":"closed","template":"","meta":{"_acf_changed":false},"product_brand":[],"product_cat":[4767,4600,1584,5720],"product_tag":[],"class_list":{"0":"post-51881","1":"product","2":"type-product","3":"status-publish","4":"has-post-thumbnail","6":"product_cat-beaute","7":"product_cat-cartouches-de-cire","8":"product_cat-depilation","9":"product_cat-epilation-resine-sucre","10":"pa_vorm-peau-seche","11":"pa_vorm-peau-sensible","12":"pa_vorm-tous-types-de-peau","14":"first","15":"instock","16":"taxable","17":"shipping-taxable","18":"product-type-variable"},"acf":[],"_links":{"self":[{"href":"https:\/\/sundar.be\/fr\/wp-json\/wp\/v2\/product\/51881","targetHints":{"allow":["GET"]}}],"collection":[{"href":"https:\/\/sundar.be\/fr\/wp-json\/wp\/v2\/product"}],"about":[{"href":"https:\/\/sundar.be\/fr\/wp-json\/wp\/v2\/types\/product"}],"replies":[{"embeddable":true,"href":"https:\/\/sundar.be\/fr\/wp-json\/wp\/v2\/comments?post=51881"}],"wp:featuredmedia":[{"embeddable":true,"href":"https:\/\/sundar.be\/fr\/wp-json\/wp\/v2\/media\/51878"}],"wp:attachment":[{"href":"https:\/\/sundar.be\/fr\/wp-json\/wp\/v2\/media?parent=51881"}],"wp:term":[{"taxonomy":"product_brand","embeddable":true,"href":"https:\/\/sundar.be\/fr\/wp-json\/wp\/v2\/product_brand?post=51881"},{"taxonomy":"product_cat","embeddable":true,"href":"https:\/\/sundar.be\/fr\/wp-json\/wp\/v2\/product_cat?post=51881"},{"taxonomy":"product_tag","embeddable":true,"href":"https:\/\/sundar.be\/fr\/wp-json\/wp\/v2\/product_tag?post=51881"}],"curies":[{"name":"wp","href":"https:\/\/api.w.org\/{rel}","templated":true}]}}