{"id":51853,"date":"2025-05-22T14:31:00","date_gmt":"2025-05-22T12:31:00","guid":{"rendered":"https:\/\/sundar.be\/product\/sibel-epil-hair-pro-cartouche-de-cire\/"},"modified":"2025-12-01T13:48:58","modified_gmt":"2025-12-01T12:48:58","slug":"sibel-epil-hair-pro-cartouche-de-cire","status":"publish","type":"product","link":"https:\/\/sundar.be\/fr\/produit\/sibel-epil-hair-pro-cartouche-de-cire\/","title":{"rendered":"Sibel Epil Hair Pro &#8211; Cartouche de Cire"},"content":{"rendered":"<p>Pour les cartouches de cire, vous avez besoin d\u2019un chauffe-cartouche et de bandes d\u00e9pilatoires.<\/p>\n<p><strong>Choix de :<\/strong><\/p>\n<ul>\n<li><span style=\"color: #557e96;\"><strong>Vanille : <\/strong><\/span>Cire sp\u00e9ciale protectrice enrichie en vanille nourrissante. La vanille est r\u00e9put\u00e9e pour apaiser rapidement la peau irrit\u00e9e apr\u00e8s l\u2019\u00e9pilation. <\/li>\n<li><span style=\"color: #557e96;\"><strong>Karit\u00e9 : <\/strong><\/span>Le beurre de karit\u00e9 est reconnu depuis des si\u00e8cles pour ses propri\u00e9t\u00e9s hydratantes et protectrices. Id\u00e9al pour les peaux sensibles et irrit\u00e9es. <\/li>\n<li><span style=\"color: #557e96;\"><strong>Aloe Vera :<\/strong><\/span> L\u2019aloe vera est connue pour ses vertus apaisantes et hydratantes. Id\u00e9ale pour les peaux sensibles et irrit\u00e9es. <\/li>\n<li><span style=\"color: #557e96;\"><strong>Lila: <\/strong><\/span>Cartouches \u00e0 usage unique compos\u00e9es de cire d\u2019abeille hautement concentr\u00e9e, sans allerg\u00e8nes.<\/li>\n<li><span style=\"color: #557e96;\"><strong>Pink: <\/strong><\/span>Cartouches \u00e0 usage unique \u00e0 base de cire d\u2019abeille concentr\u00e9e, adapt\u00e9es au corps et au visage.<\/li>\n<li><span style=\"color: #557e96;\"><strong>Peau d\u00e9licate : <\/strong><\/span>Cartouches \u00e0 usage unique \u00e0 base de cire d\u2019abeille concentr\u00e9e, sp\u00e9cialement con\u00e7ues pour les peaux tr\u00e8s sensibles.<\/li>\n<li><span style=\"color: #557e96;\"><strong>Natural: <\/strong><\/span>Cartouches \u00e0 usage unique \u00e0 base de cire d\u2019abeille concentr\u00e9e, convenant \u00e0 tous les types de peau.<\/li>\n<li><span style=\"color: #557e96;\"><strong>Strawberry: <\/strong><\/span>Cire exquise en roll-on, combinant extraits de fraise et de vin. Sa formule contient des pigments scintillants pour une touche glamour. <\/li>\n<li><span style=\"color: #557e96;\"><strong>Coconut: <\/strong><\/span>Enrichie en huile de coco et en dioxyde de titane pour une application facile. Nourrit et prot\u00e8ge la peau tout en apportant un parfum exotique. Id\u00e9ale pour les peaux tr\u00e8s s\u00e8ches.   <\/li>\n<li><span style=\"color: #557e96;\"><strong>Black Charcoal: <\/strong><\/span>Cire \u00e0 double action : \u00e9pilation efficace et d\u00e9toxification de la peau gr\u00e2ce au charbon actif qui \u00e9limine toxines et impuret\u00e9s. <\/li>\n<li><span style=\"color: #557e96;\"><strong>Hyaluronic Acid: <\/strong><\/span>La cire \u00e0 l\u2019acide hyaluronique de Sibel soigne les zones \u00e9pil\u00e9es, rendant l\u2019\u00e9pilation moins douloureuse et minimisant les irritations. Convient pour tout le corps. <\/li>\n<li><span style=\"color: #557e96;\"><strong>Chocolate: <\/strong><\/span>Cartouche \u00e0 usage unique avec t\u00eate large, id\u00e9ale pour l\u2019application sur le corps. Enrichie d\u2019un d\u00e9licieux parfum de chocolat. <\/li>\n<li><span style=\"color: #557e96;\"><strong>Lavendel: <\/strong><\/span>Formule enrichie en huile de lavande pour un effet relaxant, rafra\u00eechissant et apaisant.<\/li>\n<li><strong><span style=\"color: #557e96;\">Olive oil: <\/span><\/strong>Enrichie en huile d\u2019olive pour une peau douce et hydrat\u00e9e apr\u00e8s l\u2019\u00e9pilation. Parfum\u00e9 au magnolia. <\/li>\n<li><strong><span style=\"color: #557e96;\">Azul\u00e8ne : <\/span><\/strong>Cartouche enrichie en huile d\u2019azul\u00e8ne, connue pour ses bienfaits depuis des si\u00e8cles. Apaisante, anti-inflammatoire, cicatrisante et stimulante pour la circulation. Parfaite pour les peaux rapidement irrit\u00e9es.   <\/li>\n<li><span style=\"color: #557e96;\"><strong>Vegan :<\/strong> <\/span>D\u00e9couvrez notre nouvelle cire \u00e0 formule v\u00e9gane, sans ingr\u00e9dients d\u2019origine animale, sans conservateurs, colorants ni parfum. Enrichie en huile de Tamanu aux propri\u00e9t\u00e9s r\u00e9paratrices, apaisantes et purifiantes.   <\/li>\n<\/ul>\n","protected":false},"excerpt":{"rendered":"<p>Pour les cartouches de cire, vous avez besoin d\u2019un chauffe-cartouche et de bandes d\u00e9pilatoires. Choix de : Vanille : Cire sp\u00e9ciale protectrice enrichie en vanille nourrissante. La vanille est r\u00e9put\u00e9e pour apaiser rapidement la peau irrit\u00e9e apr\u00e8s l\u2019\u00e9pilation. Karit\u00e9 : Le beurre de karit\u00e9 est reconnu depuis des si\u00e8cles pour ses propri\u00e9t\u00e9s hydratantes et protectrices. [&hellip;]<\/p>\n","protected":false},"featured_media":51845,"comment_status":"open","ping_status":"closed","template":"","meta":{"_acf_changed":false},"product_brand":[],"product_cat":[4767,4600,1584,5720],"product_tag":[],"class_list":{"0":"post-51853","1":"product","2":"type-product","3":"status-publish","4":"has-post-thumbnail","6":"product_cat-beaute","7":"product_cat-cartouches-de-cire","8":"product_cat-depilation","9":"product_cat-epilation-resine-sucre","10":"pa_kleur-azuleen","11":"pa_kleur-black-charcoal","12":"pa_kleur-chocolate","13":"pa_kleur-coconut","14":"pa_kleur-green","15":"pa_kleur-hyaluronzuur","16":"pa_kleur-karite","17":"pa_kleur-lavendel","18":"pa_kleur-lila","19":"pa_kleur-natural","20":"pa_kleur-olive-oil","21":"pa_kleur-pink-gezicht-lichaam","22":"pa_kleur-strawberry","23":"pa_kleur-tere-huid","24":"pa_kleur-vanille","25":"pa_kleur-vegan","27":"first","28":"instock","29":"taxable","30":"shipping-taxable","31":"product-type-variable"},"acf":[],"_links":{"self":[{"href":"https:\/\/sundar.be\/fr\/wp-json\/wp\/v2\/product\/51853","targetHints":{"allow":["GET"]}}],"collection":[{"href":"https:\/\/sundar.be\/fr\/wp-json\/wp\/v2\/product"}],"about":[{"href":"https:\/\/sundar.be\/fr\/wp-json\/wp\/v2\/types\/product"}],"replies":[{"embeddable":true,"href":"https:\/\/sundar.be\/fr\/wp-json\/wp\/v2\/comments?post=51853"}],"wp:featuredmedia":[{"embeddable":true,"href":"https:\/\/sundar.be\/fr\/wp-json\/wp\/v2\/media\/51845"}],"wp:attachment":[{"href":"https:\/\/sundar.be\/fr\/wp-json\/wp\/v2\/media?parent=51853"}],"wp:term":[{"taxonomy":"product_brand","embeddable":true,"href":"https:\/\/sundar.be\/fr\/wp-json\/wp\/v2\/product_brand?post=51853"},{"taxonomy":"product_cat","embeddable":true,"href":"https:\/\/sundar.be\/fr\/wp-json\/wp\/v2\/product_cat?post=51853"},{"taxonomy":"product_tag","embeddable":true,"href":"https:\/\/sundar.be\/fr\/wp-json\/wp\/v2\/product_tag?post=51853"}],"curies":[{"name":"wp","href":"https:\/\/api.w.org\/{rel}","templated":true}]}}