{"id":51706,"date":"2025-05-22T10:21:45","date_gmt":"2025-05-22T11:03:23","guid":{"rendered":"https:\/\/sundar.be\/product\/sibel-chauffe-compresses-axelle\/"},"modified":"2025-05-22T13:03:23","modified_gmt":"2025-05-22T11:03:23","slug":"sibel-chauffe-compresses-axelle","status":"publish","type":"product","link":"https:\/\/sundar.be\/fr\/produit\/sibel-chauffe-compresses-axelle\/","title":{"rendered":"SIBEL Chauffe-Compresses Axelle"},"content":{"rendered":"<p>Appareil professionnel pour serviettes chaudes, portable ou \u00e0 usage en salon. Capacit\u00e9 : 12 serviettes (format : 20 x 70 cm). Les serviettes n&rsquo;ont pas besoin d\u2019\u00eatre tremp\u00e9es au pr\u00e9alable et sont pr\u00eates \u00e0 l\u2019emploi en 10 minutes. Un outil id\u00e9al pour les soins esth\u00e9tiques. Pince en bois de bambou incluse.    <\/p>\n<p><strong>Caract\u00e9ristiques:<\/strong><\/p>\n<ul>\n<li>Serviettes pr\u00eates en 10 minutes<\/li>\n<li>Aucun trempage pr\u00e9alable n\u00e9cessaire<\/li>\n<li>Capacit\u00e9 de 12 serviettes pour le visage par utilisation<\/li>\n<li>Pince en bois incluse<\/li>\n<li>530W<\/li>\n<li>Serviettes non incluses<\/li>\n<\/ul>\n","protected":false},"excerpt":{"rendered":"<p>Appareil professionnel pour serviettes chaudes, portable ou \u00e0 usage en salon. Capacit\u00e9 : 12 serviettes (format : 20 x 70 cm). Les serviettes n&rsquo;ont pas besoin d\u2019\u00eatre tremp\u00e9es au pr\u00e9alable et sont pr\u00eates \u00e0 l\u2019emploi en 10 minutes. Un outil id\u00e9al pour les soins esth\u00e9tiques. Pince en bois de bambou incluse. Caract\u00e9ristiques: Serviettes pr\u00eates en [&hellip;]<\/p>\n","protected":false},"featured_media":51574,"comment_status":"open","ping_status":"closed","template":"","meta":{"_acf_changed":false},"product_brand":[],"product_cat":[4945,4769,5696,5608,4223],"product_tag":[],"class_list":{"0":"post-51706","1":"product","2":"type-product","3":"status-publish","4":"has-post-thumbnail","6":"product_cat-amenagement-institut-webshop-fr","7":"product_cat-amenagement-appareils","8":"product_cat-armoires-chauffantes-pour-serviettes","9":"product_cat-chauffe-compresses","10":"product_cat-massage-fr-webshop-fr","12":"first","13":"instock","14":"taxable","15":"shipping-taxable","16":"product-type-simple"},"acf":[],"_links":{"self":[{"href":"https:\/\/sundar.be\/fr\/wp-json\/wp\/v2\/product\/51706","targetHints":{"allow":["GET"]}}],"collection":[{"href":"https:\/\/sundar.be\/fr\/wp-json\/wp\/v2\/product"}],"about":[{"href":"https:\/\/sundar.be\/fr\/wp-json\/wp\/v2\/types\/product"}],"replies":[{"embeddable":true,"href":"https:\/\/sundar.be\/fr\/wp-json\/wp\/v2\/comments?post=51706"}],"wp:featuredmedia":[{"embeddable":true,"href":"https:\/\/sundar.be\/fr\/wp-json\/wp\/v2\/media\/51574"}],"wp:attachment":[{"href":"https:\/\/sundar.be\/fr\/wp-json\/wp\/v2\/media?parent=51706"}],"wp:term":[{"taxonomy":"product_brand","embeddable":true,"href":"https:\/\/sundar.be\/fr\/wp-json\/wp\/v2\/product_brand?post=51706"},{"taxonomy":"product_cat","embeddable":true,"href":"https:\/\/sundar.be\/fr\/wp-json\/wp\/v2\/product_cat?post=51706"},{"taxonomy":"product_tag","embeddable":true,"href":"https:\/\/sundar.be\/fr\/wp-json\/wp\/v2\/product_tag?post=51706"}],"curies":[{"name":"wp","href":"https:\/\/api.w.org\/{rel}","templated":true}]}}