{"id":51693,"date":"2025-05-22T12:55:28","date_gmt":"2025-05-22T10:56:28","guid":{"rendered":"https:\/\/sundar.be\/product\/sibel-epil-hair-pro-azulene-800ml\/"},"modified":"2025-05-22T12:56:28","modified_gmt":"2025-05-22T10:56:28","slug":"sibel-epil-hair-pro-azulene-800ml","status":"publish","type":"product","link":"https:\/\/sundar.be\/fr\/produit\/sibel-epil-hair-pro-azulene-800ml\/","title":{"rendered":"Sibel Epil Hair Pro Azul\u00e8ne, 800ml"},"content":{"rendered":"<p>Cette cire pelable est formul\u00e9e avec de l\u2019huile adoucissante \u00e0 l\u2019azul\u00e8ne. Elle apaise les peaux sensibles et offre au client un agr\u00e9able m\u00e9lange aromatique. <\/p>\n<p>Contenance : 800 grammes<\/p>\n<p>Utilisation sans bandes, \u00e0 une temp\u00e9rature de 37 \u00e0 39 \u00b0C<\/p>\n","protected":false},"excerpt":{"rendered":"<p>Cette cire pelable est formul\u00e9e avec de l\u2019huile adoucissante \u00e0 l\u2019azul\u00e8ne. Elle apaise les peaux sensibles et offre au client un agr\u00e9able m\u00e9lange aromatique. Contenance : 800 grammes Utilisation sans bandes, \u00e0 une temp\u00e9rature de 37 \u00e0 39 \u00b0C<\/p>\n","protected":false},"featured_media":51692,"comment_status":"open","ping_status":"closed","template":"","meta":{"_acf_changed":false},"product_brand":[],"product_cat":[4767,1584,5720,5730],"product_tag":[],"class_list":{"0":"post-51693","1":"product","2":"type-product","3":"status-publish","4":"has-post-thumbnail","6":"product_cat-beaute","7":"product_cat-depilation","8":"product_cat-epilation-resine-sucre","9":"product_cat-pots-de-cire","11":"first","12":"instock","13":"taxable","14":"shipping-taxable","15":"product-type-simple"},"acf":[],"_links":{"self":[{"href":"https:\/\/sundar.be\/fr\/wp-json\/wp\/v2\/product\/51693","targetHints":{"allow":["GET"]}}],"collection":[{"href":"https:\/\/sundar.be\/fr\/wp-json\/wp\/v2\/product"}],"about":[{"href":"https:\/\/sundar.be\/fr\/wp-json\/wp\/v2\/types\/product"}],"replies":[{"embeddable":true,"href":"https:\/\/sundar.be\/fr\/wp-json\/wp\/v2\/comments?post=51693"}],"wp:featuredmedia":[{"embeddable":true,"href":"https:\/\/sundar.be\/fr\/wp-json\/wp\/v2\/media\/51692"}],"wp:attachment":[{"href":"https:\/\/sundar.be\/fr\/wp-json\/wp\/v2\/media?parent=51693"}],"wp:term":[{"taxonomy":"product_brand","embeddable":true,"href":"https:\/\/sundar.be\/fr\/wp-json\/wp\/v2\/product_brand?post=51693"},{"taxonomy":"product_cat","embeddable":true,"href":"https:\/\/sundar.be\/fr\/wp-json\/wp\/v2\/product_cat?post=51693"},{"taxonomy":"product_tag","embeddable":true,"href":"https:\/\/sundar.be\/fr\/wp-json\/wp\/v2\/product_tag?post=51693"}],"curies":[{"name":"wp","href":"https:\/\/api.w.org\/{rel}","templated":true}]}}